{"id":5121,"date":"2024-02-07T18:31:47","date_gmt":"2024-02-07T18:31:47","guid":{"rendered":"https:\/\/koraledetale.pl\/?post_type=product&#038;p=5121"},"modified":"2025-05-11T07:42:59","modified_gmt":"2025-05-11T07:42:59","slug":"kolczyki-wiosenne-z-kwarcem-rozowym-ametystem-i-granatem","status":"publish","type":"product","link":"https:\/\/koraledetale.pl\/?product=kolczyki-wiosenne-z-kwarcem-rozowym-ametystem-i-granatem","title":{"rendered":"Kolczyki WIOSENNE z kwarcem r\u00f3\u017cowym, ametystem i granatem"},"content":{"rendered":"<p>Wielko\u015b\u0107 kamieni:<\/p>\n<ul>\n<li>kwarc r\u00f3\u017cowy \u2013 6&#215;6 mm,<\/li>\n<li>ametyst \u2013 10&#215;7 mm<\/li>\n<li>granat \u2013 8&#215;4 mm.<\/li>\n<\/ul>\n<p>D\u0142ugo\u015b\u0107 kolczyk\u00f3w \u2013 3,5 cm.<\/p>\n<p>Wszystkie elementy metalowe wykonane s\u0105 z nieuczulaj\u0105cej stali szlachetnej.<\/p>\n","protected":false},"excerpt":{"rendered":"<p>Kolczyki \u2013 otwarte k\u00f3\u0142ka z cebulk\u0105 r\u00f3\u017cowego kwarcu i \u0142ezkami ametystu oraz granatu.<\/p>\n","protected":false},"featured_media":5120,"comment_status":"open","ping_status":"closed","template":"","meta":{"advanced_seo_description":"","jetpack_seo_html_title":"","jetpack_seo_noindex":false},"product_brand":[],"product_cat":[229],"product_tag":[38,71,528,1235,1877,1669,309,216],"class_list":{"0":"post-5121","1":"product","2":"type-product","3":"status-publish","4":"has-post-thumbnail","6":"product_cat-sprzedane","7":"product_tag-ametyst","8":"product_tag-granat","9":"product_tag-kolczyki-kolka-ze-stali-chirurgicznej","10":"product_tag-kolczyki-kolka-ze-stali-szlachetnej","11":"product_tag-kolczyki-z-ametystem-granatem-i-rozowym-kwarcem","12":"product_tag-kolczyki-z-kolorowymi-kamieniami","13":"product_tag-kolczyki-z-rozowymi-kamieniami","14":"product_tag-kwarc-rozowy","16":"first","17":"outofstock","18":"shipping-taxable","19":"purchasable","20":"product-type-simple"},"jetpack_sharing_enabled":true,"_links":{"self":[{"href":"https:\/\/koraledetale.pl\/index.php?rest_route=\/wp\/v2\/product\/5121","targetHints":{"allow":["GET"]}}],"collection":[{"href":"https:\/\/koraledetale.pl\/index.php?rest_route=\/wp\/v2\/product"}],"about":[{"href":"https:\/\/koraledetale.pl\/index.php?rest_route=\/wp\/v2\/types\/product"}],"replies":[{"embeddable":true,"href":"https:\/\/koraledetale.pl\/index.php?rest_route=%2Fwp%2Fv2%2Fcomments&post=5121"}],"wp:featuredmedia":[{"embeddable":true,"href":"https:\/\/koraledetale.pl\/index.php?rest_route=\/wp\/v2\/media\/5120"}],"wp:attachment":[{"href":"https:\/\/koraledetale.pl\/index.php?rest_route=%2Fwp%2Fv2%2Fmedia&parent=5121"}],"wp:term":[{"taxonomy":"product_brand","embeddable":true,"href":"https:\/\/koraledetale.pl\/index.php?rest_route=%2Fwp%2Fv2%2Fproduct_brand&post=5121"},{"taxonomy":"product_cat","embeddable":true,"href":"https:\/\/koraledetale.pl\/index.php?rest_route=%2Fwp%2Fv2%2Fproduct_cat&post=5121"},{"taxonomy":"product_tag","embeddable":true,"href":"https:\/\/koraledetale.pl\/index.php?rest_route=%2Fwp%2Fv2%2Fproduct_tag&post=5121"}],"curies":[{"name":"wp","href":"https:\/\/api.w.org\/{rel}","templated":true}]}}