{"id":5114,"date":"2024-02-07T14:57:28","date_gmt":"2024-02-07T14:57:28","guid":{"rendered":"https:\/\/koraledetale.pl\/?post_type=product&#038;p=5114"},"modified":"2024-04-12T13:28:38","modified_gmt":"2024-04-12T13:28:38","slug":"kolczyki-z-kwarcem-dymnym-krysztalem-gorskim-i-oliwinem","status":"publish","type":"product","link":"https:\/\/koraledetale.pl\/?product=kolczyki-z-kwarcem-dymnym-krysztalem-gorskim-i-oliwinem","title":{"rendered":"Kolczyki WIOSENNE z kwarcem dymnym, kryszta\u0142em g\u00f3rskim i oliwinem"},"content":{"rendered":"<p>Wielko\u015b\u0107 kamieni:<\/p>\n<ul>\n<li>kwarc dymny \u2013 6x6x3 mm,<\/li>\n<li>kryszta\u0142 g\u00f3rski \u2013 8&#215;4,5 mm<\/li>\n<li>oliwin \u2013 6x3x2,5 mm.<\/li>\n<\/ul>\n<p>D\u0142ugo\u015b\u0107 kolczyk\u00f3w \u2013 3,2 cm.<\/p>\n<p>Wszystkie elementy metalowe wykonane s\u0105 z nieuczulaj\u0105cej stali szlachetnej.<\/p>\n","protected":false},"excerpt":{"rendered":"<p>Kolczyki \u2013 otwarte k\u00f3\u0142ka z \u0142ezk\u0105 kwarcu dymnego, kryszta\u0142u g\u00f3rskiego i oliwinem.<\/p>\n","protected":false},"featured_media":5115,"comment_status":"open","ping_status":"closed","template":"","meta":{"advanced_seo_description":"","jetpack_seo_html_title":"","jetpack_seo_noindex":false},"product_brand":[],"product_cat":[229],"product_tag":[528,1235,1669,385,1876,702,63,30],"class_list":{"0":"post-5114","1":"product","2":"type-product","3":"status-publish","4":"has-post-thumbnail","6":"product_cat-sprzedane","7":"product_tag-kolczyki-kolka-ze-stali-chirurgicznej","8":"product_tag-kolczyki-kolka-ze-stali-szlachetnej","9":"product_tag-kolczyki-z-kolorowymi-kamieniami","10":"product_tag-kolczyki-z-krysztalami","11":"product_tag-kolczyki-z-kwarcem-dymnym-krysztalem-gorskim-i-oliwinem","12":"product_tag-krysztal-gorski","13":"product_tag-kwarc-dymny","14":"product_tag-oliwin","16":"first","17":"outofstock","18":"shipping-taxable","19":"purchasable","20":"product-type-simple"},"jetpack_sharing_enabled":true,"_links":{"self":[{"href":"https:\/\/koraledetale.pl\/index.php?rest_route=\/wp\/v2\/product\/5114","targetHints":{"allow":["GET"]}}],"collection":[{"href":"https:\/\/koraledetale.pl\/index.php?rest_route=\/wp\/v2\/product"}],"about":[{"href":"https:\/\/koraledetale.pl\/index.php?rest_route=\/wp\/v2\/types\/product"}],"replies":[{"embeddable":true,"href":"https:\/\/koraledetale.pl\/index.php?rest_route=%2Fwp%2Fv2%2Fcomments&post=5114"}],"wp:featuredmedia":[{"embeddable":true,"href":"https:\/\/koraledetale.pl\/index.php?rest_route=\/wp\/v2\/media\/5115"}],"wp:attachment":[{"href":"https:\/\/koraledetale.pl\/index.php?rest_route=%2Fwp%2Fv2%2Fmedia&parent=5114"}],"wp:term":[{"taxonomy":"product_brand","embeddable":true,"href":"https:\/\/koraledetale.pl\/index.php?rest_route=%2Fwp%2Fv2%2Fproduct_brand&post=5114"},{"taxonomy":"product_cat","embeddable":true,"href":"https:\/\/koraledetale.pl\/index.php?rest_route=%2Fwp%2Fv2%2Fproduct_cat&post=5114"},{"taxonomy":"product_tag","embeddable":true,"href":"https:\/\/koraledetale.pl\/index.php?rest_route=%2Fwp%2Fv2%2Fproduct_tag&post=5114"}],"curies":[{"name":"wp","href":"https:\/\/api.w.org\/{rel}","templated":true}]}}