{"id":5110,"date":"2024-02-06T10:55:54","date_gmt":"2024-02-06T10:55:54","guid":{"rendered":"https:\/\/koraledetale.pl\/?post_type=product&#038;p=5110"},"modified":"2025-10-13T07:53:06","modified_gmt":"2025-10-13T07:53:06","slug":"bransoletka-bogini-lutowa-z-fosfosyderytami-i-howlitami","status":"publish","type":"product","link":"https:\/\/koraledetale.pl\/?product=bransoletka-bogini-lutowa-z-fosfosyderytami-i-howlitami","title":{"rendered":"Bransoletka BOGINI LUTOWA z fosfosyderytami i howlitami"},"content":{"rendered":"<p>Wielko\u015b\u0107 kamieni:<\/p>\n<ul>\n<li>fosfosyderyt \u2013 2 mm,<\/li>\n<li>howlit \u2013 2 mm,<\/li>\n<li>hematyt \u2013 2 mm.<\/li>\n<\/ul>\n<p>D\u0142ugo\u015b\u0107 bransoletki: 15,7 \u2013 18,3 cm.<\/p>\n<p>Wszystkie elementy metalowe wykonane s\u0105 z nieuczulaj\u0105cej stali szlachetnej.<\/p>\n","protected":false},"excerpt":{"rendered":"<p>Bransoletka z drobnych, fasetowanych fosfosyderyt\u00f3w, przeplatanych z\u0142otymi hematytami i howlitami turkusowymi, z malutk\u0105 zawieszk\u0105 \u2013 gwiazd\u0105 oraz chwo\u015bcikiem przy przed\u0142u\u017cce. Kamienie zasupe\u0142kowane s\u0105 na mocnej, zielonej nici jubilerskiej.<\/p>\n","protected":false},"featured_media":5109,"comment_status":"open","ping_status":"closed","template":"","meta":{"advanced_seo_description":"","jetpack_seo_html_title":"","jetpack_seo_noindex":false},"product_brand":[],"product_cat":[229],"product_tag":[889,1875,80,237,212,241,463,31],"class_list":{"0":"post-5110","1":"product","2":"type-product","3":"status-publish","4":"has-post-thumbnail","6":"product_cat-sprzedane","7":"product_tag-bransoletka-z-drobnymi-kamieniami","8":"product_tag-bransoletka-z-fosfosyderytami-i-howlitami","9":"product_tag-bransoletka-z-kamieniami-naturalnymi","10":"product_tag-bransoletka-z-kolorowymi-kamieniami","11":"product_tag-bransoletka-z-rozowymi-kamieniami","12":"product_tag-fosfosyderyt","13":"product_tag-howlit-turkusowy","14":"product_tag-zloty-hematyt","16":"first","17":"outofstock","18":"shipping-taxable","19":"product-type-simple"},"jetpack_sharing_enabled":true,"_links":{"self":[{"href":"https:\/\/koraledetale.pl\/index.php?rest_route=\/wp\/v2\/product\/5110","targetHints":{"allow":["GET"]}}],"collection":[{"href":"https:\/\/koraledetale.pl\/index.php?rest_route=\/wp\/v2\/product"}],"about":[{"href":"https:\/\/koraledetale.pl\/index.php?rest_route=\/wp\/v2\/types\/product"}],"replies":[{"embeddable":true,"href":"https:\/\/koraledetale.pl\/index.php?rest_route=%2Fwp%2Fv2%2Fcomments&post=5110"}],"wp:featuredmedia":[{"embeddable":true,"href":"https:\/\/koraledetale.pl\/index.php?rest_route=\/wp\/v2\/media\/5109"}],"wp:attachment":[{"href":"https:\/\/koraledetale.pl\/index.php?rest_route=%2Fwp%2Fv2%2Fmedia&parent=5110"}],"wp:term":[{"taxonomy":"product_brand","embeddable":true,"href":"https:\/\/koraledetale.pl\/index.php?rest_route=%2Fwp%2Fv2%2Fproduct_brand&post=5110"},{"taxonomy":"product_cat","embeddable":true,"href":"https:\/\/koraledetale.pl\/index.php?rest_route=%2Fwp%2Fv2%2Fproduct_cat&post=5110"},{"taxonomy":"product_tag","embeddable":true,"href":"https:\/\/koraledetale.pl\/index.php?rest_route=%2Fwp%2Fv2%2Fproduct_tag&post=5110"}],"curies":[{"name":"wp","href":"https:\/\/api.w.org\/{rel}","templated":true}]}}