{"id":5102,"date":"2024-02-04T11:57:07","date_gmt":"2024-02-04T11:57:07","guid":{"rendered":"https:\/\/koraledetale.pl\/?post_type=product&#038;p=5102"},"modified":"2024-02-20T07:13:11","modified_gmt":"2024-02-20T07:13:11","slug":"bransoletka-drzewo-zycia-z-agatami-i-obsydanami","status":"publish","type":"product","link":"https:\/\/koraledetale.pl\/?product=bransoletka-drzewo-zycia-z-agatami-i-obsydanami","title":{"rendered":"Bransoletka DRZEWO \u017bYCIA z agatami i obsydanami"},"content":{"rendered":"<p>Wielko\u015b\u0107 kamieni:<\/p>\n<ul>\n<li>agat \u2013 2 mm,<\/li>\n<li>kwarc dymny &#8211; 2,5 mm,<\/li>\n<li>hematyt \u2013 2,5 mm.<\/li>\n<\/ul>\n<p>D\u0142ugo\u015b\u0107 bransoletki: 17-20 cm.<\/p>\n<p>Wszystkie elementy metalowe wykonane s\u0105 z nieuczulaj\u0105cej stali chirurgicznej (szlachetnej).<\/p>\n","protected":false},"excerpt":{"rendered":"<p>Bransoletka z drobnymi be\u017cowo-szarymi agatami, przeplatanymi kwarcami dymnymi i z\u0142otymi hematytami, zasup\u0142anymi na mocnej nici jubilerskiej, z zawieszk\u0105 \u2013 drzewem \u017cycia.<\/p>\n","protected":false},"featured_media":5092,"comment_status":"open","ping_status":"closed","template":"","meta":{"advanced_seo_description":"","jetpack_seo_html_title":"","jetpack_seo_noindex":false},"product_brand":[],"product_cat":[229],"product_tag":[127,1873,1874,889,1869,1872,633,63],"class_list":{"0":"post-5102","1":"product","2":"type-product","3":"status-publish","4":"has-post-thumbnail","6":"product_cat-sprzedane","7":"product_tag-agat","8":"product_tag-bransoletka-z-agatami-i-kwarcem-dymnym","9":"product_tag-bransoletka-z-bezowymi-kamieniami","10":"product_tag-bransoletka-z-drobnymi-kamieniami","11":"product_tag-bransoletka-z-drzewem-zycia-i-kamieniami-naturalnymi","12":"product_tag-bransoletka-z-jasnymi-kamieniami","13":"product_tag-drzewo-zycia","14":"product_tag-kwarc-dymny","16":"first","17":"outofstock","18":"shipping-taxable","19":"purchasable","20":"product-type-simple"},"jetpack_sharing_enabled":true,"_links":{"self":[{"href":"https:\/\/koraledetale.pl\/index.php?rest_route=\/wp\/v2\/product\/5102","targetHints":{"allow":["GET"]}}],"collection":[{"href":"https:\/\/koraledetale.pl\/index.php?rest_route=\/wp\/v2\/product"}],"about":[{"href":"https:\/\/koraledetale.pl\/index.php?rest_route=\/wp\/v2\/types\/product"}],"replies":[{"embeddable":true,"href":"https:\/\/koraledetale.pl\/index.php?rest_route=%2Fwp%2Fv2%2Fcomments&post=5102"}],"wp:featuredmedia":[{"embeddable":true,"href":"https:\/\/koraledetale.pl\/index.php?rest_route=\/wp\/v2\/media\/5092"}],"wp:attachment":[{"href":"https:\/\/koraledetale.pl\/index.php?rest_route=%2Fwp%2Fv2%2Fmedia&parent=5102"}],"wp:term":[{"taxonomy":"product_brand","embeddable":true,"href":"https:\/\/koraledetale.pl\/index.php?rest_route=%2Fwp%2Fv2%2Fproduct_brand&post=5102"},{"taxonomy":"product_cat","embeddable":true,"href":"https:\/\/koraledetale.pl\/index.php?rest_route=%2Fwp%2Fv2%2Fproduct_cat&post=5102"},{"taxonomy":"product_tag","embeddable":true,"href":"https:\/\/koraledetale.pl\/index.php?rest_route=%2Fwp%2Fv2%2Fproduct_tag&post=5102"}],"curies":[{"name":"wp","href":"https:\/\/api.w.org\/{rel}","templated":true}]}}