{"id":5100,"date":"2024-02-04T11:46:05","date_gmt":"2024-02-04T11:46:05","guid":{"rendered":"https:\/\/koraledetale.pl\/?post_type=product&#038;p=5100"},"modified":"2025-09-29T06:01:51","modified_gmt":"2025-09-29T06:01:51","slug":"bransoletka-drzewo-zycia-z-obsydianami-i-agatami","status":"publish","type":"product","link":"https:\/\/koraledetale.pl\/?product=bransoletka-drzewo-zycia-z-obsydianami-i-agatami","title":{"rendered":"Bransoletka DRZEWO \u017bYCIA z obsydianami i agatami"},"content":{"rendered":"<p style=\"text-align: left;\">Wielko\u015b\u0107 kamieni:<\/p>\n<ul>\n<li>obsydian \u2013 2 mm,<\/li>\n<li>agat \u2013 2 mm,<\/li>\n<li>hematyt \u2013 2,5 mm.<\/li>\n<\/ul>\n<p>D\u0142ugo\u015b\u0107 bransoletki: 16,8 &#8211; 19,8 cm.<\/p>\n<p>Wszystkie elementy metalowe wykonane s\u0105 z nieuczulaj\u0105cej stali chirurgicznej (szlachetnej).<\/p>\n","protected":false},"excerpt":{"rendered":"<p>Bransoletka z drobnych obsydian\u00f3w srebrzystych z dodatkiem be\u017cowo-szarych agat\u00f3w i z\u0142otych hematyt\u00f3w, zasup\u0142anych na mocnej nici jubilerskiej, z zawieszk\u0105 \u2013 drzewem \u017cycia.<\/p>\n","protected":false},"featured_media":6142,"comment_status":"open","ping_status":"closed","template":"","meta":{"advanced_seo_description":"","jetpack_seo_html_title":"","jetpack_seo_noindex":false},"product_brand":[],"product_cat":[229],"product_tag":[127,1871,889,1872,1870,633,1853,31],"class_list":{"0":"post-5100","1":"product","2":"type-product","3":"status-publish","4":"has-post-thumbnail","6":"product_cat-sprzedane","7":"product_tag-agat","8":"product_tag-bransoletka-kamieniami-naturalnymi-i-drzewem-zycia","9":"product_tag-bransoletka-z-drobnymi-kamieniami","10":"product_tag-bransoletka-z-jasnymi-kamieniami","11":"product_tag-bransoletka-z-obsydianami-i-agatami","12":"product_tag-drzewo-zycia","13":"product_tag-obsydian-srebrzysty","14":"product_tag-zloty-hematyt","16":"first","17":"outofstock","18":"shipping-taxable","19":"purchasable","20":"product-type-simple"},"jetpack_sharing_enabled":true,"_links":{"self":[{"href":"https:\/\/koraledetale.pl\/index.php?rest_route=\/wp\/v2\/product\/5100","targetHints":{"allow":["GET"]}}],"collection":[{"href":"https:\/\/koraledetale.pl\/index.php?rest_route=\/wp\/v2\/product"}],"about":[{"href":"https:\/\/koraledetale.pl\/index.php?rest_route=\/wp\/v2\/types\/product"}],"replies":[{"embeddable":true,"href":"https:\/\/koraledetale.pl\/index.php?rest_route=%2Fwp%2Fv2%2Fcomments&post=5100"}],"wp:featuredmedia":[{"embeddable":true,"href":"https:\/\/koraledetale.pl\/index.php?rest_route=\/wp\/v2\/media\/6142"}],"wp:attachment":[{"href":"https:\/\/koraledetale.pl\/index.php?rest_route=%2Fwp%2Fv2%2Fmedia&parent=5100"}],"wp:term":[{"taxonomy":"product_brand","embeddable":true,"href":"https:\/\/koraledetale.pl\/index.php?rest_route=%2Fwp%2Fv2%2Fproduct_brand&post=5100"},{"taxonomy":"product_cat","embeddable":true,"href":"https:\/\/koraledetale.pl\/index.php?rest_route=%2Fwp%2Fv2%2Fproduct_cat&post=5100"},{"taxonomy":"product_tag","embeddable":true,"href":"https:\/\/koraledetale.pl\/index.php?rest_route=%2Fwp%2Fv2%2Fproduct_tag&post=5100"}],"curies":[{"name":"wp","href":"https:\/\/api.w.org\/{rel}","templated":true}]}}