{"id":5082,"date":"2024-02-03T12:12:16","date_gmt":"2024-02-03T12:12:16","guid":{"rendered":"https:\/\/koraledetale.pl\/?post_type=product&#038;p=5082"},"modified":"2024-03-13T11:07:39","modified_gmt":"2024-03-13T11:07:39","slug":"bransoletka-drzewo-zycia-z-granatami-i-lepidolitem","status":"publish","type":"product","link":"https:\/\/koraledetale.pl\/?product=bransoletka-drzewo-zycia-z-granatami-i-lepidolitem","title":{"rendered":"Bransoletka DRZEWO \u017bYCIA z granatami i lepidolitem"},"content":{"rendered":"<p>Wielko\u015b\u0107 kamieni:<\/p>\n<ul>\n<li>granat \u2013 3,5 mm,<\/li>\n<li>lepidolit \u2013 4,5 mm,<\/li>\n<li>hematyt \u2013 2,5 mm.<\/li>\n<\/ul>\n<p>D\u0142ugo\u015b\u0107 bransoletki: 16,5 &#8211; 19,5 cm.<\/p>\n<p>Wszystkie elementy metalowe wykonane s\u0105 z nieuczulaj\u0105cej stali chirurgicznej (szlachetnej).<\/p>\n","protected":false},"excerpt":{"rendered":"<p>Bransoletka z fasetowanych granat\u00f3w, z dodatkiem z\u0142otych hematyt\u00f3w i pojedynczego lepidolitu, zasup\u0142anych na r\u00f3\u017cowej, mocnej nici jubilerskiej, z zawieszk\u0105 \u2013 drzewem \u017cycia oraz r\u00f3\u017cowymi chwo\u015bcikami.<\/p>\n","protected":false},"featured_media":5085,"comment_status":"open","ping_status":"closed","template":"","meta":{"advanced_seo_description":"","jetpack_seo_html_title":"","jetpack_seo_noindex":false},"product_brand":[],"product_cat":[229],"product_tag":[1866,1865,80,633,71,1215,31],"class_list":{"0":"post-5082","1":"product","2":"type-product","3":"status-publish","4":"has-post-thumbnail","6":"product_cat-sprzedane","7":"product_tag-bransoletka-z-granatami-i-drzewem-zycia","8":"product_tag-bransoletka-z-granatami-i-lepidolitem","9":"product_tag-bransoletka-z-kamieniami-naturalnymi","10":"product_tag-drzewo-zycia","11":"product_tag-granat","12":"product_tag-lepidolit","13":"product_tag-zloty-hematyt","15":"first","16":"outofstock","17":"shipping-taxable","18":"purchasable","19":"product-type-simple"},"jetpack_sharing_enabled":true,"_links":{"self":[{"href":"https:\/\/koraledetale.pl\/index.php?rest_route=\/wp\/v2\/product\/5082","targetHints":{"allow":["GET"]}}],"collection":[{"href":"https:\/\/koraledetale.pl\/index.php?rest_route=\/wp\/v2\/product"}],"about":[{"href":"https:\/\/koraledetale.pl\/index.php?rest_route=\/wp\/v2\/types\/product"}],"replies":[{"embeddable":true,"href":"https:\/\/koraledetale.pl\/index.php?rest_route=%2Fwp%2Fv2%2Fcomments&post=5082"}],"wp:featuredmedia":[{"embeddable":true,"href":"https:\/\/koraledetale.pl\/index.php?rest_route=\/wp\/v2\/media\/5085"}],"wp:attachment":[{"href":"https:\/\/koraledetale.pl\/index.php?rest_route=%2Fwp%2Fv2%2Fmedia&parent=5082"}],"wp:term":[{"taxonomy":"product_brand","embeddable":true,"href":"https:\/\/koraledetale.pl\/index.php?rest_route=%2Fwp%2Fv2%2Fproduct_brand&post=5082"},{"taxonomy":"product_cat","embeddable":true,"href":"https:\/\/koraledetale.pl\/index.php?rest_route=%2Fwp%2Fv2%2Fproduct_cat&post=5082"},{"taxonomy":"product_tag","embeddable":true,"href":"https:\/\/koraledetale.pl\/index.php?rest_route=%2Fwp%2Fv2%2Fproduct_tag&post=5082"}],"curies":[{"name":"wp","href":"https:\/\/api.w.org\/{rel}","templated":true}]}}