{"id":5070,"date":"2024-02-01T11:08:04","date_gmt":"2024-02-01T11:08:04","guid":{"rendered":"https:\/\/koraledetale.pl\/?post_type=product&#038;p=5070"},"modified":"2025-10-13T07:52:40","modified_gmt":"2025-10-13T07:52:40","slug":"bransoletka-bogini-lutowa-z-granatami-i-malachitami","status":"publish","type":"product","link":"https:\/\/koraledetale.pl\/?product=bransoletka-bogini-lutowa-z-granatami-i-malachitami","title":{"rendered":"Bransoletka BOGINI LUTOWA z granatami i malachitami"},"content":{"rendered":"<p>Wielko\u015b\u0107 kamieni:<\/p>\n<ul>\n<li>granat \u2013 2 mm,<\/li>\n<li>malachit &#8211; 2 mm,<\/li>\n<li>hematyt \u2013 2 mm.<\/li>\n<\/ul>\n<p>D\u0142ugo\u015b\u0107 bransoletki: 15,5 \u2013 18 cm.<\/p>\n<p>Wszystkie elementy metalowe wykonane s\u0105 z nieuczulaj\u0105cej stali szlachetnej.<\/p>\n","protected":false},"excerpt":{"rendered":"<p>Bransoletka z drobnych, fasetowanych hessonit\u00f3w (pomara\u0144czowa odmiana granat\u00f3w), przeplatanych z\u0142otymi hematytami i malachitami, z malutk\u0105 zawieszk\u0105 &#8211; gwiazd\u0105\/s\u0142o\u0144cem oraz chwo\u015bcikiem przy przed\u0142u\u017cce. Kamienie zasupe\u0142kowane s\u0105 na mocnej nici jubilerskiej dobranej do barwy malachit\u00f3w.<\/p>\n","protected":false},"featured_media":5064,"comment_status":"open","ping_status":"closed","template":"","meta":{"advanced_seo_description":"","jetpack_seo_html_title":"","jetpack_seo_noindex":false},"product_brand":[],"product_cat":[229],"product_tag":[79,1859,1860,80,1861,71,831,158,31],"class_list":{"0":"post-5070","1":"product","2":"type-product","3":"status-publish","4":"has-post-thumbnail","6":"product_cat-sprzedane","7":"product_tag-bransoletka-z-drobnych-kamieni","8":"product_tag-bransoletka-z-granatow-i-malachitow","9":"product_tag-bransoletka-z-hessonitami-i-malachitami","10":"product_tag-bransoletka-z-kamieniami-naturalnymi","11":"product_tag-bransoletka-z-pomaranczowymi-i-zielonymi-kamieniami","12":"product_tag-granat","13":"product_tag-hessonit","14":"product_tag-malachit","15":"product_tag-zloty-hematyt","17":"first","18":"outofstock","19":"shipping-taxable","20":"product-type-simple"},"jetpack_sharing_enabled":true,"_links":{"self":[{"href":"https:\/\/koraledetale.pl\/index.php?rest_route=\/wp\/v2\/product\/5070","targetHints":{"allow":["GET"]}}],"collection":[{"href":"https:\/\/koraledetale.pl\/index.php?rest_route=\/wp\/v2\/product"}],"about":[{"href":"https:\/\/koraledetale.pl\/index.php?rest_route=\/wp\/v2\/types\/product"}],"replies":[{"embeddable":true,"href":"https:\/\/koraledetale.pl\/index.php?rest_route=%2Fwp%2Fv2%2Fcomments&post=5070"}],"wp:featuredmedia":[{"embeddable":true,"href":"https:\/\/koraledetale.pl\/index.php?rest_route=\/wp\/v2\/media\/5064"}],"wp:attachment":[{"href":"https:\/\/koraledetale.pl\/index.php?rest_route=%2Fwp%2Fv2%2Fmedia&parent=5070"}],"wp:term":[{"taxonomy":"product_brand","embeddable":true,"href":"https:\/\/koraledetale.pl\/index.php?rest_route=%2Fwp%2Fv2%2Fproduct_brand&post=5070"},{"taxonomy":"product_cat","embeddable":true,"href":"https:\/\/koraledetale.pl\/index.php?rest_route=%2Fwp%2Fv2%2Fproduct_cat&post=5070"},{"taxonomy":"product_tag","embeddable":true,"href":"https:\/\/koraledetale.pl\/index.php?rest_route=%2Fwp%2Fv2%2Fproduct_tag&post=5070"}],"curies":[{"name":"wp","href":"https:\/\/api.w.org\/{rel}","templated":true}]}}