{"id":5057,"date":"2024-01-31T15:34:23","date_gmt":"2024-01-31T15:34:23","guid":{"rendered":"https:\/\/koraledetale.pl\/?post_type=product&#038;p=5057"},"modified":"2024-11-23T18:30:02","modified_gmt":"2024-11-23T18:30:02","slug":"naszyjnik-hipnoza-z-hematytami","status":"publish","type":"product","link":"https:\/\/koraledetale.pl\/?product=naszyjnik-hipnoza-z-hematytami","title":{"rendered":"Naszyjnik HIPNOZA z hematytami"},"content":{"rendered":"<p>Wielko\u015b\u0107 hematyt\u00f3w \u2013 4 mm i 3,5 mm.<\/p>\n<p>D\u0142ugo\u015b\u0107 naszyjnika \u2013 72 cm + zawieszka \u2013 3 cm.<\/p>\n<p>Wszystkie elementy metalowe wykonane s\u0105 ze stali chirurgicznej (szlachetnej).<\/p>\n","protected":false},"excerpt":{"rendered":"<p>D\u0142ugi naszyjnik z fasetowanych, grafitowych i g\u0142adkich, z\u0142otych hematyt\u00f3w, zasup\u0142anych na czarnej, mocnej nitce jubilerskiej, z hipnotyczn\u0105 zawieszk\u0105 &#8211; ksi\u0119\u017cycem.<\/p>\n","protected":false},"featured_media":5059,"comment_status":"open","ping_status":"closed","template":"","meta":{"advanced_seo_description":"","jetpack_seo_html_title":"","jetpack_seo_noindex":false},"product_brand":[],"product_cat":[229],"product_tag":[1855,580,501,1857,1856,72,31],"class_list":{"0":"post-5057","1":"product","2":"type-product","3":"status-publish","4":"has-post-thumbnail","6":"product_cat-sprzedane","7":"product_tag-dlugi-naszyjnik-z-hematytami","8":"product_tag-grafitowy-hematyt","9":"product_tag-ksiezyc","10":"product_tag-naszyjnik-z-grafitowymi-kamieniami","11":"product_tag-naszyjnik-z-ksiezycem-i-hematytami","12":"product_tag-zawieszka","13":"product_tag-zloty-hematyt","15":"first","16":"outofstock","17":"shipping-taxable","18":"purchasable","19":"product-type-simple"},"jetpack_sharing_enabled":true,"_links":{"self":[{"href":"https:\/\/koraledetale.pl\/index.php?rest_route=\/wp\/v2\/product\/5057","targetHints":{"allow":["GET"]}}],"collection":[{"href":"https:\/\/koraledetale.pl\/index.php?rest_route=\/wp\/v2\/product"}],"about":[{"href":"https:\/\/koraledetale.pl\/index.php?rest_route=\/wp\/v2\/types\/product"}],"replies":[{"embeddable":true,"href":"https:\/\/koraledetale.pl\/index.php?rest_route=%2Fwp%2Fv2%2Fcomments&post=5057"}],"wp:featuredmedia":[{"embeddable":true,"href":"https:\/\/koraledetale.pl\/index.php?rest_route=\/wp\/v2\/media\/5059"}],"wp:attachment":[{"href":"https:\/\/koraledetale.pl\/index.php?rest_route=%2Fwp%2Fv2%2Fmedia&parent=5057"}],"wp:term":[{"taxonomy":"product_brand","embeddable":true,"href":"https:\/\/koraledetale.pl\/index.php?rest_route=%2Fwp%2Fv2%2Fproduct_brand&post=5057"},{"taxonomy":"product_cat","embeddable":true,"href":"https:\/\/koraledetale.pl\/index.php?rest_route=%2Fwp%2Fv2%2Fproduct_cat&post=5057"},{"taxonomy":"product_tag","embeddable":true,"href":"https:\/\/koraledetale.pl\/index.php?rest_route=%2Fwp%2Fv2%2Fproduct_tag&post=5057"}],"curies":[{"name":"wp","href":"https:\/\/api.w.org\/{rel}","templated":true}]}}