{"id":5053,"date":"2024-01-30T11:25:28","date_gmt":"2024-01-30T11:25:28","guid":{"rendered":"https:\/\/koraledetale.pl\/?post_type=product&#038;p=5053"},"modified":"2024-02-09T18:54:49","modified_gmt":"2024-02-09T18:54:49","slug":"bransoletka-kocica-ii-z-turmalinami","status":"publish","type":"product","link":"https:\/\/koraledetale.pl\/?product=bransoletka-kocica-ii-z-turmalinami","title":{"rendered":"Bransoletka KOCICA II z turmalinami"},"content":{"rendered":"<p>Wielko\u015b\u0107 kamieni:<\/p>\n<ul>\n<li>turmalin \u2013 3,5 mm i 4\u00d72 mm (pastylka),<\/li>\n<li>hematyt \u2013 3,5\u00d72,5 mm, 3 mm, 2 mm i 2,5\u00d72,5 mm.<\/li>\n<\/ul>\n<p>D\u0142ugo\u015b\u0107 bransoletki: 17-20 cm.<\/p>\n<p>Elementy metalowe wykonane s\u0105 z nieuczulaj\u0105cej stali chirurgicznej (szlachetnej).<\/p>\n","protected":false},"excerpt":{"rendered":"<p>Bransoletka z fasetowanych turmalin\u00f3w i z\u0142otych hematyt\u00f3w o r\u00f3\u017cnych kszta\u0142tach, z niewielk\u0105 zawieszk\u0105 \u2013 pastylk\u0105 pomara\u0144czowego turmalinu oraz b\u0142\u0119kitn\u0105 pastylk\u0105 wplecion\u0105 po boku.<\/p>\n","protected":false},"featured_media":5045,"comment_status":"open","ping_status":"closed","template":"","meta":{"advanced_seo_description":"","jetpack_seo_html_title":"","jetpack_seo_noindex":false},"product_brand":[],"product_cat":[229],"product_tag":[859,80,237,233,288,1854,31],"class_list":{"0":"post-5053","1":"product","2":"type-product","3":"status-publish","4":"has-post-thumbnail","6":"product_cat-sprzedane","7":"product_tag-bransoletka-z-czarnymi-turmalinami","8":"product_tag-bransoletka-z-kamieniami-naturalnymi","9":"product_tag-bransoletka-z-kolorowymi-kamieniami","10":"product_tag-bransoletka-z-kolorowymi-turmalinami","11":"product_tag-czarny-turmalin","12":"product_tag-kolorowy-turmalin","13":"product_tag-zloty-hematyt","15":"first","16":"outofstock","17":"shipping-taxable","18":"purchasable","19":"product-type-simple"},"jetpack_sharing_enabled":true,"_links":{"self":[{"href":"https:\/\/koraledetale.pl\/index.php?rest_route=\/wp\/v2\/product\/5053","targetHints":{"allow":["GET"]}}],"collection":[{"href":"https:\/\/koraledetale.pl\/index.php?rest_route=\/wp\/v2\/product"}],"about":[{"href":"https:\/\/koraledetale.pl\/index.php?rest_route=\/wp\/v2\/types\/product"}],"replies":[{"embeddable":true,"href":"https:\/\/koraledetale.pl\/index.php?rest_route=%2Fwp%2Fv2%2Fcomments&post=5053"}],"wp:featuredmedia":[{"embeddable":true,"href":"https:\/\/koraledetale.pl\/index.php?rest_route=\/wp\/v2\/media\/5045"}],"wp:attachment":[{"href":"https:\/\/koraledetale.pl\/index.php?rest_route=%2Fwp%2Fv2%2Fmedia&parent=5053"}],"wp:term":[{"taxonomy":"product_brand","embeddable":true,"href":"https:\/\/koraledetale.pl\/index.php?rest_route=%2Fwp%2Fv2%2Fproduct_brand&post=5053"},{"taxonomy":"product_cat","embeddable":true,"href":"https:\/\/koraledetale.pl\/index.php?rest_route=%2Fwp%2Fv2%2Fproduct_cat&post=5053"},{"taxonomy":"product_tag","embeddable":true,"href":"https:\/\/koraledetale.pl\/index.php?rest_route=%2Fwp%2Fv2%2Fproduct_tag&post=5053"}],"curies":[{"name":"wp","href":"https:\/\/api.w.org\/{rel}","templated":true}]}}