{"id":5052,"date":"2024-01-30T11:20:41","date_gmt":"2024-01-30T11:20:41","guid":{"rendered":"https:\/\/koraledetale.pl\/?post_type=product&#038;p=5052"},"modified":"2024-02-06T17:51:27","modified_gmt":"2024-02-06T17:51:27","slug":"naszyjnik-kocica-ii-z-turmalinami","status":"publish","type":"product","link":"https:\/\/koraledetale.pl\/?product=naszyjnik-kocica-ii-z-turmalinami","title":{"rendered":"Naszyjnik KOCICA II z turmalinami"},"content":{"rendered":"<p>Wielko\u015b\u0107 kamieni:<\/p>\n<ul>\n<li>turmalin \u2013 3,5 mm i 4\u00d72 mm (pastylka),<\/li>\n<li>hematyt \u2013 3,5\u00d72,5 mm, 3 mm, 2 mm i 2,5\u00d72,5 mm.<\/li>\n<\/ul>\n<p>D\u0142ugo\u015b\u0107 naszyjnika:43 &#8211; 47,5 cm.<\/p>\n<p>Elementy metalowe wykonane s\u0105 z nieuczulaj\u0105cej stali chirurgicznej (szlachetnej).<\/p>\n","protected":false},"excerpt":{"rendered":"<p>Naszyjnik z fasetowanych turmalin\u00f3w i z\u0142otych hematyt\u00f3w o r\u00f3\u017cnych kszta\u0142tach, z niewielk\u0105 zawieszk\u0105 \u2013 pastylk\u0105 b\u0142\u0119kitno-r\u00f3\u017cowego turmalinu oraz r\u00f3\u017cow\u0105 pastylk\u0105 wplecion\u0105 po boku naszyjnika.<\/p>\n","protected":false},"featured_media":5050,"comment_status":"open","ping_status":"closed","template":"","meta":{"advanced_seo_description":"","jetpack_seo_html_title":"","jetpack_seo_noindex":false},"product_brand":[],"product_cat":[229],"product_tag":[288,1854,1223,66,187,1767,31],"class_list":{"0":"post-5052","1":"product","2":"type-product","3":"status-publish","4":"has-post-thumbnail","6":"product_cat-sprzedane","7":"product_tag-czarny-turmalin","8":"product_tag-kolorowy-turmalin","9":"product_tag-naszyjnik-z-czarnymi-turmalinami","10":"product_tag-naszyjnik-z-kamieniami-naturalnymi","11":"product_tag-naszyjnik-z-kolorowymi-kamieniami","12":"product_tag-naszyjnik-z-kolorowymi-turmalinami","13":"product_tag-zloty-hematyt","15":"first","16":"outofstock","17":"shipping-taxable","18":"purchasable","19":"product-type-simple"},"jetpack_sharing_enabled":true,"_links":{"self":[{"href":"https:\/\/koraledetale.pl\/index.php?rest_route=\/wp\/v2\/product\/5052","targetHints":{"allow":["GET"]}}],"collection":[{"href":"https:\/\/koraledetale.pl\/index.php?rest_route=\/wp\/v2\/product"}],"about":[{"href":"https:\/\/koraledetale.pl\/index.php?rest_route=\/wp\/v2\/types\/product"}],"replies":[{"embeddable":true,"href":"https:\/\/koraledetale.pl\/index.php?rest_route=%2Fwp%2Fv2%2Fcomments&post=5052"}],"wp:featuredmedia":[{"embeddable":true,"href":"https:\/\/koraledetale.pl\/index.php?rest_route=\/wp\/v2\/media\/5050"}],"wp:attachment":[{"href":"https:\/\/koraledetale.pl\/index.php?rest_route=%2Fwp%2Fv2%2Fmedia&parent=5052"}],"wp:term":[{"taxonomy":"product_brand","embeddable":true,"href":"https:\/\/koraledetale.pl\/index.php?rest_route=%2Fwp%2Fv2%2Fproduct_brand&post=5052"},{"taxonomy":"product_cat","embeddable":true,"href":"https:\/\/koraledetale.pl\/index.php?rest_route=%2Fwp%2Fv2%2Fproduct_cat&post=5052"},{"taxonomy":"product_tag","embeddable":true,"href":"https:\/\/koraledetale.pl\/index.php?rest_route=%2Fwp%2Fv2%2Fproduct_tag&post=5052"}],"curies":[{"name":"wp","href":"https:\/\/api.w.org\/{rel}","templated":true}]}}