{"id":5017,"date":"2024-01-23T16:29:11","date_gmt":"2024-01-23T16:29:11","guid":{"rendered":"https:\/\/koraledetale.pl\/?post_type=product&#038;p=5017"},"modified":"2024-11-07T17:07:04","modified_gmt":"2024-11-07T17:07:04","slug":"bransoletka-aquarius-z-akwamarynami-i-szafirami-wersja-zlota","status":"publish","type":"product","link":"https:\/\/koraledetale.pl\/?product=bransoletka-aquarius-z-akwamarynami-i-szafirami-wersja-zlota","title":{"rendered":"Bransoletka AQUARIUS z akwamarynami i szafirami \u2013 wersja z\u0142ota"},"content":{"rendered":"<p>Wielko\u015b\u0107 kamieni:<\/p>\n<ul>\n<li>akwamaryn \u2013 3,5 mm,<\/li>\n<li>szafir \u2013 3,5 mm,<\/li>\n<li>hematyt \u2013 4\u00d72 i 2,5 mm.<\/li>\n<\/ul>\n<p>D\u0142ugo\u015b\u0107 bransoletki: 16,5-19,5 cm.<\/p>\n<p>Wszystkie elementy metalowe wykonane s\u0105 z nieuczulaj\u0105cej stali szlachetnej.<\/p>\n","protected":false},"excerpt":{"rendered":"<p>Podw\u00f3jna bransoletka z \u0142a\u0144cuszkiem z kuleczkami oraz sznurem akwamaryn\u00f3w z wplecionymi szafirami i z\u0142otymi hematytami. Kamienie zasupe\u0142kowane s\u0105 na mocnej nici jubilerskiej.<\/p>\n","protected":false},"featured_media":5019,"comment_status":"open","ping_status":"closed","template":"","meta":{"advanced_seo_description":"","jetpack_seo_html_title":"","jetpack_seo_noindex":false},"product_brand":[],"product_cat":[229],"product_tag":[93,955,635,1848,25,31],"class_list":{"0":"post-5017","1":"product","2":"type-product","3":"status-publish","4":"has-post-thumbnail","6":"product_cat-sprzedane","7":"product_tag-akwamaryn","8":"product_tag-bransoletka-z-blekitnymi-kamieniami","9":"product_tag-bransoletka-z-niebieskimi-kamieniami","10":"product_tag-podwojna-bransoletka-z-akwamarynami-i-szafirami","11":"product_tag-szafir","12":"product_tag-zloty-hematyt","14":"first","15":"outofstock","16":"shipping-taxable","17":"purchasable","18":"product-type-simple"},"jetpack_sharing_enabled":true,"_links":{"self":[{"href":"https:\/\/koraledetale.pl\/index.php?rest_route=\/wp\/v2\/product\/5017","targetHints":{"allow":["GET"]}}],"collection":[{"href":"https:\/\/koraledetale.pl\/index.php?rest_route=\/wp\/v2\/product"}],"about":[{"href":"https:\/\/koraledetale.pl\/index.php?rest_route=\/wp\/v2\/types\/product"}],"replies":[{"embeddable":true,"href":"https:\/\/koraledetale.pl\/index.php?rest_route=%2Fwp%2Fv2%2Fcomments&post=5017"}],"wp:featuredmedia":[{"embeddable":true,"href":"https:\/\/koraledetale.pl\/index.php?rest_route=\/wp\/v2\/media\/5019"}],"wp:attachment":[{"href":"https:\/\/koraledetale.pl\/index.php?rest_route=%2Fwp%2Fv2%2Fmedia&parent=5017"}],"wp:term":[{"taxonomy":"product_brand","embeddable":true,"href":"https:\/\/koraledetale.pl\/index.php?rest_route=%2Fwp%2Fv2%2Fproduct_brand&post=5017"},{"taxonomy":"product_cat","embeddable":true,"href":"https:\/\/koraledetale.pl\/index.php?rest_route=%2Fwp%2Fv2%2Fproduct_cat&post=5017"},{"taxonomy":"product_tag","embeddable":true,"href":"https:\/\/koraledetale.pl\/index.php?rest_route=%2Fwp%2Fv2%2Fproduct_tag&post=5017"}],"curies":[{"name":"wp","href":"https:\/\/api.w.org\/{rel}","templated":true}]}}