{"id":5016,"date":"2024-01-22T17:06:50","date_gmt":"2024-01-22T17:06:50","guid":{"rendered":"https:\/\/koraledetale.pl\/?post_type=product&#038;p=5016"},"modified":"2024-06-26T14:51:36","modified_gmt":"2024-06-26T14:51:36","slug":"naszyjnik-aquarius-z-akwamarynami-i-szafirami-wersja-srebrna","status":"publish","type":"product","link":"https:\/\/koraledetale.pl\/?product=naszyjnik-aquarius-z-akwamarynami-i-szafirami-wersja-srebrna","title":{"rendered":"Naszyjnik AQUARIUS z akwamarynami i szafirami \u2013 wersja srebrna"},"content":{"rendered":"<p>Wielko\u015b\u0107 kamieni:<\/p>\n<ul>\n<li>akwamaryn \u2013 3,5 mm,<\/li>\n<li>szafir \u2013 3,5 mm,<\/li>\n<li>hematyt \u2013 4\u00d72 i 2,5 mm.<\/li>\n<\/ul>\n<p>D\u0142ugo\u015b\u0107 naszyjnika \u2013 kr\u00f3tszej cz\u0119\u015bci z \u0142a\u0144cuszkiem 45 cm, d\u0142u\u017cszej cz\u0119\u015bci 49 cm + zawieszka 2,2 cm. Naszyjnik ma przed\u0142u\u017ck\u0119 \u2013 5 cm.<\/p>\n<p>Wszystkie elementy metalowe wykonane s\u0105 z nieuczulaj\u0105cej stali szlachetnej.<\/p>\n","protected":false},"excerpt":{"rendered":"<p>Warstwowy naszyjnik z \u0142a\u0144cuszkiem z kuleczkami oraz sznurem akwamaryn\u00f3w z wplecionymi szafirami i srebrnymi hematytami. Kamienie zasupe\u0142kowane s\u0105 na mocnej nici jubilerskiej. Zwie\u0144czeniem naszyjnika jest zawieszka \u2013 a\u017curowa luna z szafirem.<\/p>\n","protected":false},"featured_media":5010,"comment_status":"open","ping_status":"closed","template":"","meta":{"advanced_seo_description":"","jetpack_seo_html_title":"","jetpack_seo_noindex":false},"product_brand":[],"product_cat":[229],"product_tag":[93,501,687,757,954,1112,884,486,26,25,1847],"class_list":{"0":"post-5016","1":"product","2":"type-product","3":"status-publish","4":"has-post-thumbnail","6":"product_cat-sprzedane","7":"product_tag-akwamaryn","8":"product_tag-ksiezyc","9":"product_tag-luna","10":"product_tag-lunula","11":"product_tag-naszyjnik-z-blekitnymi-kamieniami","12":"product_tag-naszyjnik-z-luna","13":"product_tag-naszyjnik-z-lunula","14":"product_tag-naszyjnik-z-niebieskimi-kamieniami","15":"product_tag-srebrny-hematyt","16":"product_tag-szafir","17":"product_tag-warstwowy-naszyjnik-z-akwamarynami-i-szafirami","19":"first","20":"outofstock","21":"shipping-taxable","22":"purchasable","23":"product-type-simple"},"jetpack_sharing_enabled":true,"_links":{"self":[{"href":"https:\/\/koraledetale.pl\/index.php?rest_route=\/wp\/v2\/product\/5016","targetHints":{"allow":["GET"]}}],"collection":[{"href":"https:\/\/koraledetale.pl\/index.php?rest_route=\/wp\/v2\/product"}],"about":[{"href":"https:\/\/koraledetale.pl\/index.php?rest_route=\/wp\/v2\/types\/product"}],"replies":[{"embeddable":true,"href":"https:\/\/koraledetale.pl\/index.php?rest_route=%2Fwp%2Fv2%2Fcomments&post=5016"}],"wp:featuredmedia":[{"embeddable":true,"href":"https:\/\/koraledetale.pl\/index.php?rest_route=\/wp\/v2\/media\/5010"}],"wp:attachment":[{"href":"https:\/\/koraledetale.pl\/index.php?rest_route=%2Fwp%2Fv2%2Fmedia&parent=5016"}],"wp:term":[{"taxonomy":"product_brand","embeddable":true,"href":"https:\/\/koraledetale.pl\/index.php?rest_route=%2Fwp%2Fv2%2Fproduct_brand&post=5016"},{"taxonomy":"product_cat","embeddable":true,"href":"https:\/\/koraledetale.pl\/index.php?rest_route=%2Fwp%2Fv2%2Fproduct_cat&post=5016"},{"taxonomy":"product_tag","embeddable":true,"href":"https:\/\/koraledetale.pl\/index.php?rest_route=%2Fwp%2Fv2%2Fproduct_tag&post=5016"}],"curies":[{"name":"wp","href":"https:\/\/api.w.org\/{rel}","templated":true}]}}