{"id":5001,"date":"2024-01-19T10:18:53","date_gmt":"2024-01-19T10:18:53","guid":{"rendered":"https:\/\/koraledetale.pl\/?post_type=product&#038;p=5001"},"modified":"2024-02-16T14:28:10","modified_gmt":"2024-02-16T14:28:10","slug":"naszyjnik-lesny-elf-ii-z-kianitami-apatytami-i-labradorytem","status":"publish","type":"product","link":"https:\/\/koraledetale.pl\/?product=naszyjnik-lesny-elf-ii-z-kianitami-apatytami-i-labradorytem","title":{"rendered":"Naszyjnik LE\u015aNY ELF II z kianitami, apatytami i labradorytem"},"content":{"rendered":"<p>Wielko\u015b\u0107 kamieni:<\/p>\n<ul>\n<li>kianit \u2013 3 mm,<\/li>\n<li>apatyt &#8211; 4 mm,<\/li>\n<li>labradoryt \u2013 16x9x5 mm,<\/li>\n<li>hematyt \u2013 2,5 i 4&#215;2 mm.<\/li>\n<\/ul>\n<p>D\u0142ugo\u015b\u0107 naszyjnika: 44,5 &#8211; 49 cm + zawieszka \u2013 1,8 cm.<\/p>\n<p>Wszystkie elementy metalowe wykonane s\u0105 z nieuczulaj\u0105cej stali szlachetnej.<\/p>\n","protected":false},"excerpt":{"rendered":"<p>Naszyjnik z kianit\u00f3w o niezwyk\u0142ej, zielonkawej barwie, przeplatanych apatytami i z\u0142otymi hematytami. Zwie\u0144czeniem naszyjnika jest zawieszka \u2013 ksi\u0119\u017cyc z labradorytu mieni\u0105cego si\u0119 zielonkawo-niebiesk\u0105 po\u015bwiat\u0105.<\/p>\n","protected":false},"featured_media":5002,"comment_status":"open","ping_status":"closed","template":"","meta":{"advanced_seo_description":"","jetpack_seo_html_title":"","jetpack_seo_noindex":false},"product_brand":[],"product_cat":[229],"product_tag":[1846,56,1845,66,1844,31],"class_list":{"0":"post-5001","1":"product","2":"type-product","3":"status-publish","4":"has-post-thumbnail","6":"product_cat-sprzedane","7":"product_tag-kianit-zielony","8":"product_tag-labradoryt","9":"product_tag-labradorytowa-luna","10":"product_tag-naszyjnik-z-kamieniami-naturalnymi","11":"product_tag-naszyjnik-z-kianitami-apatytami-i-labradorytem","12":"product_tag-zloty-hematyt","14":"first","15":"outofstock","16":"shipping-taxable","17":"purchasable","18":"product-type-simple"},"jetpack_sharing_enabled":true,"_links":{"self":[{"href":"https:\/\/koraledetale.pl\/index.php?rest_route=\/wp\/v2\/product\/5001","targetHints":{"allow":["GET"]}}],"collection":[{"href":"https:\/\/koraledetale.pl\/index.php?rest_route=\/wp\/v2\/product"}],"about":[{"href":"https:\/\/koraledetale.pl\/index.php?rest_route=\/wp\/v2\/types\/product"}],"replies":[{"embeddable":true,"href":"https:\/\/koraledetale.pl\/index.php?rest_route=%2Fwp%2Fv2%2Fcomments&post=5001"}],"wp:featuredmedia":[{"embeddable":true,"href":"https:\/\/koraledetale.pl\/index.php?rest_route=\/wp\/v2\/media\/5002"}],"wp:attachment":[{"href":"https:\/\/koraledetale.pl\/index.php?rest_route=%2Fwp%2Fv2%2Fmedia&parent=5001"}],"wp:term":[{"taxonomy":"product_brand","embeddable":true,"href":"https:\/\/koraledetale.pl\/index.php?rest_route=%2Fwp%2Fv2%2Fproduct_brand&post=5001"},{"taxonomy":"product_cat","embeddable":true,"href":"https:\/\/koraledetale.pl\/index.php?rest_route=%2Fwp%2Fv2%2Fproduct_cat&post=5001"},{"taxonomy":"product_tag","embeddable":true,"href":"https:\/\/koraledetale.pl\/index.php?rest_route=%2Fwp%2Fv2%2Fproduct_tag&post=5001"}],"curies":[{"name":"wp","href":"https:\/\/api.w.org\/{rel}","templated":true}]}}