{"id":5000,"date":"2024-01-18T08:28:19","date_gmt":"2024-01-18T08:28:19","guid":{"rendered":"https:\/\/koraledetale.pl\/?post_type=product&#038;p=5000"},"modified":"2024-01-20T16:27:28","modified_gmt":"2024-01-20T16:27:28","slug":"naszyjnik-slonce-z-perlami-i-hematytami","status":"publish","type":"product","link":"https:\/\/koraledetale.pl\/?product=naszyjnik-slonce-z-perlami-i-hematytami","title":{"rendered":"Naszyjnik S\u0141O\u0143CE z per\u0142ami i hematytami"},"content":{"rendered":"<p>Wielko\u015b\u0107 kamieni:<\/p>\n<ul>\n<li>per\u0142a &#8211; ok. 9,5&#215;8 mm,<\/li>\n<li>hematyt &#8211; 7,5&#215;6 mm, 3 mm i 2,5 mm.<\/li>\n<\/ul>\n<p>D\u0142ugo\u015b\u0107 naszyjnika: 45 &#8211; 50 cm.<\/p>\n<p>Na zdj\u0119ciu naszyjnik zapi\u0119ty jest na najwy\u017csze oczko.<\/p>\n","protected":false},"excerpt":{"rendered":"<p>Naszyjnik z du\u017cymi per\u0142ami i z\u0142otymi przek\u0142adkami z hematytu zwie\u0144czony jednostronn\u0105 zawieszk\u0105 &#8211; s\u0142o\u0144cem.<\/p>\n","protected":false},"featured_media":4998,"comment_status":"open","ping_status":"closed","template":"","meta":{"advanced_seo_description":"","jetpack_seo_html_title":"","jetpack_seo_noindex":false},"product_brand":[],"product_cat":[229],"product_tag":[1842,670,1843,31],"class_list":{"0":"post-5000","1":"product","2":"type-product","3":"status-publish","4":"has-post-thumbnail","6":"product_cat-sprzedane","7":"product_tag-naszyjnik-z-perlami-i-sloncem","8":"product_tag-perly","9":"product_tag-perly-ze-sloncem","10":"product_tag-zloty-hematyt","12":"first","13":"outofstock","14":"shipping-taxable","15":"purchasable","16":"product-type-simple"},"jetpack_sharing_enabled":true,"_links":{"self":[{"href":"https:\/\/koraledetale.pl\/index.php?rest_route=\/wp\/v2\/product\/5000","targetHints":{"allow":["GET"]}}],"collection":[{"href":"https:\/\/koraledetale.pl\/index.php?rest_route=\/wp\/v2\/product"}],"about":[{"href":"https:\/\/koraledetale.pl\/index.php?rest_route=\/wp\/v2\/types\/product"}],"replies":[{"embeddable":true,"href":"https:\/\/koraledetale.pl\/index.php?rest_route=%2Fwp%2Fv2%2Fcomments&post=5000"}],"wp:featuredmedia":[{"embeddable":true,"href":"https:\/\/koraledetale.pl\/index.php?rest_route=\/wp\/v2\/media\/4998"}],"wp:attachment":[{"href":"https:\/\/koraledetale.pl\/index.php?rest_route=%2Fwp%2Fv2%2Fmedia&parent=5000"}],"wp:term":[{"taxonomy":"product_brand","embeddable":true,"href":"https:\/\/koraledetale.pl\/index.php?rest_route=%2Fwp%2Fv2%2Fproduct_brand&post=5000"},{"taxonomy":"product_cat","embeddable":true,"href":"https:\/\/koraledetale.pl\/index.php?rest_route=%2Fwp%2Fv2%2Fproduct_cat&post=5000"},{"taxonomy":"product_tag","embeddable":true,"href":"https:\/\/koraledetale.pl\/index.php?rest_route=%2Fwp%2Fv2%2Fproduct_tag&post=5000"}],"curies":[{"name":"wp","href":"https:\/\/api.w.org\/{rel}","templated":true}]}}