{"id":4968,"date":"2024-01-09T10:17:13","date_gmt":"2024-01-09T10:17:13","guid":{"rendered":"https:\/\/koraledetale.pl\/?post_type=product&#038;p=4968"},"modified":"2025-07-28T06:48:00","modified_gmt":"2025-07-28T06:48:00","slug":"bransoletka-wewnetrzny-spokoj-z-howlitami-turkusowymi","status":"publish","type":"product","link":"https:\/\/koraledetale.pl\/?product=bransoletka-wewnetrzny-spokoj-z-howlitami-turkusowymi","title":{"rendered":"Bransoletka WEWN\u0118TRZNY SPOK\u00d3J z howlitami turkusowymi"},"content":{"rendered":"<p>Wielko\u015b\u0107 kamieni:<\/p>\n<ul>\n<li>howlit \u2013 4,5 mm.<\/li>\n<\/ul>\n<p>Bransoletka posiada \u0142atw\u0105 regulacj\u0119 poprzez poci\u0105gniecie sznureczk\u00f3w przez w\u0119ze\u0142 makramowy.<\/p>\n<p>D\u0142ugo\u015b\u0107 bransoletki: 15,5 &#8211; 24 cm.<\/p>\n<p>&nbsp;<\/p>\n","protected":false},"excerpt":{"rendered":"<p>Minimalistyczna bransoletka z kuleczkami howlit\u00f3w turkusowych zasupe\u0142kowanych na czerwonej, mocnej nici jubilerskiej.<\/p>\n","protected":false},"featured_media":4966,"comment_status":"open","ping_status":"closed","template":"","meta":{"advanced_seo_description":"","jetpack_seo_html_title":"","jetpack_seo_noindex":false},"product_brand":[],"product_cat":[229],"product_tag":[463,1833,1831,1832],"class_list":{"0":"post-4968","1":"product","2":"type-product","3":"status-publish","4":"has-post-thumbnail","6":"product_cat-sprzedane","7":"product_tag-howlit-turkusowy","8":"product_tag-minimalistyczna-bransoletka","9":"product_tag-regulowana-bransoletka-z-howlitami-turkusowymi","10":"product_tag-turkmenit","12":"first","13":"instock","14":"shipping-taxable","15":"purchasable","16":"product-type-simple"},"jetpack_sharing_enabled":true,"_links":{"self":[{"href":"https:\/\/koraledetale.pl\/index.php?rest_route=\/wp\/v2\/product\/4968","targetHints":{"allow":["GET"]}}],"collection":[{"href":"https:\/\/koraledetale.pl\/index.php?rest_route=\/wp\/v2\/product"}],"about":[{"href":"https:\/\/koraledetale.pl\/index.php?rest_route=\/wp\/v2\/types\/product"}],"replies":[{"embeddable":true,"href":"https:\/\/koraledetale.pl\/index.php?rest_route=%2Fwp%2Fv2%2Fcomments&post=4968"}],"wp:featuredmedia":[{"embeddable":true,"href":"https:\/\/koraledetale.pl\/index.php?rest_route=\/wp\/v2\/media\/4966"}],"wp:attachment":[{"href":"https:\/\/koraledetale.pl\/index.php?rest_route=%2Fwp%2Fv2%2Fmedia&parent=4968"}],"wp:term":[{"taxonomy":"product_brand","embeddable":true,"href":"https:\/\/koraledetale.pl\/index.php?rest_route=%2Fwp%2Fv2%2Fproduct_brand&post=4968"},{"taxonomy":"product_cat","embeddable":true,"href":"https:\/\/koraledetale.pl\/index.php?rest_route=%2Fwp%2Fv2%2Fproduct_cat&post=4968"},{"taxonomy":"product_tag","embeddable":true,"href":"https:\/\/koraledetale.pl\/index.php?rest_route=%2Fwp%2Fv2%2Fproduct_tag&post=4968"}],"curies":[{"name":"wp","href":"https:\/\/api.w.org\/{rel}","templated":true}]}}