{"id":4958,"date":"2024-01-04T16:40:01","date_gmt":"2024-01-04T16:40:01","guid":{"rendered":"https:\/\/koraledetale.pl\/?post_type=product&#038;p=4958"},"modified":"2024-12-06T06:29:10","modified_gmt":"2024-12-06T06:29:10","slug":"lancuszek-dominikana-iii-z-larimarem","status":"publish","type":"product","link":"https:\/\/koraledetale.pl\/?product=lancuszek-dominikana-iii-z-larimarem","title":{"rendered":"\u0141a\u0144cuszek DOMINIKANA III z larimarem"},"content":{"rendered":"<p>Wielko\u015b\u0107 larimaru: 23x9x4,5 mm.<\/p>\n<p>D\u0142ugo\u015b\u0107 \u0142a\u0144cuszka: 37,5 \u2013 42,5 cm.<\/p>\n<p>Wszystkie elementy metalowe wykonane s\u0105 z nieuczulaj\u0105cej stali szlachetnej.<\/p>\n","protected":false},"excerpt":{"rendered":"<p>Kr\u00f3tki \u0142a\u0144cuszek z du\u017c\u0105 \u0142ezk\u0105 larimaru.<\/p>\n","protected":false},"featured_media":4953,"comment_status":"open","ping_status":"closed","template":"","meta":{"advanced_seo_description":"","jetpack_seo_html_title":"","jetpack_seo_noindex":false},"product_brand":[],"product_cat":[15],"product_tag":[488,1830,1777],"class_list":{"0":"post-4958","1":"product","2":"type-product","3":"status-publish","4":"has-post-thumbnail","6":"product_cat-naszyjniki","7":"product_tag-larimar","8":"product_tag-lancuszek-z-blekitnym-kamieniem","9":"product_tag-lancuszek-z-larimarem","11":"first","12":"instock","13":"shipping-taxable","14":"purchasable","15":"product-type-simple"},"jetpack_sharing_enabled":true,"_links":{"self":[{"href":"https:\/\/koraledetale.pl\/index.php?rest_route=\/wp\/v2\/product\/4958","targetHints":{"allow":["GET"]}}],"collection":[{"href":"https:\/\/koraledetale.pl\/index.php?rest_route=\/wp\/v2\/product"}],"about":[{"href":"https:\/\/koraledetale.pl\/index.php?rest_route=\/wp\/v2\/types\/product"}],"replies":[{"embeddable":true,"href":"https:\/\/koraledetale.pl\/index.php?rest_route=%2Fwp%2Fv2%2Fcomments&post=4958"}],"wp:featuredmedia":[{"embeddable":true,"href":"https:\/\/koraledetale.pl\/index.php?rest_route=\/wp\/v2\/media\/4953"}],"wp:attachment":[{"href":"https:\/\/koraledetale.pl\/index.php?rest_route=%2Fwp%2Fv2%2Fmedia&parent=4958"}],"wp:term":[{"taxonomy":"product_brand","embeddable":true,"href":"https:\/\/koraledetale.pl\/index.php?rest_route=%2Fwp%2Fv2%2Fproduct_brand&post=4958"},{"taxonomy":"product_cat","embeddable":true,"href":"https:\/\/koraledetale.pl\/index.php?rest_route=%2Fwp%2Fv2%2Fproduct_cat&post=4958"},{"taxonomy":"product_tag","embeddable":true,"href":"https:\/\/koraledetale.pl\/index.php?rest_route=%2Fwp%2Fv2%2Fproduct_tag&post=4958"}],"curies":[{"name":"wp","href":"https:\/\/api.w.org\/{rel}","templated":true}]}}