{"id":4949,"date":"2024-01-03T15:48:24","date_gmt":"2024-01-03T15:48:24","guid":{"rendered":"https:\/\/koraledetale.pl\/?post_type=product&#038;p=4949"},"modified":"2025-09-29T05:58:49","modified_gmt":"2025-09-29T05:58:49","slug":"naszyjnik-wiek-niewinnosci-z-opalami-i-rozowym-kwarcem","status":"publish","type":"product","link":"https:\/\/koraledetale.pl\/?product=naszyjnik-wiek-niewinnosci-z-opalami-i-rozowym-kwarcem","title":{"rendered":"Naszyjnik KONIEC NIEWINNO\u015aCI z opalami i r\u00f3\u017cowym kwarcem"},"content":{"rendered":"<p>Wielko\u015b\u0107 kamieni:<\/p>\n<ul>\n<li>opal &#8211; 2,5 mm,<\/li>\n<li>kwarc r\u00f3\u017cowy &#8211; 11x6x3,5 mm,<\/li>\n<li>hematyt &#8211; 2,5 mm.<\/li>\n<\/ul>\n<p>D\u0142ugo\u015b\u0107 naszyjnika: 38,5 &#8211; 43,5 cm.<\/p>\n<p>Wszystkie elementy metalowe wykonane s\u0105 z nieuczulaj\u0105cej stali szlachetnej.<\/p>\n","protected":false},"excerpt":{"rendered":"<p>Kr\u00f3tki naszyjnik z drobnych r\u00f3\u017cowych opali, przeplatanymi z\u0142otymi hematytami, zwie\u0144czony \u0142ezk\u0105 r\u00f3\u017cowego kwarcu. Kamienie zasupe\u0142kowane s\u0105 na kontrastowej, r\u00f3\u017cowej nici jubilerskiej.<\/p>\n","protected":false},"featured_media":4942,"comment_status":"open","ping_status":"closed","template":"","meta":{"advanced_seo_description":"","jetpack_seo_html_title":"","jetpack_seo_noindex":false},"product_brand":[],"product_cat":[15],"product_tag":[1826,216,148,1827,215,1704,31],"class_list":{"0":"post-4949","1":"product","2":"type-product","3":"status-publish","4":"has-post-thumbnail","6":"product_cat-naszyjniki","7":"product_tag-krotki-naszyjnik-z-rozowymi-kamieniami","8":"product_tag-kwarc-rozowy","9":"product_tag-naszyjnik-z-drobnych-kamieni","10":"product_tag-naszyjnik-z-opalami-rozowymi","11":"product_tag-naszyjnik-z-rozowym-kwarcem","12":"product_tag-rozowy-naszyjnik","13":"product_tag-zloty-hematyt","15":"first","16":"instock","17":"shipping-taxable","18":"purchasable","19":"product-type-simple"},"jetpack_sharing_enabled":true,"_links":{"self":[{"href":"https:\/\/koraledetale.pl\/index.php?rest_route=\/wp\/v2\/product\/4949","targetHints":{"allow":["GET"]}}],"collection":[{"href":"https:\/\/koraledetale.pl\/index.php?rest_route=\/wp\/v2\/product"}],"about":[{"href":"https:\/\/koraledetale.pl\/index.php?rest_route=\/wp\/v2\/types\/product"}],"replies":[{"embeddable":true,"href":"https:\/\/koraledetale.pl\/index.php?rest_route=%2Fwp%2Fv2%2Fcomments&post=4949"}],"wp:featuredmedia":[{"embeddable":true,"href":"https:\/\/koraledetale.pl\/index.php?rest_route=\/wp\/v2\/media\/4942"}],"wp:attachment":[{"href":"https:\/\/koraledetale.pl\/index.php?rest_route=%2Fwp%2Fv2%2Fmedia&parent=4949"}],"wp:term":[{"taxonomy":"product_brand","embeddable":true,"href":"https:\/\/koraledetale.pl\/index.php?rest_route=%2Fwp%2Fv2%2Fproduct_brand&post=4949"},{"taxonomy":"product_cat","embeddable":true,"href":"https:\/\/koraledetale.pl\/index.php?rest_route=%2Fwp%2Fv2%2Fproduct_cat&post=4949"},{"taxonomy":"product_tag","embeddable":true,"href":"https:\/\/koraledetale.pl\/index.php?rest_route=%2Fwp%2Fv2%2Fproduct_tag&post=4949"}],"curies":[{"name":"wp","href":"https:\/\/api.w.org\/{rel}","templated":true}]}}