{"id":4939,"date":"2024-01-02T16:25:33","date_gmt":"2024-01-02T16:25:33","guid":{"rendered":"https:\/\/koraledetale.pl\/?post_type=product&#038;p=4939"},"modified":"2024-06-17T09:14:26","modified_gmt":"2024-06-17T09:14:26","slug":"kolczyki-serce-na-agrafce-ii-z-ciemnymi-perlami","status":"publish","type":"product","link":"https:\/\/koraledetale.pl\/?product=kolczyki-serce-na-agrafce-ii-z-ciemnymi-perlami","title":{"rendered":"Kolczyki SERCE NA AGRAFCE II z ciemnymi per\u0142ami"},"content":{"rendered":"<p>Wielko\u015b\u0107 kamieni:<\/p>\n<ul>\n<li>per\u0142a \u2013 ok. 5 x 8 mm,<\/li>\n<li>hematyt \u2013 4 x 2 mm i 2,5 mm.<\/li>\n<\/ul>\n<p>D\u0142ugo\u015b\u0107 kolczyk\u00f3w 7 cm.<\/p>\n<p>Wszystkie elementy metalowe wykonane s\u0105 z nieuczulaj\u0105cej stali szlachetnej.<\/p>\n","protected":false},"excerpt":{"rendered":"<p>D\u0142ugie kolczyki na sztyfcie z \u0142a\u0144cuchem spinaczowym zwie\u0144czonym ciemn\u0105 per\u0142\u0105 t\u0119czow\u0105 ze z\u0142otymi hematytami.<\/p>\n","protected":false},"featured_media":4936,"comment_status":"open","ping_status":"closed","template":"","meta":{"advanced_seo_description":"","jetpack_seo_html_title":"","jetpack_seo_noindex":false},"product_brand":[],"product_cat":[229],"product_tag":[1825,1823,1824,319,31],"class_list":{"0":"post-4939","1":"product","2":"type-product","3":"status-publish","4":"has-post-thumbnail","6":"product_cat-sprzedane","7":"product_tag-dlugie-kolczyki-z-perla-teczowa","8":"product_tag-dlugie-kolczyki-z-perlami","9":"product_tag-kolczyki-z-ciemna-perla","10":"product_tag-perla-teczowa","11":"product_tag-zloty-hematyt","13":"first","14":"outofstock","15":"shipping-taxable","16":"purchasable","17":"product-type-simple"},"jetpack_sharing_enabled":true,"_links":{"self":[{"href":"https:\/\/koraledetale.pl\/index.php?rest_route=\/wp\/v2\/product\/4939","targetHints":{"allow":["GET"]}}],"collection":[{"href":"https:\/\/koraledetale.pl\/index.php?rest_route=\/wp\/v2\/product"}],"about":[{"href":"https:\/\/koraledetale.pl\/index.php?rest_route=\/wp\/v2\/types\/product"}],"replies":[{"embeddable":true,"href":"https:\/\/koraledetale.pl\/index.php?rest_route=%2Fwp%2Fv2%2Fcomments&post=4939"}],"wp:featuredmedia":[{"embeddable":true,"href":"https:\/\/koraledetale.pl\/index.php?rest_route=\/wp\/v2\/media\/4936"}],"wp:attachment":[{"href":"https:\/\/koraledetale.pl\/index.php?rest_route=%2Fwp%2Fv2%2Fmedia&parent=4939"}],"wp:term":[{"taxonomy":"product_brand","embeddable":true,"href":"https:\/\/koraledetale.pl\/index.php?rest_route=%2Fwp%2Fv2%2Fproduct_brand&post=4939"},{"taxonomy":"product_cat","embeddable":true,"href":"https:\/\/koraledetale.pl\/index.php?rest_route=%2Fwp%2Fv2%2Fproduct_cat&post=4939"},{"taxonomy":"product_tag","embeddable":true,"href":"https:\/\/koraledetale.pl\/index.php?rest_route=%2Fwp%2Fv2%2Fproduct_tag&post=4939"}],"curies":[{"name":"wp","href":"https:\/\/api.w.org\/{rel}","templated":true}]}}