{"id":4925,"date":"2023-12-30T19:50:27","date_gmt":"2023-12-30T19:50:27","guid":{"rendered":"https:\/\/koraledetale.pl\/?post_type=product&#038;p=4925"},"modified":"2024-02-23T14:30:28","modified_gmt":"2024-02-23T14:30:28","slug":"naszyjnik-trzecie-oko-z-szatukitami","status":"publish","type":"product","link":"https:\/\/koraledetale.pl\/?product=naszyjnik-trzecie-oko-z-szatukitami","title":{"rendered":"Naszyjnik TRZECIE OKO z szatukitami"},"content":{"rendered":"<p>Wielko\u015b\u0107 kamieni:<\/p>\n<ul>\n<li>szatukit \u2013 3 mm,<\/li>\n<li>hematyt \u2013 2,5 mm.<\/li>\n<\/ul>\n<p>D\u0142ugo\u015b\u0107 naszyjnika: 38 \u2013 42,5 cm + zawieszka 2 cm.<\/p>\n<p>Kamienie zasupe\u0142kowane s\u0105 na mocnej nici jubilerskiej.<\/p>\n<p>Wszystkie elementy metalowe wykonane s\u0105 z nieuczulaj\u0105cej stali szlachetnej.<\/p>\n<p>Szatukit jest silnie energetycznym kamieniem rozwijaj\u0105cym komunikacj\u0119 psychiczn\u0105. Pomaga oczy\u015bci\u0107 umys\u0142, usun\u0105\u0107 blokady energetyczne, otwiera na widzenie przysz\u0142o\u015bci. Jest bardzo rzadkim minera\u0142em z grupy krzemian\u00f3w, odkrytym w Arizonie w kopalni Shattuck (st\u0105d pochodzi\u00a0 jego nazwa).<\/p>\n","protected":false},"excerpt":{"rendered":"<p>Naszyjnik z cieniowanymi sztukitami, z zawieszk\u0105 \u2013 lun\u0105 w centrum.<\/p>\n","protected":false},"featured_media":4920,"comment_status":"open","ping_status":"closed","template":"","meta":{"advanced_seo_description":"","jetpack_seo_html_title":"","jetpack_seo_noindex":false},"product_brand":[],"product_cat":[229],"product_tag":[501,687,757,1812,66,1112,1820,1819,31],"class_list":{"0":"post-4925","1":"product","2":"type-product","3":"status-publish","4":"has-post-thumbnail","6":"product_cat-sprzedane","7":"product_tag-ksiezyc","8":"product_tag-luna","9":"product_tag-lunula","10":"product_tag-naszyjnik-z-cieniowanymi-kamieniami","11":"product_tag-naszyjnik-z-kamieniami-naturalnymi","12":"product_tag-naszyjnik-z-luna","13":"product_tag-naszyjnik-z-szatukitami","14":"product_tag-shattuckit","15":"product_tag-zloty-hematyt","17":"first","18":"outofstock","19":"shipping-taxable","20":"purchasable","21":"product-type-simple"},"jetpack_sharing_enabled":true,"_links":{"self":[{"href":"https:\/\/koraledetale.pl\/index.php?rest_route=\/wp\/v2\/product\/4925","targetHints":{"allow":["GET"]}}],"collection":[{"href":"https:\/\/koraledetale.pl\/index.php?rest_route=\/wp\/v2\/product"}],"about":[{"href":"https:\/\/koraledetale.pl\/index.php?rest_route=\/wp\/v2\/types\/product"}],"replies":[{"embeddable":true,"href":"https:\/\/koraledetale.pl\/index.php?rest_route=%2Fwp%2Fv2%2Fcomments&post=4925"}],"wp:featuredmedia":[{"embeddable":true,"href":"https:\/\/koraledetale.pl\/index.php?rest_route=\/wp\/v2\/media\/4920"}],"wp:attachment":[{"href":"https:\/\/koraledetale.pl\/index.php?rest_route=%2Fwp%2Fv2%2Fmedia&parent=4925"}],"wp:term":[{"taxonomy":"product_brand","embeddable":true,"href":"https:\/\/koraledetale.pl\/index.php?rest_route=%2Fwp%2Fv2%2Fproduct_brand&post=4925"},{"taxonomy":"product_cat","embeddable":true,"href":"https:\/\/koraledetale.pl\/index.php?rest_route=%2Fwp%2Fv2%2Fproduct_cat&post=4925"},{"taxonomy":"product_tag","embeddable":true,"href":"https:\/\/koraledetale.pl\/index.php?rest_route=%2Fwp%2Fv2%2Fproduct_tag&post=4925"}],"curies":[{"name":"wp","href":"https:\/\/api.w.org\/{rel}","templated":true}]}}