{"id":4910,"date":"2023-12-28T14:43:52","date_gmt":"2023-12-28T14:43:52","guid":{"rendered":"https:\/\/koraledetale.pl\/?post_type=product&#038;p=4910"},"modified":"2024-04-12T13:09:55","modified_gmt":"2024-04-12T13:09:55","slug":"naszyjnik-kosmos-z-howlitami","status":"publish","type":"product","link":"https:\/\/koraledetale.pl\/?product=naszyjnik-kosmos-z-howlitami","title":{"rendered":"Naszyjnik KOSMOS z howlitami"},"content":{"rendered":"<p>Wielko\u015b\u0107 kamieni:<\/p>\n<ul>\n<li>howlit jasny &#8211; 3 mm,<\/li>\n<li>howlit ciemniejszy &#8211; 3,5 mm,<\/li>\n<li>hematyt &#8211; 2,5 mm.<\/li>\n<\/ul>\n<p>D\u0142ugo\u015b\u0107 naszyjnika: 40,5 &#8211; 45,5 cm + zawieszka 1,5 cm.<\/p>\n<p>Wszystkie elementy metalowe wykonane s\u0105 z nieuczulaj\u0105cej stali szlachetnej.<\/p>\n<p>Kamienie zasupe\u0142kowane s\u0105 na mocnej nici jubilerskiej.<\/p>\n","protected":false},"excerpt":{"rendered":"<p>Kr\u00f3tki naszyjnik z howlitami w b\u0142\u0119kitnym kolorze, przeplatanymi nieco wi\u0119kszymi howlitami w kolorze morskim oraz z\u0142otymi hematytami. Naszyjnik zwie\u0144cza okr\u0105g\u0142a, jednostronna zawieszka z motywem nieba &#8211; s\u0142o\u0144cem, ksi\u0119\u017cycem i gwiazdami.<\/p>\n<p>&nbsp;<\/p>\n","protected":false},"featured_media":5035,"comment_status":"open","ping_status":"closed","template":"","meta":{"advanced_seo_description":"","jetpack_seo_html_title":"","jetpack_seo_noindex":false},"product_brand":[],"product_cat":[229],"product_tag":[463,954,1814,66,1448,31],"class_list":{"0":"post-4910","1":"product","2":"type-product","3":"status-publish","4":"has-post-thumbnail","6":"product_cat-sprzedane","7":"product_tag-howlit-turkusowy","8":"product_tag-naszyjnik-z-blekitnymi-kamieniami","9":"product_tag-naszyjnik-z-howlitami-turkusowymi","10":"product_tag-naszyjnik-z-kamieniami-naturalnymi","11":"product_tag-naszyjnik-z-zawieszka","12":"product_tag-zloty-hematyt","14":"first","15":"outofstock","16":"shipping-taxable","17":"purchasable","18":"product-type-simple"},"jetpack_sharing_enabled":true,"_links":{"self":[{"href":"https:\/\/koraledetale.pl\/index.php?rest_route=\/wp\/v2\/product\/4910","targetHints":{"allow":["GET"]}}],"collection":[{"href":"https:\/\/koraledetale.pl\/index.php?rest_route=\/wp\/v2\/product"}],"about":[{"href":"https:\/\/koraledetale.pl\/index.php?rest_route=\/wp\/v2\/types\/product"}],"replies":[{"embeddable":true,"href":"https:\/\/koraledetale.pl\/index.php?rest_route=%2Fwp%2Fv2%2Fcomments&post=4910"}],"wp:featuredmedia":[{"embeddable":true,"href":"https:\/\/koraledetale.pl\/index.php?rest_route=\/wp\/v2\/media\/5035"}],"wp:attachment":[{"href":"https:\/\/koraledetale.pl\/index.php?rest_route=%2Fwp%2Fv2%2Fmedia&parent=4910"}],"wp:term":[{"taxonomy":"product_brand","embeddable":true,"href":"https:\/\/koraledetale.pl\/index.php?rest_route=%2Fwp%2Fv2%2Fproduct_brand&post=4910"},{"taxonomy":"product_cat","embeddable":true,"href":"https:\/\/koraledetale.pl\/index.php?rest_route=%2Fwp%2Fv2%2Fproduct_cat&post=4910"},{"taxonomy":"product_tag","embeddable":true,"href":"https:\/\/koraledetale.pl\/index.php?rest_route=%2Fwp%2Fv2%2Fproduct_tag&post=4910"}],"curies":[{"name":"wp","href":"https:\/\/api.w.org\/{rel}","templated":true}]}}