{"id":4898,"date":"2023-12-20T18:10:00","date_gmt":"2023-12-20T18:10:00","guid":{"rendered":"https:\/\/koraledetale.pl\/?post_type=product&#038;p=4898"},"modified":"2024-06-29T11:56:26","modified_gmt":"2024-06-29T11:56:26","slug":"naszyjnik-szafirowa-luna-ii","status":"publish","type":"product","link":"https:\/\/koraledetale.pl\/?product=naszyjnik-szafirowa-luna-ii","title":{"rendered":"Naszyjnik SZAFIROWA LUNA II"},"content":{"rendered":"<p>Wielko\u015b\u0107 kamieni:<\/p>\n<ul>\n<li>szafir \u2013 3,5 mm,<\/li>\n<li>hematyt \u2013 3\u00d71 mm i 2 mm.<\/li>\n<\/ul>\n<p>D\u0142ugo\u015b\u0107 naszyjnika \u2013 kr\u00f3tszej cz\u0119\u015bci z \u0142a\u0144cuszkiem 40 cm, d\u0142u\u017cszej cz\u0119\u015bci 43 cm + zawieszka 2,5 cm. Naszyjnik ma przed\u0142u\u017ck\u0119 \u2013 5,5 cm.<\/p>\n<p>Wszystkie elementy metalowe wykonane s\u0105 z nieuczulaj\u0105cej stali chirurgicznej (szlachetnej).<\/p>\n","protected":false},"excerpt":{"rendered":"<p>Warstwowy naszyjnik z szafir\u00f3w przeplatanych z\u0142otymi hematytami, z dodatkowym \u0142a\u0144cuszkiem oraz zawieszk\u0105 \u2013 a\u017curow\u0105 lun\u0105. Kamienie zasupe\u0142kowane s\u0105 na nocnej nici jubilerskiej w odcieniu szafir\u00f3w.<\/p>\n<p>&nbsp;<\/p>\n","protected":false},"featured_media":4891,"comment_status":"open","ping_status":"closed","template":"","meta":{"advanced_seo_description":"","jetpack_seo_html_title":"","jetpack_seo_noindex":false},"product_brand":[],"product_cat":[229],"product_tag":[501,687,757,66,274,1112,1810,25,1809,31],"class_list":{"0":"post-4898","1":"product","2":"type-product","3":"status-publish","4":"has-post-thumbnail","6":"product_cat-sprzedane","7":"product_tag-ksiezyc","8":"product_tag-luna","9":"product_tag-lunula","10":"product_tag-naszyjnik-z-kamieniami-naturalnymi","11":"product_tag-naszyjnik-z-ksiezycem","12":"product_tag-naszyjnik-z-luna","13":"product_tag-szafiowy-naszyjnik","14":"product_tag-szafir","15":"product_tag-warstwowy-naszyjnik-z-szafirami","16":"product_tag-zloty-hematyt","18":"first","19":"outofstock","20":"shipping-taxable","21":"purchasable","22":"product-type-simple"},"jetpack_sharing_enabled":true,"_links":{"self":[{"href":"https:\/\/koraledetale.pl\/index.php?rest_route=\/wp\/v2\/product\/4898","targetHints":{"allow":["GET"]}}],"collection":[{"href":"https:\/\/koraledetale.pl\/index.php?rest_route=\/wp\/v2\/product"}],"about":[{"href":"https:\/\/koraledetale.pl\/index.php?rest_route=\/wp\/v2\/types\/product"}],"replies":[{"embeddable":true,"href":"https:\/\/koraledetale.pl\/index.php?rest_route=%2Fwp%2Fv2%2Fcomments&post=4898"}],"wp:featuredmedia":[{"embeddable":true,"href":"https:\/\/koraledetale.pl\/index.php?rest_route=\/wp\/v2\/media\/4891"}],"wp:attachment":[{"href":"https:\/\/koraledetale.pl\/index.php?rest_route=%2Fwp%2Fv2%2Fmedia&parent=4898"}],"wp:term":[{"taxonomy":"product_brand","embeddable":true,"href":"https:\/\/koraledetale.pl\/index.php?rest_route=%2Fwp%2Fv2%2Fproduct_brand&post=4898"},{"taxonomy":"product_cat","embeddable":true,"href":"https:\/\/koraledetale.pl\/index.php?rest_route=%2Fwp%2Fv2%2Fproduct_cat&post=4898"},{"taxonomy":"product_tag","embeddable":true,"href":"https:\/\/koraledetale.pl\/index.php?rest_route=%2Fwp%2Fv2%2Fproduct_tag&post=4898"}],"curies":[{"name":"wp","href":"https:\/\/api.w.org\/{rel}","templated":true}]}}