{"id":4880,"date":"2023-12-12T08:23:55","date_gmt":"2023-12-12T08:23:55","guid":{"rendered":"https:\/\/koraledetale.pl\/?post_type=product&#038;p=4880"},"modified":"2024-02-16T18:23:44","modified_gmt":"2024-02-16T18:23:44","slug":"bransoletka-elf-grudniowy-z-agatami-i-kwarcami-dymnymi","status":"publish","type":"product","link":"https:\/\/koraledetale.pl\/?product=bransoletka-elf-grudniowy-z-agatami-i-kwarcami-dymnymi","title":{"rendered":"Bransoletka ELF GRUDNIOWY z agatami i kwarcami dymnymi"},"content":{"rendered":"<p>Wielko\u015b\u0107 kamieni:<\/p>\n<ul>\n<li>agat \u2013 2,5 mm,<\/li>\n<li>kwarc dymny \u2013 2,5 mm,<\/li>\n<li>hematyt \u2013 2,5 mm.<\/li>\n<\/ul>\n<p>D\u0142ugo\u015b\u0107 bransoletki: 17-20 cm.<\/p>\n<p>Wszystkie elementy metalowe wykonane s\u0105 z nieuczulaj\u0105cej stali szlachetnej.<\/p>\n","protected":false},"excerpt":{"rendered":"<p>Bransoletka z drobnymi agatami przeplatanymi kwarcami dymnymi i z\u0142otymi hematytami, zasup\u0142anymi na mocnej nici jubilerskiej, z zawieszk\u0105 &#8211; drzewem \u017cycia.<\/p>\n","protected":false},"featured_media":4879,"comment_status":"open","ping_status":"closed","template":"","meta":{"advanced_seo_description":"","jetpack_seo_html_title":"","jetpack_seo_noindex":false},"product_brand":[],"product_cat":[229],"product_tag":[127,1806,889,1807,633,63],"class_list":{"0":"post-4880","1":"product","2":"type-product","3":"status-publish","4":"has-post-thumbnail","6":"product_cat-sprzedane","7":"product_tag-agat","8":"product_tag-bransoletka-z-agatami-i-kwarcami-dymnymi","9":"product_tag-bransoletka-z-drobnymi-kamieniami","10":"product_tag-bransoletka-z-drobnymi-kamieniami-z-drzewem-zycia","11":"product_tag-drzewo-zycia","12":"product_tag-kwarc-dymny","14":"first","15":"outofstock","16":"shipping-taxable","17":"purchasable","18":"product-type-simple"},"jetpack_sharing_enabled":true,"_links":{"self":[{"href":"https:\/\/koraledetale.pl\/index.php?rest_route=\/wp\/v2\/product\/4880","targetHints":{"allow":["GET"]}}],"collection":[{"href":"https:\/\/koraledetale.pl\/index.php?rest_route=\/wp\/v2\/product"}],"about":[{"href":"https:\/\/koraledetale.pl\/index.php?rest_route=\/wp\/v2\/types\/product"}],"replies":[{"embeddable":true,"href":"https:\/\/koraledetale.pl\/index.php?rest_route=%2Fwp%2Fv2%2Fcomments&post=4880"}],"wp:featuredmedia":[{"embeddable":true,"href":"https:\/\/koraledetale.pl\/index.php?rest_route=\/wp\/v2\/media\/4879"}],"wp:attachment":[{"href":"https:\/\/koraledetale.pl\/index.php?rest_route=%2Fwp%2Fv2%2Fmedia&parent=4880"}],"wp:term":[{"taxonomy":"product_brand","embeddable":true,"href":"https:\/\/koraledetale.pl\/index.php?rest_route=%2Fwp%2Fv2%2Fproduct_brand&post=4880"},{"taxonomy":"product_cat","embeddable":true,"href":"https:\/\/koraledetale.pl\/index.php?rest_route=%2Fwp%2Fv2%2Fproduct_cat&post=4880"},{"taxonomy":"product_tag","embeddable":true,"href":"https:\/\/koraledetale.pl\/index.php?rest_route=%2Fwp%2Fv2%2Fproduct_tag&post=4880"}],"curies":[{"name":"wp","href":"https:\/\/api.w.org\/{rel}","templated":true}]}}