{"id":4850,"date":"2023-12-02T18:46:39","date_gmt":"2023-12-02T18:46:39","guid":{"rendered":"https:\/\/koraledetale.pl\/?post_type=product&#038;p=4850"},"modified":"2023-12-04T00:00:14","modified_gmt":"2023-12-04T00:00:14","slug":"kolczyki-mocca-z-perla-i-agatem","status":"publish","type":"product","link":"https:\/\/koraledetale.pl\/?product=kolczyki-mocca-z-perla-i-agatem","title":{"rendered":"Kolczyki MOCCA z per\u0142\u0105 i agatem"},"content":{"rendered":"<p>Wielko\u015b\u0107 kamieni:<\/p>\n<ul>\n<li>per\u0142a &#8211; 25 x 10 x 6 mm,<\/li>\n<li>agat &#8211; 12 x 10,5 x 5,5 mm.<\/li>\n<\/ul>\n<p>D\u0142ugo\u015b\u0107 kolczyk\u00f3w &#8211; 5,5 cm.<\/p>\n<p>Wszystkie elementy metalowe wykonane s\u0105 z nieuczulaj\u0105cej stali szlachetnej.<\/p>\n","protected":false},"excerpt":{"rendered":"<p>D\u0142ugie kolczyki z poprzecznym elementem, pod\u0142u\u017cn\u0105 per\u0142\u0105 i \u0142agodnie fasetowan\u0105 kropl\u0105 szarego agatu, zawieszonymi na angielskich biglach.<\/p>\n","protected":false},"featured_media":4852,"comment_status":"open","ping_status":"closed","template":"","meta":{"advanced_seo_description":"","jetpack_seo_html_title":"","jetpack_seo_noindex":false},"product_brand":[],"product_cat":[229],"product_tag":[815,1804,834,866],"class_list":{"0":"post-4850","1":"product","2":"type-product","3":"status-publish","4":"has-post-thumbnail","6":"product_cat-sprzedane","7":"product_tag-dlugie-kolczyki-z-kamieniami-naturalnymi","8":"product_tag-dlugie-kolczyki-z-perla-i-agatem","9":"product_tag-dlugie-kolczyki-ze-stali-chirurgicznej","10":"product_tag-dlugie-kolczyki-ze-stali-szlachetnej","12":"first","13":"outofstock","14":"shipping-taxable","15":"purchasable","16":"product-type-simple"},"jetpack_sharing_enabled":true,"_links":{"self":[{"href":"https:\/\/koraledetale.pl\/index.php?rest_route=\/wp\/v2\/product\/4850","targetHints":{"allow":["GET"]}}],"collection":[{"href":"https:\/\/koraledetale.pl\/index.php?rest_route=\/wp\/v2\/product"}],"about":[{"href":"https:\/\/koraledetale.pl\/index.php?rest_route=\/wp\/v2\/types\/product"}],"replies":[{"embeddable":true,"href":"https:\/\/koraledetale.pl\/index.php?rest_route=%2Fwp%2Fv2%2Fcomments&post=4850"}],"wp:featuredmedia":[{"embeddable":true,"href":"https:\/\/koraledetale.pl\/index.php?rest_route=\/wp\/v2\/media\/4852"}],"wp:attachment":[{"href":"https:\/\/koraledetale.pl\/index.php?rest_route=%2Fwp%2Fv2%2Fmedia&parent=4850"}],"wp:term":[{"taxonomy":"product_brand","embeddable":true,"href":"https:\/\/koraledetale.pl\/index.php?rest_route=%2Fwp%2Fv2%2Fproduct_brand&post=4850"},{"taxonomy":"product_cat","embeddable":true,"href":"https:\/\/koraledetale.pl\/index.php?rest_route=%2Fwp%2Fv2%2Fproduct_cat&post=4850"},{"taxonomy":"product_tag","embeddable":true,"href":"https:\/\/koraledetale.pl\/index.php?rest_route=%2Fwp%2Fv2%2Fproduct_tag&post=4850"}],"curies":[{"name":"wp","href":"https:\/\/api.w.org\/{rel}","templated":true}]}}