{"id":4834,"date":"2023-11-24T08:02:16","date_gmt":"2023-11-24T08:02:16","guid":{"rendered":"https:\/\/koraledetale.pl\/?post_type=product&#038;p=4834"},"modified":"2023-12-25T09:22:05","modified_gmt":"2023-12-25T09:22:05","slug":"naszyjnik-hematytowa-luna","status":"publish","type":"product","link":"https:\/\/koraledetale.pl\/?product=naszyjnik-hematytowa-luna","title":{"rendered":"Naszyjnik HEMATYTOWA LUNA"},"content":{"rendered":"<p>Wielko\u015b\u0107 hematyt\u00f3w \u2013 4&#215;2 mm, 3\u00d71 mm i2 mm.<\/p>\n<p>D\u0142ugo\u015b\u0107 naszyjnika: \u0142a\u0144cuszka 44 &#8211; 49 cm + zawieszka 3 cm.<\/p>\n<p>Wszystkie elementy metalowe wykonane s\u0105 z nieuczulaj\u0105cej stali szlachetnej.<\/p>\n","protected":false},"excerpt":{"rendered":"<p>Naszyjnik ze sznurem skrz\u0105cych, grafitowych i z\u0142otych hematyt\u00f3w, wplecionym w \u0142a\u0144cuszek z du\u017cymi kuleczkami.\u00a0 Zwie\u0144czeniem naszyjnika jest zjawiskowa, du\u017ca, a\u017curowa luna.<\/p>\n","protected":false},"featured_media":4835,"comment_status":"open","ping_status":"closed","template":"","meta":{"advanced_seo_description":"","jetpack_seo_html_title":"","jetpack_seo_noindex":false},"product_brand":[],"product_cat":[229],"product_tag":[67,1801,66,1802,884],"class_list":{"0":"post-4834","1":"product","2":"type-product","3":"status-publish","4":"has-post-thumbnail","6":"product_cat-sprzedane","7":"product_tag-hematyt","8":"product_tag-naszyjnik-z-hematytami-i-luna","9":"product_tag-naszyjnik-z-kamieniami-naturalnymi","10":"product_tag-naszyjnik-z-kciezycem","11":"product_tag-naszyjnik-z-lunula","13":"first","14":"outofstock","15":"shipping-taxable","16":"purchasable","17":"product-type-simple"},"jetpack_sharing_enabled":true,"_links":{"self":[{"href":"https:\/\/koraledetale.pl\/index.php?rest_route=\/wp\/v2\/product\/4834","targetHints":{"allow":["GET"]}}],"collection":[{"href":"https:\/\/koraledetale.pl\/index.php?rest_route=\/wp\/v2\/product"}],"about":[{"href":"https:\/\/koraledetale.pl\/index.php?rest_route=\/wp\/v2\/types\/product"}],"replies":[{"embeddable":true,"href":"https:\/\/koraledetale.pl\/index.php?rest_route=%2Fwp%2Fv2%2Fcomments&post=4834"}],"wp:featuredmedia":[{"embeddable":true,"href":"https:\/\/koraledetale.pl\/index.php?rest_route=\/wp\/v2\/media\/4835"}],"wp:attachment":[{"href":"https:\/\/koraledetale.pl\/index.php?rest_route=%2Fwp%2Fv2%2Fmedia&parent=4834"}],"wp:term":[{"taxonomy":"product_brand","embeddable":true,"href":"https:\/\/koraledetale.pl\/index.php?rest_route=%2Fwp%2Fv2%2Fproduct_brand&post=4834"},{"taxonomy":"product_cat","embeddable":true,"href":"https:\/\/koraledetale.pl\/index.php?rest_route=%2Fwp%2Fv2%2Fproduct_cat&post=4834"},{"taxonomy":"product_tag","embeddable":true,"href":"https:\/\/koraledetale.pl\/index.php?rest_route=%2Fwp%2Fv2%2Fproduct_tag&post=4834"}],"curies":[{"name":"wp","href":"https:\/\/api.w.org\/{rel}","templated":true}]}}