{"id":4832,"date":"2023-11-22T15:34:21","date_gmt":"2023-11-22T15:34:21","guid":{"rendered":"https:\/\/koraledetale.pl\/?post_type=product&#038;p=4832"},"modified":"2024-11-28T16:20:21","modified_gmt":"2024-11-28T16:20:21","slug":"naszyjnik-gwiezdny-pyl-z-hematytami","status":"publish","type":"product","link":"https:\/\/koraledetale.pl\/?product=naszyjnik-gwiezdny-pyl-z-hematytami","title":{"rendered":"Naszyjnik GWIEZDNY PY\u0141 z hematytami"},"content":{"rendered":"<p>Wielko\u015b\u0107 hematyt\u00f3w: 3&#215;2 mm.<\/p>\n<p>D\u0142ugo\u015b\u0107 naszyjnika: 50 &#8211; 55 cm.<\/p>\n<p>Wszystkie elementy metalowe wykonane s\u0105 z nieuczulaj\u0105cej stali szlachetnej.<\/p>\n","protected":false},"excerpt":{"rendered":"<p>Efektowny naszyjnik z cz\u0119\u015bciowo m\u0142otkowanym elementem, uzupe\u0142nionym fasetowanymi hematytami.<\/p>\n<p>\u015awietnie pasuje do swetra jaki i do wieczorowych kreacji.<\/p>\n","protected":false},"featured_media":4830,"comment_status":"open","ping_status":"closed","template":"","meta":{"advanced_seo_description":"","jetpack_seo_html_title":"","jetpack_seo_noindex":false},"product_brand":[],"product_cat":[229],"product_tag":[67,1800,1799,66],"class_list":{"0":"post-4832","1":"product","2":"type-product","3":"status-publish","4":"has-post-thumbnail","6":"product_cat-sprzedane","7":"product_tag-hematyt","8":"product_tag-kolia-z-hematytami","9":"product_tag-naszyjnik-z-hematytami","10":"product_tag-naszyjnik-z-kamieniami-naturalnymi","12":"first","13":"outofstock","14":"shipping-taxable","15":"product-type-simple"},"jetpack_sharing_enabled":true,"_links":{"self":[{"href":"https:\/\/koraledetale.pl\/index.php?rest_route=\/wp\/v2\/product\/4832","targetHints":{"allow":["GET"]}}],"collection":[{"href":"https:\/\/koraledetale.pl\/index.php?rest_route=\/wp\/v2\/product"}],"about":[{"href":"https:\/\/koraledetale.pl\/index.php?rest_route=\/wp\/v2\/types\/product"}],"replies":[{"embeddable":true,"href":"https:\/\/koraledetale.pl\/index.php?rest_route=%2Fwp%2Fv2%2Fcomments&post=4832"}],"wp:featuredmedia":[{"embeddable":true,"href":"https:\/\/koraledetale.pl\/index.php?rest_route=\/wp\/v2\/media\/4830"}],"wp:attachment":[{"href":"https:\/\/koraledetale.pl\/index.php?rest_route=%2Fwp%2Fv2%2Fmedia&parent=4832"}],"wp:term":[{"taxonomy":"product_brand","embeddable":true,"href":"https:\/\/koraledetale.pl\/index.php?rest_route=%2Fwp%2Fv2%2Fproduct_brand&post=4832"},{"taxonomy":"product_cat","embeddable":true,"href":"https:\/\/koraledetale.pl\/index.php?rest_route=%2Fwp%2Fv2%2Fproduct_cat&post=4832"},{"taxonomy":"product_tag","embeddable":true,"href":"https:\/\/koraledetale.pl\/index.php?rest_route=%2Fwp%2Fv2%2Fproduct_tag&post=4832"}],"curies":[{"name":"wp","href":"https:\/\/api.w.org\/{rel}","templated":true}]}}