{"id":4817,"date":"2023-11-20T11:36:40","date_gmt":"2023-11-20T11:36:40","guid":{"rendered":"https:\/\/koraledetale.pl\/?post_type=product&#038;p=4817"},"modified":"2024-02-18T06:58:20","modified_gmt":"2024-02-18T06:58:20","slug":"zawieszka-z-rozowym-opalem","status":"publish","type":"product","link":"https:\/\/koraledetale.pl\/?product=zawieszka-z-rozowym-opalem","title":{"rendered":"Zawieszka z r\u00f3\u017cowym opalem"},"content":{"rendered":"<p>Wielko\u015b\u0107 kamieni:<\/p>\n<ul>\n<li>opal \u2013 10\u00d76 mm,<\/li>\n<li>hematyt \u2013 3\u00d72 mm.<\/li>\n<\/ul>\n<p>D\u0142ugo\u015b\u0107 zawieszki \u2013 2,5 cm.<\/p>\n<p>Wszystkie elementy metalowe wykonane s\u0105 z nieuczulaj\u0105cej stali szlachetnej.<\/p>\n","protected":false},"excerpt":{"rendered":"<p>Zawieszka z zapi\u0119ciem, z nieregularnym wa\u0142eczkiem opalu pakista\u0144skiego pomi\u0119dzy z\u0142otymi hematytami.<\/p>\n","protected":false},"featured_media":4814,"comment_status":"open","ping_status":"closed","template":"","meta":{"advanced_seo_description":"","jetpack_seo_html_title":"","jetpack_seo_noindex":false},"product_brand":[],"product_cat":[1060],"product_tag":[1793,1321,1789,1792,1127,1791,1066],"class_list":{"0":"post-4817","1":"product","2":"type-product","3":"status-publish","4":"has-post-thumbnail","6":"product_cat-zawieszki","7":"product_tag-opal-pakistanski","8":"product_tag-opal-peruwianski","9":"product_tag-zawieszka-z-karabinczykiem","10":"product_tag-zawieszka-z-opalem-pakistanskim","11":"product_tag-zawieszka-z-rozowym-kamieniem","12":"product_tag-zawieszka-z-rozowym-opalem","13":"product_tag-zawieszka-z-zapieciem","15":"first","16":"instock","17":"shipping-taxable","18":"purchasable","19":"product-type-simple"},"jetpack_sharing_enabled":true,"_links":{"self":[{"href":"https:\/\/koraledetale.pl\/index.php?rest_route=\/wp\/v2\/product\/4817","targetHints":{"allow":["GET"]}}],"collection":[{"href":"https:\/\/koraledetale.pl\/index.php?rest_route=\/wp\/v2\/product"}],"about":[{"href":"https:\/\/koraledetale.pl\/index.php?rest_route=\/wp\/v2\/types\/product"}],"replies":[{"embeddable":true,"href":"https:\/\/koraledetale.pl\/index.php?rest_route=%2Fwp%2Fv2%2Fcomments&post=4817"}],"wp:featuredmedia":[{"embeddable":true,"href":"https:\/\/koraledetale.pl\/index.php?rest_route=\/wp\/v2\/media\/4814"}],"wp:attachment":[{"href":"https:\/\/koraledetale.pl\/index.php?rest_route=%2Fwp%2Fv2%2Fmedia&parent=4817"}],"wp:term":[{"taxonomy":"product_brand","embeddable":true,"href":"https:\/\/koraledetale.pl\/index.php?rest_route=%2Fwp%2Fv2%2Fproduct_brand&post=4817"},{"taxonomy":"product_cat","embeddable":true,"href":"https:\/\/koraledetale.pl\/index.php?rest_route=%2Fwp%2Fv2%2Fproduct_cat&post=4817"},{"taxonomy":"product_tag","embeddable":true,"href":"https:\/\/koraledetale.pl\/index.php?rest_route=%2Fwp%2Fv2%2Fproduct_tag&post=4817"}],"curies":[{"name":"wp","href":"https:\/\/api.w.org\/{rel}","templated":true}]}}