{"id":4777,"date":"2023-11-09T10:19:55","date_gmt":"2023-11-09T10:19:55","guid":{"rendered":"https:\/\/koraledetale.pl\/?post_type=product&#038;p=4777"},"modified":"2024-01-04T16:14:52","modified_gmt":"2024-01-04T16:14:52","slug":"lancuszek-dominikana-z-larimarem","status":"publish","type":"product","link":"https:\/\/koraledetale.pl\/?product=lancuszek-dominikana-z-larimarem","title":{"rendered":"\u0141a\u0144cuszek DOMINIKANA I z larimarem"},"content":{"rendered":"<p>Wielko\u015b\u0107 larimaru: 21x10x4,5 mm.<\/p>\n<p>D\u0142ugo\u015b\u0107 \u0142a\u0144cuszka: 37,5 &#8211; 42,5 cm.<\/p>\n<p>Wszystkie elementy metalowe wykonane s\u0105 z nieuczulaj\u0105cej stali szlachetnej.<\/p>\n","protected":false},"excerpt":{"rendered":"<p>Kr\u00f3tki \u0142a\u0144cuszek z du\u017c\u0105 \u0142ezk\u0105 larimaru.<\/p>\n","protected":false},"featured_media":4778,"comment_status":"open","ping_status":"closed","template":"","meta":{"advanced_seo_description":"","jetpack_seo_html_title":"","jetpack_seo_noindex":false},"product_brand":[],"product_cat":[229],"product_tag":[488,333,1777],"class_list":{"0":"post-4777","1":"product","2":"type-product","3":"status-publish","4":"has-post-thumbnail","6":"product_cat-sprzedane","7":"product_tag-larimar","8":"product_tag-naszyjnik-z-larimarem","9":"product_tag-lancuszek-z-larimarem","11":"first","12":"outofstock","13":"shipping-taxable","14":"purchasable","15":"product-type-simple"},"jetpack_sharing_enabled":true,"_links":{"self":[{"href":"https:\/\/koraledetale.pl\/index.php?rest_route=\/wp\/v2\/product\/4777","targetHints":{"allow":["GET"]}}],"collection":[{"href":"https:\/\/koraledetale.pl\/index.php?rest_route=\/wp\/v2\/product"}],"about":[{"href":"https:\/\/koraledetale.pl\/index.php?rest_route=\/wp\/v2\/types\/product"}],"replies":[{"embeddable":true,"href":"https:\/\/koraledetale.pl\/index.php?rest_route=%2Fwp%2Fv2%2Fcomments&post=4777"}],"wp:featuredmedia":[{"embeddable":true,"href":"https:\/\/koraledetale.pl\/index.php?rest_route=\/wp\/v2\/media\/4778"}],"wp:attachment":[{"href":"https:\/\/koraledetale.pl\/index.php?rest_route=%2Fwp%2Fv2%2Fmedia&parent=4777"}],"wp:term":[{"taxonomy":"product_brand","embeddable":true,"href":"https:\/\/koraledetale.pl\/index.php?rest_route=%2Fwp%2Fv2%2Fproduct_brand&post=4777"},{"taxonomy":"product_cat","embeddable":true,"href":"https:\/\/koraledetale.pl\/index.php?rest_route=%2Fwp%2Fv2%2Fproduct_cat&post=4777"},{"taxonomy":"product_tag","embeddable":true,"href":"https:\/\/koraledetale.pl\/index.php?rest_route=%2Fwp%2Fv2%2Fproduct_tag&post=4777"}],"curies":[{"name":"wp","href":"https:\/\/api.w.org\/{rel}","templated":true}]}}