{"id":4771,"date":"2023-11-06T10:33:53","date_gmt":"2023-11-06T10:33:53","guid":{"rendered":"https:\/\/koraledetale.pl\/?post_type=product&#038;p=4771"},"modified":"2023-11-08T14:07:28","modified_gmt":"2023-11-08T14:07:28","slug":"kolczyki-dlugie-z-iolitem-granatem-i-rozowym-kwarcem","status":"publish","type":"product","link":"https:\/\/koraledetale.pl\/?product=kolczyki-dlugie-z-iolitem-granatem-i-rozowym-kwarcem","title":{"rendered":"Kolczyki D\u0141UGIE z iolitem, granatem i r\u00f3\u017cowym kwarcem"},"content":{"rendered":"<p>Wielko\u015b\u0107 kamieni:<\/p>\n<ul>\n<li>iolit &#8211; 6,5 x 4,5 mm,<\/li>\n<li>granat &#8211; 7&#215;3,5 mm,<\/li>\n<li>kwarc r\u00f3\u017cowy &#8211; 10x6x3,5 mm.<\/li>\n<\/ul>\n<p>D\u0142ugo\u015b\u0107 kolczyk\u00f3w \u2013 5,8 cm.<\/p>\n<p>Wszystkie elementy metalowe wykonane s\u0105 z nieuczulaj\u0105cej stali szlachetnej.<\/p>\n","protected":false},"excerpt":{"rendered":"<p>D\u0142ugie kolczyki na sztyftach &#8211; plecionych wiankach, z kolorowymi kamieniami &#8211; iolitem i r\u00f3\u017cowym kwarcem oraz malutkim granatem zawieszonym na karbowanym \u0142a\u0144cuszku.<\/p>\n","protected":false},"featured_media":4765,"comment_status":"open","ping_status":"closed","template":"","meta":{"advanced_seo_description":"","jetpack_seo_html_title":"","jetpack_seo_noindex":false},"product_brand":[],"product_cat":[229],"product_tag":[1774,1100,71,980,1775,216,1776],"class_list":{"0":"post-4771","1":"product","2":"type-product","3":"status-publish","4":"has-post-thumbnail","6":"product_cat-sprzedane","7":"product_tag-dlugie-koczyki-z-kamieniami-naturalnymi","8":"product_tag-dlugie-kolczyki-na-sztyftach","9":"product_tag-granat","10":"product_tag-iloit","11":"product_tag-kolczyki-z-iolitem-granatem-i-rozowym-kwarcem","12":"product_tag-kwarc-rozowy","13":"product_tag-szafir-wodny","15":"first","16":"outofstock","17":"shipping-taxable","18":"purchasable","19":"product-type-simple"},"jetpack_sharing_enabled":true,"_links":{"self":[{"href":"https:\/\/koraledetale.pl\/index.php?rest_route=\/wp\/v2\/product\/4771","targetHints":{"allow":["GET"]}}],"collection":[{"href":"https:\/\/koraledetale.pl\/index.php?rest_route=\/wp\/v2\/product"}],"about":[{"href":"https:\/\/koraledetale.pl\/index.php?rest_route=\/wp\/v2\/types\/product"}],"replies":[{"embeddable":true,"href":"https:\/\/koraledetale.pl\/index.php?rest_route=%2Fwp%2Fv2%2Fcomments&post=4771"}],"wp:featuredmedia":[{"embeddable":true,"href":"https:\/\/koraledetale.pl\/index.php?rest_route=\/wp\/v2\/media\/4765"}],"wp:attachment":[{"href":"https:\/\/koraledetale.pl\/index.php?rest_route=%2Fwp%2Fv2%2Fmedia&parent=4771"}],"wp:term":[{"taxonomy":"product_brand","embeddable":true,"href":"https:\/\/koraledetale.pl\/index.php?rest_route=%2Fwp%2Fv2%2Fproduct_brand&post=4771"},{"taxonomy":"product_cat","embeddable":true,"href":"https:\/\/koraledetale.pl\/index.php?rest_route=%2Fwp%2Fv2%2Fproduct_cat&post=4771"},{"taxonomy":"product_tag","embeddable":true,"href":"https:\/\/koraledetale.pl\/index.php?rest_route=%2Fwp%2Fv2%2Fproduct_tag&post=4771"}],"curies":[{"name":"wp","href":"https:\/\/api.w.org\/{rel}","templated":true}]}}