{"id":4764,"date":"2023-11-06T10:21:29","date_gmt":"2023-11-06T10:21:29","guid":{"rendered":"https:\/\/koraledetale.pl\/?post_type=product&#038;p=4764"},"modified":"2024-05-15T13:14:09","modified_gmt":"2024-05-15T13:14:09","slug":"kolczyki-przy-uchu-z-opalami","status":"publish","type":"product","link":"https:\/\/koraledetale.pl\/?product=kolczyki-przy-uchu-z-opalami","title":{"rendered":"Kolczyki PRZY UCHU z opalami"},"content":{"rendered":"<p>Wielko\u015b\u0107 opali: 9\u00d75 mm.<\/p>\n<p>D\u0142ugo\u015b\u0107 kolczyk\u00f3w &#8211; 1,5 cm.<\/p>\n<p>Wszystkie elementy metalowe wykonane s\u0105 z nieuczulaj\u0105cej stali szlachetnej.<\/p>\n","protected":false},"excerpt":{"rendered":"<p>Kr\u00f3ciutkie kolczyki\u00a0 z oponk\u0105 r\u00f3\u017cowego opalu i okr\u0105g\u0142\u0105 blaszk\u0105, zawieszonymi na sztyfcie &#8211; kulce.<\/p>\n","protected":false},"featured_media":4769,"comment_status":"open","ping_status":"closed","template":"","meta":{"advanced_seo_description":"","jetpack_seo_html_title":"","jetpack_seo_noindex":false},"product_brand":[],"product_cat":[229],"product_tag":[1773,95,1030,1444,806,1756],"class_list":{"0":"post-4764","1":"product","2":"type-product","3":"status-publish","4":"has-post-thumbnail","6":"product_cat-sprzedane","7":"product_tag-kolczyki-na-sztyfcie-z-opalem","8":"product_tag-kolczyki-z-kamieniami-naturalnymi","9":"product_tag-kolczyki-z-opalem","10":"product_tag-kolczyki-z-rozowym-kamieniem","11":"product_tag-opal","12":"product_tag-rozowe-kolczyki","14":"first","15":"outofstock","16":"shipping-taxable","17":"purchasable","18":"product-type-simple"},"jetpack_sharing_enabled":true,"_links":{"self":[{"href":"https:\/\/koraledetale.pl\/index.php?rest_route=\/wp\/v2\/product\/4764","targetHints":{"allow":["GET"]}}],"collection":[{"href":"https:\/\/koraledetale.pl\/index.php?rest_route=\/wp\/v2\/product"}],"about":[{"href":"https:\/\/koraledetale.pl\/index.php?rest_route=\/wp\/v2\/types\/product"}],"replies":[{"embeddable":true,"href":"https:\/\/koraledetale.pl\/index.php?rest_route=%2Fwp%2Fv2%2Fcomments&post=4764"}],"wp:featuredmedia":[{"embeddable":true,"href":"https:\/\/koraledetale.pl\/index.php?rest_route=\/wp\/v2\/media\/4769"}],"wp:attachment":[{"href":"https:\/\/koraledetale.pl\/index.php?rest_route=%2Fwp%2Fv2%2Fmedia&parent=4764"}],"wp:term":[{"taxonomy":"product_brand","embeddable":true,"href":"https:\/\/koraledetale.pl\/index.php?rest_route=%2Fwp%2Fv2%2Fproduct_brand&post=4764"},{"taxonomy":"product_cat","embeddable":true,"href":"https:\/\/koraledetale.pl\/index.php?rest_route=%2Fwp%2Fv2%2Fproduct_cat&post=4764"},{"taxonomy":"product_tag","embeddable":true,"href":"https:\/\/koraledetale.pl\/index.php?rest_route=%2Fwp%2Fv2%2Fproduct_tag&post=4764"}],"curies":[{"name":"wp","href":"https:\/\/api.w.org\/{rel}","templated":true}]}}