{"id":4762,"date":"2023-11-04T09:55:03","date_gmt":"2023-11-04T09:55:03","guid":{"rendered":"https:\/\/koraledetale.pl\/?post_type=product&#038;p=4762"},"modified":"2026-03-07T11:15:56","modified_gmt":"2026-03-07T11:15:56","slug":"bransoletka-kardynal-z-perlami-i-rubinami","status":"publish","type":"product","link":"https:\/\/koraledetale.pl\/?product=bransoletka-kardynal-z-perlami-i-rubinami","title":{"rendered":"Bransoletka KARDYNA\u0141 z per\u0142ami i rubinami"},"content":{"rendered":"<p>Wielko\u015b\u0107 kamieni:<\/p>\n<ul>\n<li>per\u0142a &#8211; ok. 5&#215;3,5 mm,<\/li>\n<li>rubin &#8211; 3,5 mm,<\/li>\n<li>hematyt \u2013 2\u00d71 mm i 2,5 mm.<\/li>\n<\/ul>\n<p>D\u0142ugo\u015b\u0107 bransoletki: 16,5 \u2013 19,3 cm.<\/p>\n<p>Wszystkie elementy metalowe wykonane s\u0105 z nieuczulaj\u0105cej stali szlachetnej.<\/p>\n","protected":false},"excerpt":{"rendered":"<p>Bransoletka z czarnych, pod\u0142u\u017cnych pere\u0142, przeplatanych rubinami i z\u0142otymi hematytami, zasupe\u0142kowanymi na mocnej nici jubilerskiej w kolorze rubin\u00f3w.<\/p>\n","protected":false},"featured_media":4758,"comment_status":"open","ping_status":"closed","template":"","meta":{"advanced_seo_description":"","jetpack_seo_html_title":"","jetpack_seo_noindex":false},"product_brand":[],"product_cat":[229],"product_tag":[1772,1771,1687,117,31],"class_list":{"0":"post-4762","1":"product","2":"type-product","3":"status-publish","4":"has-post-thumbnail","6":"product_cat-sprzedane","7":"product_tag-bransoletka-z-czarnych-perel-i-rubinow","8":"product_tag-bransoletka-z-perlami-i-rubinami","9":"product_tag-czarna-perla","10":"product_tag-rubin","11":"product_tag-zloty-hematyt","13":"first","14":"outofstock","15":"shipping-taxable","16":"purchasable","17":"product-type-simple"},"jetpack_sharing_enabled":true,"_links":{"self":[{"href":"https:\/\/koraledetale.pl\/index.php?rest_route=\/wp\/v2\/product\/4762","targetHints":{"allow":["GET"]}}],"collection":[{"href":"https:\/\/koraledetale.pl\/index.php?rest_route=\/wp\/v2\/product"}],"about":[{"href":"https:\/\/koraledetale.pl\/index.php?rest_route=\/wp\/v2\/types\/product"}],"replies":[{"embeddable":true,"href":"https:\/\/koraledetale.pl\/index.php?rest_route=%2Fwp%2Fv2%2Fcomments&post=4762"}],"wp:featuredmedia":[{"embeddable":true,"href":"https:\/\/koraledetale.pl\/index.php?rest_route=\/wp\/v2\/media\/4758"}],"wp:attachment":[{"href":"https:\/\/koraledetale.pl\/index.php?rest_route=%2Fwp%2Fv2%2Fmedia&parent=4762"}],"wp:term":[{"taxonomy":"product_brand","embeddable":true,"href":"https:\/\/koraledetale.pl\/index.php?rest_route=%2Fwp%2Fv2%2Fproduct_brand&post=4762"},{"taxonomy":"product_cat","embeddable":true,"href":"https:\/\/koraledetale.pl\/index.php?rest_route=%2Fwp%2Fv2%2Fproduct_cat&post=4762"},{"taxonomy":"product_tag","embeddable":true,"href":"https:\/\/koraledetale.pl\/index.php?rest_route=%2Fwp%2Fv2%2Fproduct_tag&post=4762"}],"curies":[{"name":"wp","href":"https:\/\/api.w.org\/{rel}","templated":true}]}}