{"id":4748,"date":"2023-10-31T10:53:51","date_gmt":"2023-10-31T10:53:51","guid":{"rendered":"https:\/\/koraledetale.pl\/?post_type=product&#038;p=4748"},"modified":"2023-12-11T21:24:57","modified_gmt":"2023-12-11T21:24:57","slug":"kolczyki-sztorm-z-apatytami","status":"publish","type":"product","link":"https:\/\/koraledetale.pl\/?product=kolczyki-sztorm-z-apatytami","title":{"rendered":"Kolczyki SZTORM z apatytami"},"content":{"rendered":"<p>Wielko\u015b\u0107 apatyt\u00f3w: 8\u00d76 mm.<\/p>\n<p>D\u0142ugo\u015b\u0107 kolczyk\u00f3w \u2013 3,4 cm.<\/p>\n<p>Wszystkie elementy metalowe wykonane s\u0105 z nieuczulaj\u0105cej stali szlachetnej.<\/p>\n","protected":false},"excerpt":{"rendered":"<p>Kolczyki na sztyftach \u2013 okr\u0119gach z przecieran\u0105 faktur\u0105, na kt\u00f3rych zawieszone jest karbowane k\u00f3\u0142ko i plaster apatytu.<\/p>\n","protected":false},"featured_media":4741,"comment_status":"open","ping_status":"closed","template":"","meta":{"advanced_seo_description":"","jetpack_seo_html_title":"","jetpack_seo_noindex":false},"product_brand":[],"product_cat":[229],"product_tag":[92,1165,324,108,713],"class_list":{"0":"post-4748","1":"product","2":"type-product","3":"status-publish","4":"has-post-thumbnail","6":"product_cat-sprzedane","7":"product_tag-apatyt","8":"product_tag-kolczyki-z-apatytami","9":"product_tag-kolczyki-z-niebieskimi-kamieniami","10":"product_tag-kolczyki-ze-stali-szlachetnej","11":"product_tag-minimalistyczne-kolczyki-z-kamieniami-naturalnymi","13":"first","14":"outofstock","15":"shipping-taxable","16":"purchasable","17":"product-type-simple"},"jetpack_sharing_enabled":true,"_links":{"self":[{"href":"https:\/\/koraledetale.pl\/index.php?rest_route=\/wp\/v2\/product\/4748","targetHints":{"allow":["GET"]}}],"collection":[{"href":"https:\/\/koraledetale.pl\/index.php?rest_route=\/wp\/v2\/product"}],"about":[{"href":"https:\/\/koraledetale.pl\/index.php?rest_route=\/wp\/v2\/types\/product"}],"replies":[{"embeddable":true,"href":"https:\/\/koraledetale.pl\/index.php?rest_route=%2Fwp%2Fv2%2Fcomments&post=4748"}],"wp:featuredmedia":[{"embeddable":true,"href":"https:\/\/koraledetale.pl\/index.php?rest_route=\/wp\/v2\/media\/4741"}],"wp:attachment":[{"href":"https:\/\/koraledetale.pl\/index.php?rest_route=%2Fwp%2Fv2%2Fmedia&parent=4748"}],"wp:term":[{"taxonomy":"product_brand","embeddable":true,"href":"https:\/\/koraledetale.pl\/index.php?rest_route=%2Fwp%2Fv2%2Fproduct_brand&post=4748"},{"taxonomy":"product_cat","embeddable":true,"href":"https:\/\/koraledetale.pl\/index.php?rest_route=%2Fwp%2Fv2%2Fproduct_cat&post=4748"},{"taxonomy":"product_tag","embeddable":true,"href":"https:\/\/koraledetale.pl\/index.php?rest_route=%2Fwp%2Fv2%2Fproduct_tag&post=4748"}],"curies":[{"name":"wp","href":"https:\/\/api.w.org\/{rel}","templated":true}]}}