{"id":4740,"date":"2023-10-30T09:51:59","date_gmt":"2023-10-30T09:51:59","guid":{"rendered":"https:\/\/koraledetale.pl\/?post_type=product&#038;p=4740"},"modified":"2023-10-30T10:14:37","modified_gmt":"2023-10-30T10:14:37","slug":"kolczyki-odwilz-z-labradorytem-i-cytrynem","status":"publish","type":"product","link":"https:\/\/koraledetale.pl\/?product=kolczyki-odwilz-z-labradorytem-i-cytrynem","title":{"rendered":"Kolczyki ODWIL\u017b z labradorytem i cytrynem"},"content":{"rendered":"<p>Wielko\u015b\u0107 kamieni:<\/p>\n<ul>\n<li>labradoryt \u2013 13,5\u00d74 mm,<\/li>\n<li>cytryn \u2013 4&#215;3 mm,<\/li>\n<li>hematyt \u2013 3\u00d71 mm.<\/li>\n<\/ul>\n<p>D\u0142ugo\u015b\u0107 kolczyk\u00f3w: 3,2 cm.<\/p>\n<p>Wszystkie elementy metalowe wykonane s\u0105 z nieuczulaj\u0105cej stali szlachetnej.<\/p>\n","protected":false},"excerpt":{"rendered":"<p>Kolczyki na sztyftach z wa\u0142eczkami labradorytu, fasetowanymi oponkami cytrynu i z\u0142otymi hematytami.<\/p>\n","protected":false},"featured_media":4737,"comment_status":"open","ping_status":"closed","template":"","meta":{"advanced_seo_description":"","jetpack_seo_html_title":"","jetpack_seo_noindex":false},"product_brand":[],"product_cat":[18],"product_tag":[193,1005,1763,1764,56,31],"class_list":{"0":"post-4740","1":"product","2":"type-product","3":"status-publish","4":"has-post-thumbnail","6":"product_cat-kolczyki","7":"product_tag-cytryn","8":"product_tag-kolczyki-na-sztyftach-z-kamieniami-naturalnymi","9":"product_tag-kolczyki-z-labradorytem-i-cytrynem","10":"product_tag-krotkie-koczyli-z-jasnymi-kamieniami","11":"product_tag-labradoryt","12":"product_tag-zloty-hematyt","14":"first","15":"instock","16":"shipping-taxable","17":"purchasable","18":"product-type-simple"},"jetpack_sharing_enabled":true,"_links":{"self":[{"href":"https:\/\/koraledetale.pl\/index.php?rest_route=\/wp\/v2\/product\/4740","targetHints":{"allow":["GET"]}}],"collection":[{"href":"https:\/\/koraledetale.pl\/index.php?rest_route=\/wp\/v2\/product"}],"about":[{"href":"https:\/\/koraledetale.pl\/index.php?rest_route=\/wp\/v2\/types\/product"}],"replies":[{"embeddable":true,"href":"https:\/\/koraledetale.pl\/index.php?rest_route=%2Fwp%2Fv2%2Fcomments&post=4740"}],"wp:featuredmedia":[{"embeddable":true,"href":"https:\/\/koraledetale.pl\/index.php?rest_route=\/wp\/v2\/media\/4737"}],"wp:attachment":[{"href":"https:\/\/koraledetale.pl\/index.php?rest_route=%2Fwp%2Fv2%2Fmedia&parent=4740"}],"wp:term":[{"taxonomy":"product_brand","embeddable":true,"href":"https:\/\/koraledetale.pl\/index.php?rest_route=%2Fwp%2Fv2%2Fproduct_brand&post=4740"},{"taxonomy":"product_cat","embeddable":true,"href":"https:\/\/koraledetale.pl\/index.php?rest_route=%2Fwp%2Fv2%2Fproduct_cat&post=4740"},{"taxonomy":"product_tag","embeddable":true,"href":"https:\/\/koraledetale.pl\/index.php?rest_route=%2Fwp%2Fv2%2Fproduct_tag&post=4740"}],"curies":[{"name":"wp","href":"https:\/\/api.w.org\/{rel}","templated":true}]}}