{"id":4734,"date":"2023-10-27T09:39:15","date_gmt":"2023-10-27T09:39:15","guid":{"rendered":"https:\/\/koraledetale.pl\/?post_type=product&#038;p=4734"},"modified":"2024-05-23T10:56:08","modified_gmt":"2024-05-23T10:56:08","slug":"naszyjnik-kolia-z-nefrytami-i-awenturynem","status":"publish","type":"product","link":"https:\/\/koraledetale.pl\/?product=naszyjnik-kolia-z-nefrytami-i-awenturynem","title":{"rendered":"Naszyjnik KOLIA z nefrytami i awenturynem"},"content":{"rendered":"<p>Wielko\u015b\u0107 kamieni:<\/p>\n<ul>\n<li>nefryt &#8211; 8 mm,<\/li>\n<li>hematyt &#8211; 10 mm, 4&#215;2 mm i 2 mm.<\/li>\n<\/ul>\n<p>Wielko\u015b\u0107 zawieszki z awenturynem &#8211; 2,2 cm.<\/p>\n<p>D\u0142ugo\u015b\u0107 naszyjnika: 45 &#8211; 50 cm.<\/p>\n<p>Wszystkie elementy metalowe wykonane s\u0105 z nieuczulaj\u0105cej stali szlachetnej.<\/p>\n","protected":false},"excerpt":{"rendered":"<p>Naszyjnik z du\u017cych, g\u0142adkich, nefrytowych kulek, przeplatanych z\u0142otymi hematytami z imponuj\u0105c\u0105 zawieszk\u0105 z owalnym awenturynem.<\/p>\n","protected":false},"featured_media":4739,"comment_status":"open","ping_status":"closed","template":"","meta":{"advanced_seo_description":"","jetpack_seo_html_title":"","jetpack_seo_noindex":false},"product_brand":[],"product_cat":[229],"product_tag":[482,1761,66,1760,1762,451,778,31],"class_list":{"0":"post-4734","1":"product","2":"type-product","3":"status-publish","4":"has-post-thumbnail","6":"product_cat-sprzedane","7":"product_tag-awenturyn","8":"product_tag-naszyjnik-z-duzymi-kamieniami","9":"product_tag-naszyjnik-z-kamieniami-naturalnymi","10":"product_tag-naszyjnik-z-nefrytami-i-awenturynem","11":"product_tag-naszyjnik-z-zawieszka-z-awenturynu","12":"product_tag-naszyjnik-z-zielonymi-kamieniami","13":"product_tag-nefryt","14":"product_tag-zloty-hematyt","16":"first","17":"outofstock","18":"shipping-taxable","19":"purchasable","20":"product-type-simple"},"jetpack_sharing_enabled":true,"_links":{"self":[{"href":"https:\/\/koraledetale.pl\/index.php?rest_route=\/wp\/v2\/product\/4734","targetHints":{"allow":["GET"]}}],"collection":[{"href":"https:\/\/koraledetale.pl\/index.php?rest_route=\/wp\/v2\/product"}],"about":[{"href":"https:\/\/koraledetale.pl\/index.php?rest_route=\/wp\/v2\/types\/product"}],"replies":[{"embeddable":true,"href":"https:\/\/koraledetale.pl\/index.php?rest_route=%2Fwp%2Fv2%2Fcomments&post=4734"}],"wp:featuredmedia":[{"embeddable":true,"href":"https:\/\/koraledetale.pl\/index.php?rest_route=\/wp\/v2\/media\/4739"}],"wp:attachment":[{"href":"https:\/\/koraledetale.pl\/index.php?rest_route=%2Fwp%2Fv2%2Fmedia&parent=4734"}],"wp:term":[{"taxonomy":"product_brand","embeddable":true,"href":"https:\/\/koraledetale.pl\/index.php?rest_route=%2Fwp%2Fv2%2Fproduct_brand&post=4734"},{"taxonomy":"product_cat","embeddable":true,"href":"https:\/\/koraledetale.pl\/index.php?rest_route=%2Fwp%2Fv2%2Fproduct_cat&post=4734"},{"taxonomy":"product_tag","embeddable":true,"href":"https:\/\/koraledetale.pl\/index.php?rest_route=%2Fwp%2Fv2%2Fproduct_tag&post=4734"}],"curies":[{"name":"wp","href":"https:\/\/api.w.org\/{rel}","templated":true}]}}