{"id":4726,"date":"2023-10-26T09:53:27","date_gmt":"2023-10-26T09:53:27","guid":{"rendered":"https:\/\/koraledetale.pl\/?post_type=product&#038;p=4726"},"modified":"2024-03-10T17:23:25","modified_gmt":"2024-03-10T17:23:25","slug":"kolczyki-roza-z-perlami-opalami-i-turmalinami","status":"publish","type":"product","link":"https:\/\/koraledetale.pl\/?product=kolczyki-roza-z-perlami-opalami-i-turmalinami","title":{"rendered":"Kolczyki R\u00d3\u017bA O PORANKU z per\u0142ami, opalami i turmalinami"},"content":{"rendered":"<p>Wielko\u015b\u0107 kamieni:<\/p>\n<ul>\n<li>per\u0142a &#8211; ok. 7&#215;6 mm,<\/li>\n<li>opal &#8211; 9&#215;5 mm,<\/li>\n<li>turmalin &#8211; 8&#215;5 mm,<\/li>\n<li>hematyt &#8211; 2,5 mm.<\/li>\n<\/ul>\n<p>D\u0142ugo\u015b\u0107 kolczyk\u00f3w &#8211; 7 cm.<\/p>\n<p>Wszystkie elementy metalowe wykonane s\u0105 z nieuczulaj\u0105cej stali szlachetnej.<\/p>\n","protected":false},"excerpt":{"rendered":"<p>D\u0142ugie kolczyki z r\u00f3\u017cowymi per\u0142ami, r\u00f3\u017cowymi opalami, malinowymi turmalinami i z\u0142otymi hematytami, zasupe\u0142kowanymi na r\u00f3\u017cowej, mocnej nici jubilerskiej i zawieszonymi na otwartym biglu.<\/p>\n","protected":false},"featured_media":4729,"comment_status":"open","ping_status":"closed","template":"","meta":{"advanced_seo_description":"","jetpack_seo_html_title":"","jetpack_seo_noindex":false},"product_brand":[],"product_cat":[229],"product_tag":[815,1754,1320,806,57,1756,573,87,1755,31],"class_list":{"0":"post-4726","1":"product","2":"type-product","3":"status-publish","4":"has-post-thumbnail","6":"product_cat-sprzedane","7":"product_tag-dlugie-kolczyki-z-kamieniami-naturalnymi","8":"product_tag-dlugie-kolczyki-z-perlami-opalami-i-turmalinami","9":"product_tag-dlugie-kolczyki-z-rozowymi-kamieniami","10":"product_tag-opal","11":"product_tag-perla","12":"product_tag-rozowe-kolczyki","13":"product_tag-rozowy","14":"product_tag-turmalin","15":"product_tag-wiszace-kolczyki-z-rozowymi-kamieniami","16":"product_tag-zloty-hematyt","18":"first","19":"outofstock","20":"shipping-taxable","21":"purchasable","22":"product-type-simple"},"jetpack_sharing_enabled":true,"_links":{"self":[{"href":"https:\/\/koraledetale.pl\/index.php?rest_route=\/wp\/v2\/product\/4726","targetHints":{"allow":["GET"]}}],"collection":[{"href":"https:\/\/koraledetale.pl\/index.php?rest_route=\/wp\/v2\/product"}],"about":[{"href":"https:\/\/koraledetale.pl\/index.php?rest_route=\/wp\/v2\/types\/product"}],"replies":[{"embeddable":true,"href":"https:\/\/koraledetale.pl\/index.php?rest_route=%2Fwp%2Fv2%2Fcomments&post=4726"}],"wp:featuredmedia":[{"embeddable":true,"href":"https:\/\/koraledetale.pl\/index.php?rest_route=\/wp\/v2\/media\/4729"}],"wp:attachment":[{"href":"https:\/\/koraledetale.pl\/index.php?rest_route=%2Fwp%2Fv2%2Fmedia&parent=4726"}],"wp:term":[{"taxonomy":"product_brand","embeddable":true,"href":"https:\/\/koraledetale.pl\/index.php?rest_route=%2Fwp%2Fv2%2Fproduct_brand&post=4726"},{"taxonomy":"product_cat","embeddable":true,"href":"https:\/\/koraledetale.pl\/index.php?rest_route=%2Fwp%2Fv2%2Fproduct_cat&post=4726"},{"taxonomy":"product_tag","embeddable":true,"href":"https:\/\/koraledetale.pl\/index.php?rest_route=%2Fwp%2Fv2%2Fproduct_tag&post=4726"}],"curies":[{"name":"wp","href":"https:\/\/api.w.org\/{rel}","templated":true}]}}