{"id":4724,"date":"2023-10-25T13:47:35","date_gmt":"2023-10-25T13:47:35","guid":{"rendered":"https:\/\/koraledetale.pl\/?post_type=product&#038;p=4724"},"modified":"2024-12-03T10:11:09","modified_gmt":"2024-12-03T10:11:09","slug":"pierscionek-ze-spinelami-i-kamieniem-slonecznym","status":"publish","type":"product","link":"https:\/\/koraledetale.pl\/?product=pierscionek-ze-spinelami-i-kamieniem-slonecznym","title":{"rendered":"Pier\u015bcionek ze spinelami i kamieniem s\u0142onecznym"},"content":{"rendered":"<p>Wielko\u015b\u0107 kamieni:<\/p>\n<ul>\n<li>kamie\u0144 s\u0142oneczny \u2013 4,5\u00d74,5 mm,<\/li>\n<li>spinel \u2013 2,8 mm,<\/li>\n<li>hematyt \u2013 2\u00d71 mm.<\/li>\n<\/ul>\n<p>Element (kwiatek) ze stali chirurgicznej \u2013 3\u00d71 mm.<\/p>\n<p>Rozmiar pier\u015bcionka: 15-16. Mo\u017cliwe jest zam\u00f3wienie pier\u015bcionka w innym rozmiarze \u2013 napisz w uwagach do zam\u00f3wienia jaki rozmiar Ci\u0119 interesuje.<\/p>\n","protected":false},"excerpt":{"rendered":"<p>Pier\u015bcionek na elastycznej \u017cy\u0142ce jubilerskiej z fasetowanymi kuleczkami spinelu, kosteczk\u0105 kamienia s\u0142onecznego i z\u0142otymi hematytami oraz ozdobnym elementem ze stali szlachetnej.<\/p>\n","protected":false},"featured_media":4719,"comment_status":"open","ping_status":"closed","template":"","meta":{"advanced_seo_description":"","jetpack_seo_html_title":"","jetpack_seo_noindex":false},"product_brand":[],"product_cat":[229],"product_tag":[1751,314,94,565,577,1750],"class_list":{"0":"post-4724","1":"product","2":"type-product","3":"status-publish","4":"has-post-thumbnail","6":"product_cat-sprzedane","7":"product_tag-czarny-spinel","8":"product_tag-elastyczny-pierscionek-z-kamieniami-naturalnymi","9":"product_tag-kamien-sloneczny","10":"product_tag-pierscionek-na-gumce-z-kamieniami-naturalnymi","11":"product_tag-pierscionek-z-czarnymi-kamieniami","12":"product_tag-pierscionek-ze-spinelem-i-kamieniem-slonecznym","14":"first","15":"outofstock","16":"shipping-taxable","17":"purchasable","18":"product-type-simple"},"jetpack_sharing_enabled":true,"_links":{"self":[{"href":"https:\/\/koraledetale.pl\/index.php?rest_route=\/wp\/v2\/product\/4724","targetHints":{"allow":["GET"]}}],"collection":[{"href":"https:\/\/koraledetale.pl\/index.php?rest_route=\/wp\/v2\/product"}],"about":[{"href":"https:\/\/koraledetale.pl\/index.php?rest_route=\/wp\/v2\/types\/product"}],"replies":[{"embeddable":true,"href":"https:\/\/koraledetale.pl\/index.php?rest_route=%2Fwp%2Fv2%2Fcomments&post=4724"}],"wp:featuredmedia":[{"embeddable":true,"href":"https:\/\/koraledetale.pl\/index.php?rest_route=\/wp\/v2\/media\/4719"}],"wp:attachment":[{"href":"https:\/\/koraledetale.pl\/index.php?rest_route=%2Fwp%2Fv2%2Fmedia&parent=4724"}],"wp:term":[{"taxonomy":"product_brand","embeddable":true,"href":"https:\/\/koraledetale.pl\/index.php?rest_route=%2Fwp%2Fv2%2Fproduct_brand&post=4724"},{"taxonomy":"product_cat","embeddable":true,"href":"https:\/\/koraledetale.pl\/index.php?rest_route=%2Fwp%2Fv2%2Fproduct_cat&post=4724"},{"taxonomy":"product_tag","embeddable":true,"href":"https:\/\/koraledetale.pl\/index.php?rest_route=%2Fwp%2Fv2%2Fproduct_tag&post=4724"}],"curies":[{"name":"wp","href":"https:\/\/api.w.org\/{rel}","templated":true}]}}