{"id":4721,"date":"2023-10-25T13:39:15","date_gmt":"2023-10-25T13:39:15","guid":{"rendered":"https:\/\/koraledetale.pl\/?post_type=product&#038;p=4721"},"modified":"2024-03-11T14:57:36","modified_gmt":"2024-03-11T14:57:36","slug":"pierscionek-z-opalami-granatami-i-turmalinem","status":"publish","type":"product","link":"https:\/\/koraledetale.pl\/?product=pierscionek-z-opalami-granatami-i-turmalinem","title":{"rendered":"Pier\u015bcionek z opalami, granatami i turmalinem"},"content":{"rendered":"<p>Wielko\u015b\u0107 kamieni:<\/p>\n<ul>\n<li>turmalin \u2013 4\u00d74 mm,<\/li>\n<li>granat \u2013 3,5 mm,<\/li>\n<li>opal \u2013 2 mm,<\/li>\n<li>hematyt \u2013 2\u00d71 mm.<\/li>\n<\/ul>\n<p>Element (kwiatek) ze stali chirurgicznej \u2013 3\u00d71 mm.<\/p>\n<p>Rozmiar pier\u015bcionka: 14-15. Mo\u017cliwe jest zam\u00f3wienie pier\u015bcionka w innym rozmiarze \u2013 napisz w uwagach do zam\u00f3wienia jaki rozmiar Ci\u0119 interesuje.<\/p>\n","protected":false},"excerpt":{"rendered":"<p>Pier\u015bcionek na elastycznej \u017cy\u0142ce jubilerskiej z fasetowanymi kuleczkami r\u00f3\u017cowego opalu, kosteczk\u0105 rubinowego turmalinu, granatami i z\u0142otymi hematytami oraz ozdobnym elementem ze stali szlachetnej.<\/p>\n","protected":false},"featured_media":4718,"comment_status":"open","ping_status":"closed","template":"","meta":{"advanced_seo_description":"","jetpack_seo_html_title":"","jetpack_seo_noindex":false},"product_brand":[],"product_cat":[229],"product_tag":[314,71,91,565,1749,516,1705,31],"class_list":{"0":"post-4721","1":"product","2":"type-product","3":"status-publish","4":"has-post-thumbnail","6":"product_cat-sprzedane","7":"product_tag-elastyczny-pierscionek-z-kamieniami-naturalnymi","8":"product_tag-granat","9":"product_tag-opal-rozowy","10":"product_tag-pierscionek-na-gumce-z-kamieniami-naturalnymi","11":"product_tag-pierscionek-z-opalami-granatami-i-turmalinem","12":"product_tag-rubelit","13":"product_tag-turmalin-rubinowy","14":"product_tag-zloty-hematyt","16":"first","17":"outofstock","18":"shipping-taxable","19":"purchasable","20":"product-type-simple"},"jetpack_sharing_enabled":true,"_links":{"self":[{"href":"https:\/\/koraledetale.pl\/index.php?rest_route=\/wp\/v2\/product\/4721","targetHints":{"allow":["GET"]}}],"collection":[{"href":"https:\/\/koraledetale.pl\/index.php?rest_route=\/wp\/v2\/product"}],"about":[{"href":"https:\/\/koraledetale.pl\/index.php?rest_route=\/wp\/v2\/types\/product"}],"replies":[{"embeddable":true,"href":"https:\/\/koraledetale.pl\/index.php?rest_route=%2Fwp%2Fv2%2Fcomments&post=4721"}],"wp:featuredmedia":[{"embeddable":true,"href":"https:\/\/koraledetale.pl\/index.php?rest_route=\/wp\/v2\/media\/4718"}],"wp:attachment":[{"href":"https:\/\/koraledetale.pl\/index.php?rest_route=%2Fwp%2Fv2%2Fmedia&parent=4721"}],"wp:term":[{"taxonomy":"product_brand","embeddable":true,"href":"https:\/\/koraledetale.pl\/index.php?rest_route=%2Fwp%2Fv2%2Fproduct_brand&post=4721"},{"taxonomy":"product_cat","embeddable":true,"href":"https:\/\/koraledetale.pl\/index.php?rest_route=%2Fwp%2Fv2%2Fproduct_cat&post=4721"},{"taxonomy":"product_tag","embeddable":true,"href":"https:\/\/koraledetale.pl\/index.php?rest_route=%2Fwp%2Fv2%2Fproduct_tag&post=4721"}],"curies":[{"name":"wp","href":"https:\/\/api.w.org\/{rel}","templated":true}]}}