{"id":4703,"date":"2023-10-22T14:11:38","date_gmt":"2023-10-22T14:11:38","guid":{"rendered":"https:\/\/koraledetale.pl\/?post_type=product&#038;p=4703"},"modified":"2023-12-05T21:11:57","modified_gmt":"2023-12-05T21:11:57","slug":"kolczyki-morze-z-chryzoprazem-akwamarynem-i-lapis-lazuli","status":"publish","type":"product","link":"https:\/\/koraledetale.pl\/?product=kolczyki-morze-z-chryzoprazem-akwamarynem-i-lapis-lazuli","title":{"rendered":"Kolczyki MORZE z chryzoprazem, akwamarynem i lapis lazuli"},"content":{"rendered":"<p>Wielko\u015b\u0107 kamieni:<\/p>\n<ul>\n<li>akwamaryn &#8211; 10&#215;6,5&#215;4 mm,<\/li>\n<li>lapis lazuli i chryzopraz &#8211; 8x8x4,5 mm,<\/li>\n<li>hematyt &#8211; 3,5 mm.<\/li>\n<\/ul>\n<p>D\u0142ugo\u015b\u0107 kolczyk\u00f3w &#8211; 6 cm.<\/p>\n<p>Wszystkie elementy metalowe wykonane s\u0105 z nieuczulaj\u0105cej stali szlachetnej.<\/p>\n","protected":false},"excerpt":{"rendered":"<p>D\u0142ugie kolczyki &#8211; ko\u0142a ze z\u0142otymi hematytami oraz kamieniami w morskich barwach: \u0142ezk\u0105 akwamarynu, kwadratowymi lapis lazuli oraz chryzoprazem, zawieszonymi na otwartych biglach.<\/p>\n","protected":false},"featured_media":4704,"comment_status":"open","ping_status":"closed","template":"","meta":{"advanced_seo_description":"","jetpack_seo_html_title":"","jetpack_seo_noindex":false},"product_brand":[],"product_cat":[229],"product_tag":[93,119,1742,1701,1743,67,1409],"class_list":{"0":"post-4703","1":"product","2":"type-product","3":"status-publish","4":"has-post-thumbnail","6":"product_cat-sprzedane","7":"product_tag-akwamaryn","8":"product_tag-chryzopraz","9":"product_tag-dlugie-kolczyki-akwamarynem-chryzoprazem-i-lapis-lazuli","10":"product_tag-dlugie-kolczyki-z-niebieskimi-kamieniami","11":"product_tag-dlugie-okragle-kolczyki-z-kamieniami-naturalnymi","12":"product_tag-hematyt","13":"product_tag-lapis-lazuli","15":"first","16":"outofstock","17":"shipping-taxable","18":"purchasable","19":"product-type-simple"},"jetpack_sharing_enabled":true,"_links":{"self":[{"href":"https:\/\/koraledetale.pl\/index.php?rest_route=\/wp\/v2\/product\/4703","targetHints":{"allow":["GET"]}}],"collection":[{"href":"https:\/\/koraledetale.pl\/index.php?rest_route=\/wp\/v2\/product"}],"about":[{"href":"https:\/\/koraledetale.pl\/index.php?rest_route=\/wp\/v2\/types\/product"}],"replies":[{"embeddable":true,"href":"https:\/\/koraledetale.pl\/index.php?rest_route=%2Fwp%2Fv2%2Fcomments&post=4703"}],"wp:featuredmedia":[{"embeddable":true,"href":"https:\/\/koraledetale.pl\/index.php?rest_route=\/wp\/v2\/media\/4704"}],"wp:attachment":[{"href":"https:\/\/koraledetale.pl\/index.php?rest_route=%2Fwp%2Fv2%2Fmedia&parent=4703"}],"wp:term":[{"taxonomy":"product_brand","embeddable":true,"href":"https:\/\/koraledetale.pl\/index.php?rest_route=%2Fwp%2Fv2%2Fproduct_brand&post=4703"},{"taxonomy":"product_cat","embeddable":true,"href":"https:\/\/koraledetale.pl\/index.php?rest_route=%2Fwp%2Fv2%2Fproduct_cat&post=4703"},{"taxonomy":"product_tag","embeddable":true,"href":"https:\/\/koraledetale.pl\/index.php?rest_route=%2Fwp%2Fv2%2Fproduct_tag&post=4703"}],"curies":[{"name":"wp","href":"https:\/\/api.w.org\/{rel}","templated":true}]}}