{"id":4696,"date":"2023-10-20T15:44:40","date_gmt":"2023-10-20T15:44:40","guid":{"rendered":"https:\/\/koraledetale.pl\/?post_type=product&#038;p=4696"},"modified":"2023-10-20T17:47:36","modified_gmt":"2023-10-20T17:47:36","slug":"naszyjnik-ornament-z-czarnymi-turmalinami","status":"publish","type":"product","link":"https:\/\/koraledetale.pl\/?product=naszyjnik-ornament-z-czarnymi-turmalinami","title":{"rendered":"Naszyjnik ORNAMENT z czarnymi turmalinami"},"content":{"rendered":"<p style=\"text-align: left;\">Wielko\u015b\u0107 kamieni:<\/p>\n<ul>\n<li>turmalin &#8211; 2,5 mm,<\/li>\n<li>hematyt &#8211; 2&#215;2 mm.<\/li>\n<\/ul>\n<p>D\u0142ugo\u015b\u0107 naszyjnika: 40 &#8211; 45 cm + zawieszka 1,8 cm.<\/p>\n<p>Wszystkie elementy metalowe wykonane s\u0105 z nieuczulaj\u0105cej stali szlachetnej.<\/p>\n","protected":false},"excerpt":{"rendered":"<p>Kr\u00f3tki naszyjnik z drobnych, czarnych turmalin\u00f3w, przeplatanych z\u0142otymi hematytami, zaupe\u0142kowanymi na czarnej, mocnej nici jubilerskiej. Zwie\u0144czeniem naszyjnika jest zjawiskowy ksi\u0119\u017cyc z ciekawym ornamentem (jedostronnym).<\/p>\n","protected":false},"featured_media":4701,"comment_status":"open","ping_status":"closed","template":"","meta":{"advanced_seo_description":"","jetpack_seo_html_title":"","jetpack_seo_noindex":false},"product_brand":[],"product_cat":[229],"product_tag":[1740,288,605,1223,148,274,31],"class_list":{"0":"post-4696","1":"product","2":"type-product","3":"status-publish","4":"has-post-thumbnail","6":"product_cat-sprzedane","7":"product_tag-czarny-naszyjnik","8":"product_tag-czarny-turmalin","9":"product_tag-naszyjnik-z-czarnych-kamieni","10":"product_tag-naszyjnik-z-czarnymi-turmalinami","11":"product_tag-naszyjnik-z-drobnych-kamieni","12":"product_tag-naszyjnik-z-ksiezycem","13":"product_tag-zloty-hematyt","15":"first","16":"outofstock","17":"shipping-taxable","18":"purchasable","19":"product-type-simple"},"jetpack_sharing_enabled":true,"_links":{"self":[{"href":"https:\/\/koraledetale.pl\/index.php?rest_route=\/wp\/v2\/product\/4696","targetHints":{"allow":["GET"]}}],"collection":[{"href":"https:\/\/koraledetale.pl\/index.php?rest_route=\/wp\/v2\/product"}],"about":[{"href":"https:\/\/koraledetale.pl\/index.php?rest_route=\/wp\/v2\/types\/product"}],"replies":[{"embeddable":true,"href":"https:\/\/koraledetale.pl\/index.php?rest_route=%2Fwp%2Fv2%2Fcomments&post=4696"}],"wp:featuredmedia":[{"embeddable":true,"href":"https:\/\/koraledetale.pl\/index.php?rest_route=\/wp\/v2\/media\/4701"}],"wp:attachment":[{"href":"https:\/\/koraledetale.pl\/index.php?rest_route=%2Fwp%2Fv2%2Fmedia&parent=4696"}],"wp:term":[{"taxonomy":"product_brand","embeddable":true,"href":"https:\/\/koraledetale.pl\/index.php?rest_route=%2Fwp%2Fv2%2Fproduct_brand&post=4696"},{"taxonomy":"product_cat","embeddable":true,"href":"https:\/\/koraledetale.pl\/index.php?rest_route=%2Fwp%2Fv2%2Fproduct_cat&post=4696"},{"taxonomy":"product_tag","embeddable":true,"href":"https:\/\/koraledetale.pl\/index.php?rest_route=%2Fwp%2Fv2%2Fproduct_tag&post=4696"}],"curies":[{"name":"wp","href":"https:\/\/api.w.org\/{rel}","templated":true}]}}