{"id":4683,"date":"2023-10-16T14:09:13","date_gmt":"2023-10-16T14:09:13","guid":{"rendered":"https:\/\/koraledetale.pl\/?post_type=product&#038;p=4683"},"modified":"2023-10-16T14:09:13","modified_gmt":"2023-10-16T14:09:13","slug":"bransoletka-czarny-z-czerwonym-ii-z-hematytami","status":"publish","type":"product","link":"https:\/\/koraledetale.pl\/?product=bransoletka-czarny-z-czerwonym-ii-z-hematytami","title":{"rendered":"Bransoletka CZARNY Z CZERWONYM II z hematytami"},"content":{"rendered":"<p>Wielko\u015b\u0107 hematyt\u00f3w \u2013 4 mm i 3,5 mm.<\/p>\n<p>Bransoletka posiada \u0142atw\u0105 regulacj\u0119 d\u0142ugo\u015bci w zakresie od 15 do 23 cm (przez poci\u0105gni\u0119cie sznureczk\u00f3w przez w\u0119ze\u0142 makramowy).<\/p>\n","protected":false},"excerpt":{"rendered":"<p>Bransoletka z fasetowanych, grafitowych i g\u0142adkich, z\u0142otych hematyt\u00f3w, zasup\u0142anych na czerwonej, mocnej nitce jubilerskiej, z regulacj\u0105 d\u0142ugo\u015bci.<\/p>\n","protected":false},"featured_media":4680,"comment_status":"open","ping_status":"closed","template":"","meta":{"advanced_seo_description":"","jetpack_seo_html_title":"","jetpack_seo_noindex":false},"product_brand":[],"product_cat":[17],"product_tag":[1734,606,67,538,910],"class_list":{"0":"post-4683","1":"product","2":"type-product","3":"status-publish","4":"has-post-thumbnail","6":"product_cat-bransoletki","7":"product_tag-bransoletka-z-grafitowych-hematytow","8":"product_tag-czerwona-nitka","9":"product_tag-hematyt","10":"product_tag-regulowana-bransoletka-z-hematytami","11":"product_tag-regulowana-bransoletka-z-kamieniami-naturalnymi","13":"first","14":"instock","15":"shipping-taxable","16":"purchasable","17":"product-type-simple"},"jetpack_sharing_enabled":true,"_links":{"self":[{"href":"https:\/\/koraledetale.pl\/index.php?rest_route=\/wp\/v2\/product\/4683","targetHints":{"allow":["GET"]}}],"collection":[{"href":"https:\/\/koraledetale.pl\/index.php?rest_route=\/wp\/v2\/product"}],"about":[{"href":"https:\/\/koraledetale.pl\/index.php?rest_route=\/wp\/v2\/types\/product"}],"replies":[{"embeddable":true,"href":"https:\/\/koraledetale.pl\/index.php?rest_route=%2Fwp%2Fv2%2Fcomments&post=4683"}],"wp:featuredmedia":[{"embeddable":true,"href":"https:\/\/koraledetale.pl\/index.php?rest_route=\/wp\/v2\/media\/4680"}],"wp:attachment":[{"href":"https:\/\/koraledetale.pl\/index.php?rest_route=%2Fwp%2Fv2%2Fmedia&parent=4683"}],"wp:term":[{"taxonomy":"product_brand","embeddable":true,"href":"https:\/\/koraledetale.pl\/index.php?rest_route=%2Fwp%2Fv2%2Fproduct_brand&post=4683"},{"taxonomy":"product_cat","embeddable":true,"href":"https:\/\/koraledetale.pl\/index.php?rest_route=%2Fwp%2Fv2%2Fproduct_cat&post=4683"},{"taxonomy":"product_tag","embeddable":true,"href":"https:\/\/koraledetale.pl\/index.php?rest_route=%2Fwp%2Fv2%2Fproduct_tag&post=4683"}],"curies":[{"name":"wp","href":"https:\/\/api.w.org\/{rel}","templated":true}]}}