{"id":4677,"date":"2023-10-13T16:19:41","date_gmt":"2023-10-13T16:19:41","guid":{"rendered":"https:\/\/koraledetale.pl\/?post_type=product&#038;p=4677"},"modified":"2023-10-23T08:46:47","modified_gmt":"2023-10-23T08:46:47","slug":"pierscionek-z-granatami-i-opalem","status":"publish","type":"product","link":"https:\/\/koraledetale.pl\/?product=pierscionek-z-granatami-i-opalem","title":{"rendered":"Pier\u015bcionek z granatami i opalem"},"content":{"rendered":"<p>Wielko\u015b\u0107 kamieni:<\/p>\n<ul>\n<li>granat\u2013 2 mm,<\/li>\n<li>opal \u2013 4&#215;4 mm mm,<\/li>\n<li>hematyt \u2013 2\u00d71 mm.<\/li>\n<\/ul>\n<p>Element (kwiatek) ze stali chirurgicznej \u2013 3\u00d71 mm.<\/p>\n<p>Rozmiar pier\u015bcionka: 15-16. Mo\u017cliwe jest zam\u00f3wienie pier\u015bcionka w innym rozmiarze \u2013 napisz w uwagach do zam\u00f3wienia jaki rozmiar Ci\u0119 interesuje<\/p>\n","protected":false},"excerpt":{"rendered":"<p>Pier\u015bcionek na elastycznej \u017cy\u0142ce jubilerskiej z g\u0142adkimi kuleczkami granatu, kosteczk\u0105 r\u00f3\u017cowego opalu i z\u0142otymi hematytami oraz ozdobnym elementem ze stali szlachetnej.<\/p>\n","protected":false},"featured_media":4667,"comment_status":"open","ping_status":"closed","template":"","meta":{"advanced_seo_description":"","jetpack_seo_html_title":"","jetpack_seo_noindex":false},"product_brand":[],"product_cat":[229],"product_tag":[1727,71,1729,51,1728,466,31],"class_list":{"0":"post-4677","1":"product","2":"type-product","3":"status-publish","4":"has-post-thumbnail","6":"product_cat-sprzedane","7":"product_tag-elastyczny-pierscionek-z-granatami-i-opalem-rozowym","8":"product_tag-granat","9":"product_tag-pierscionek-z-bordowymi-kamieniami","10":"product_tag-pierscionek-z-kamieniami-naturalnymi","11":"product_tag-pierscionek-z-rozowymi-kamieniami","12":"product_tag-rozowy-opal","13":"product_tag-zloty-hematyt","15":"first","16":"outofstock","17":"shipping-taxable","18":"purchasable","19":"product-type-simple"},"jetpack_sharing_enabled":true,"_links":{"self":[{"href":"https:\/\/koraledetale.pl\/index.php?rest_route=\/wp\/v2\/product\/4677","targetHints":{"allow":["GET"]}}],"collection":[{"href":"https:\/\/koraledetale.pl\/index.php?rest_route=\/wp\/v2\/product"}],"about":[{"href":"https:\/\/koraledetale.pl\/index.php?rest_route=\/wp\/v2\/types\/product"}],"replies":[{"embeddable":true,"href":"https:\/\/koraledetale.pl\/index.php?rest_route=%2Fwp%2Fv2%2Fcomments&post=4677"}],"wp:featuredmedia":[{"embeddable":true,"href":"https:\/\/koraledetale.pl\/index.php?rest_route=\/wp\/v2\/media\/4667"}],"wp:attachment":[{"href":"https:\/\/koraledetale.pl\/index.php?rest_route=%2Fwp%2Fv2%2Fmedia&parent=4677"}],"wp:term":[{"taxonomy":"product_brand","embeddable":true,"href":"https:\/\/koraledetale.pl\/index.php?rest_route=%2Fwp%2Fv2%2Fproduct_brand&post=4677"},{"taxonomy":"product_cat","embeddable":true,"href":"https:\/\/koraledetale.pl\/index.php?rest_route=%2Fwp%2Fv2%2Fproduct_cat&post=4677"},{"taxonomy":"product_tag","embeddable":true,"href":"https:\/\/koraledetale.pl\/index.php?rest_route=%2Fwp%2Fv2%2Fproduct_tag&post=4677"}],"curies":[{"name":"wp","href":"https:\/\/api.w.org\/{rel}","templated":true}]}}