{"id":4674,"date":"2023-10-13T15:52:30","date_gmt":"2023-10-13T15:52:30","guid":{"rendered":"https:\/\/koraledetale.pl\/?post_type=product&#038;p=4674"},"modified":"2024-12-03T10:12:05","modified_gmt":"2024-12-03T10:12:05","slug":"pierscionek-z-howlitami-i-koralem","status":"publish","type":"product","link":"https:\/\/koraledetale.pl\/?product=pierscionek-z-howlitami-i-koralem","title":{"rendered":"Pier\u015bcionek z howlitami i koralem"},"content":{"rendered":"<p>Wielko\u015b\u0107 kamieni:<\/p>\n<ul>\n<li>howlit turkusowy \u2013 3 mm,<\/li>\n<li>koral \u2013 4\u00d73 mm,<\/li>\n<li>hematyt \u2013 2\u00d71 mm.<\/li>\n<\/ul>\n<p>Element (kwiatek) ze stali chirurgicznej &#8211; 3&#215;1 mm.<\/p>\n<p>Rozmiar pier\u015bcionka: 14-15. Mo\u017cliwe jest zam\u00f3wienie pier\u015bcionka w innym rozmiarze \u2013 napisz w uwagach do zam\u00f3wienia jaki rozmiar Ci\u0119 interesuje.<\/p>\n","protected":false},"excerpt":{"rendered":"<p>Pier\u015bcionek na elastycznej \u017cy\u0142ce jubilerskiej z naturalnymi kamieniami: fasetowanymi howlitami, potr\u00f3jnymi koralem i z\u0142otymi hematytami oraz ozdobnym elementem ze stali szlachetnej.<\/p>\n","protected":false},"featured_media":4668,"comment_status":"open","ping_status":"closed","template":"","meta":{"advanced_seo_description":"","jetpack_seo_html_title":"","jetpack_seo_noindex":false},"product_brand":[],"product_cat":[229],"product_tag":[1722,314,1724,463,51,1723,31],"class_list":{"0":"post-4674","1":"product","2":"type-product","3":"status-publish","4":"has-post-thumbnail","6":"product_cat-sprzedane","7":"product_tag-elastyczny-pierscionek-z-howlitami-i-koralem","8":"product_tag-elastyczny-pierscionek-z-kamieniami-naturalnymi","9":"product_tag-horal-pomaranczowy","10":"product_tag-howlit-turkusowy","11":"product_tag-pierscionek-z-kamieniami-naturalnymi","12":"product_tag-pierscionek-z-turkusowymi-kamieniami-i-turmalinami","13":"product_tag-zloty-hematyt","15":"first","16":"outofstock","17":"shipping-taxable","18":"purchasable","19":"product-type-simple"},"jetpack_sharing_enabled":true,"_links":{"self":[{"href":"https:\/\/koraledetale.pl\/index.php?rest_route=\/wp\/v2\/product\/4674","targetHints":{"allow":["GET"]}}],"collection":[{"href":"https:\/\/koraledetale.pl\/index.php?rest_route=\/wp\/v2\/product"}],"about":[{"href":"https:\/\/koraledetale.pl\/index.php?rest_route=\/wp\/v2\/types\/product"}],"replies":[{"embeddable":true,"href":"https:\/\/koraledetale.pl\/index.php?rest_route=%2Fwp%2Fv2%2Fcomments&post=4674"}],"wp:featuredmedia":[{"embeddable":true,"href":"https:\/\/koraledetale.pl\/index.php?rest_route=\/wp\/v2\/media\/4668"}],"wp:attachment":[{"href":"https:\/\/koraledetale.pl\/index.php?rest_route=%2Fwp%2Fv2%2Fmedia&parent=4674"}],"wp:term":[{"taxonomy":"product_brand","embeddable":true,"href":"https:\/\/koraledetale.pl\/index.php?rest_route=%2Fwp%2Fv2%2Fproduct_brand&post=4674"},{"taxonomy":"product_cat","embeddable":true,"href":"https:\/\/koraledetale.pl\/index.php?rest_route=%2Fwp%2Fv2%2Fproduct_cat&post=4674"},{"taxonomy":"product_tag","embeddable":true,"href":"https:\/\/koraledetale.pl\/index.php?rest_route=%2Fwp%2Fv2%2Fproduct_tag&post=4674"}],"curies":[{"name":"wp","href":"https:\/\/api.w.org\/{rel}","templated":true}]}}