{"id":4665,"date":"2023-10-13T15:32:50","date_gmt":"2023-10-13T15:32:50","guid":{"rendered":"https:\/\/koraledetale.pl\/?post_type=product&#038;p=4665"},"modified":"2025-04-03T14:04:22","modified_gmt":"2025-04-03T14:04:22","slug":"pierscionek-z-howlitami-i-turkusem","status":"publish","type":"product","link":"https:\/\/koraledetale.pl\/?product=pierscionek-z-howlitami-i-turkusem","title":{"rendered":"Pier\u015bcionek z howlitami i turkusem"},"content":{"rendered":"<p>Wielko\u015b\u0107 kamieni:<\/p>\n<ul>\n<li>howlit turkusowy &#8211; 3 mm,<\/li>\n<li>turkus \u2013 5&#215;3 mm,<\/li>\n<li>hematyt \u2013 2&#215;1 mm.<\/li>\n<\/ul>\n<p>Rozmiar pier\u015bcionka: 14-15. Mo\u017cliwe jest zam\u00f3wienie pier\u015bcionka w innym rozmiarze \u2013 napisz w uwagach do zam\u00f3wienia jaki rozmiar Ci\u0119 interesuje.<\/p>\n","protected":false},"excerpt":{"rendered":"<p>Pier\u015bcionek na elastycznej \u017cy\u0142ce jubilerskiej z naturalnymi kamieniami: fasetowanymi howlitami, pojedynczym, pod\u0142u\u017cnym turkusem i z\u0142otymi hematytami.<\/p>\n","protected":false},"featured_media":4669,"comment_status":"open","ping_status":"closed","template":"","meta":{"advanced_seo_description":"","jetpack_seo_html_title":"","jetpack_seo_noindex":false},"product_brand":[],"product_cat":[229],"product_tag":[1720,897,1721,51,1719,105,31],"class_list":{"0":"post-4665","1":"product","2":"type-product","3":"status-publish","4":"has-post-thumbnail","6":"product_cat-sprzedane","7":"product_tag-elastyczny-pierscionek-z-turkusem","8":"product_tag-howlit","9":"product_tag-pierscionek-z-howlitami-i-turkusem","10":"product_tag-pierscionek-z-kamieniami-naturalnymi","11":"product_tag-pierscionek-z-turkusowymi-kamieniami","12":"product_tag-turkus","13":"product_tag-zloty-hematyt","15":"first","16":"outofstock","17":"shipping-taxable","18":"purchasable","19":"product-type-simple"},"jetpack_sharing_enabled":true,"_links":{"self":[{"href":"https:\/\/koraledetale.pl\/index.php?rest_route=\/wp\/v2\/product\/4665","targetHints":{"allow":["GET"]}}],"collection":[{"href":"https:\/\/koraledetale.pl\/index.php?rest_route=\/wp\/v2\/product"}],"about":[{"href":"https:\/\/koraledetale.pl\/index.php?rest_route=\/wp\/v2\/types\/product"}],"replies":[{"embeddable":true,"href":"https:\/\/koraledetale.pl\/index.php?rest_route=%2Fwp%2Fv2%2Fcomments&post=4665"}],"wp:featuredmedia":[{"embeddable":true,"href":"https:\/\/koraledetale.pl\/index.php?rest_route=\/wp\/v2\/media\/4669"}],"wp:attachment":[{"href":"https:\/\/koraledetale.pl\/index.php?rest_route=%2Fwp%2Fv2%2Fmedia&parent=4665"}],"wp:term":[{"taxonomy":"product_brand","embeddable":true,"href":"https:\/\/koraledetale.pl\/index.php?rest_route=%2Fwp%2Fv2%2Fproduct_brand&post=4665"},{"taxonomy":"product_cat","embeddable":true,"href":"https:\/\/koraledetale.pl\/index.php?rest_route=%2Fwp%2Fv2%2Fproduct_cat&post=4665"},{"taxonomy":"product_tag","embeddable":true,"href":"https:\/\/koraledetale.pl\/index.php?rest_route=%2Fwp%2Fv2%2Fproduct_tag&post=4665"}],"curies":[{"name":"wp","href":"https:\/\/api.w.org\/{rel}","templated":true}]}}