{"id":4657,"date":"2023-10-10T13:30:43","date_gmt":"2023-10-10T13:30:43","guid":{"rendered":"https:\/\/koraledetale.pl\/?post_type=product&#038;p=4657"},"modified":"2023-12-11T21:25:52","modified_gmt":"2023-12-11T21:25:52","slug":"kolczyki-pazur-i-z-onyksem-wersja-srebrna","status":"publish","type":"product","link":"https:\/\/koraledetale.pl\/?product=kolczyki-pazur-i-z-onyksem-wersja-srebrna","title":{"rendered":"Kolczyki PAZUR I z onyksem &#8211; wersja srebrna"},"content":{"rendered":"<p>Wielko\u015b\u0107 kamieni:<\/p>\n<ul>\n<li>onyks &#8211; 14 mm,<\/li>\n<li>hematyt &#8211; 3&#215;1 mm.<\/li>\n<\/ul>\n<p>D\u0142ugo\u015b\u0107 kolczyk\u00f3w &#8211; 5,1 cm.<\/p>\n<p>Wszystkie elementy metalowe wykonane s\u0105 z nieuczulaj\u0105cej stali szlachetnej.<\/p>\n","protected":false},"excerpt":{"rendered":"<p>D\u0142ugie kolczyki z okr\u0105g\u0142\u0105 rozetk\u0105 i s\u0142upkiem onyksu (pomi\u0119dzy srebrnymi hematytami), zawieszonymi na biglach angielskich.<\/p>\n","protected":false},"featured_media":4648,"comment_status":"open","ping_status":"closed","template":"","meta":{"advanced_seo_description":"","jetpack_seo_html_title":"","jetpack_seo_noindex":false},"product_brand":[],"product_cat":[229],"product_tag":[1710,1709,1708,95,800,26],"class_list":{"0":"post-4657","1":"product","2":"type-product","3":"status-publish","4":"has-post-thumbnail","6":"product_cat-sprzedane","7":"product_tag-czarne-kolczyki","8":"product_tag-dlugie-kolczyki-z-czarnymi-kamieniami","9":"product_tag-dlugie-kolczyki-z-onyksami","10":"product_tag-kolczyki-z-kamieniami-naturalnymi","11":"product_tag-onyks","12":"product_tag-srebrny-hematyt","14":"first","15":"outofstock","16":"shipping-taxable","17":"purchasable","18":"product-type-simple"},"jetpack_sharing_enabled":true,"_links":{"self":[{"href":"https:\/\/koraledetale.pl\/index.php?rest_route=\/wp\/v2\/product\/4657","targetHints":{"allow":["GET"]}}],"collection":[{"href":"https:\/\/koraledetale.pl\/index.php?rest_route=\/wp\/v2\/product"}],"about":[{"href":"https:\/\/koraledetale.pl\/index.php?rest_route=\/wp\/v2\/types\/product"}],"replies":[{"embeddable":true,"href":"https:\/\/koraledetale.pl\/index.php?rest_route=%2Fwp%2Fv2%2Fcomments&post=4657"}],"wp:featuredmedia":[{"embeddable":true,"href":"https:\/\/koraledetale.pl\/index.php?rest_route=\/wp\/v2\/media\/4648"}],"wp:attachment":[{"href":"https:\/\/koraledetale.pl\/index.php?rest_route=%2Fwp%2Fv2%2Fmedia&parent=4657"}],"wp:term":[{"taxonomy":"product_brand","embeddable":true,"href":"https:\/\/koraledetale.pl\/index.php?rest_route=%2Fwp%2Fv2%2Fproduct_brand&post=4657"},{"taxonomy":"product_cat","embeddable":true,"href":"https:\/\/koraledetale.pl\/index.php?rest_route=%2Fwp%2Fv2%2Fproduct_cat&post=4657"},{"taxonomy":"product_tag","embeddable":true,"href":"https:\/\/koraledetale.pl\/index.php?rest_route=%2Fwp%2Fv2%2Fproduct_tag&post=4657"}],"curies":[{"name":"wp","href":"https:\/\/api.w.org\/{rel}","templated":true}]}}