{"id":4634,"date":"2023-10-02T09:23:59","date_gmt":"2023-10-02T09:23:59","guid":{"rendered":"https:\/\/koraledetale.pl\/?post_type=product&#038;p=4634"},"modified":"2023-10-18T11:32:14","modified_gmt":"2023-10-18T11:32:14","slug":"kolczyki-aurora-z-apatytem","status":"publish","type":"product","link":"https:\/\/koraledetale.pl\/?product=kolczyki-aurora-z-apatytem","title":{"rendered":"Kolczyki AURORA z apatytem"},"content":{"rendered":"<p>Wielko\u015b\u0107 kamieni:<\/p>\n<ul>\n<li>apatyt \u2013 12,5\u00d79,5\u00d76 mm,<\/li>\n<li>hematyt \u2013 4\u00d71 mm.<\/li>\n<\/ul>\n<p>D\u0142ugo\u015b\u0107 kolczyk\u00f3w: 4,8 cm.<\/p>\n<p>Wszystkie elementy metalowe wykonane s\u0105 z nieuczulaj\u0105cej stali szlachetnej.<\/p>\n<p>K\u00f3\u0142ko z kamieniem mo\u017cna zdj\u0105\u0107 i nosi\u0107 same &#8220;podk\u00f3wki&#8221; lub zawiesi\u0107 inne zawieszki.<\/p>\n","protected":false},"excerpt":{"rendered":"<p>Kolczyki w kszta\u0142cie podkowy z prostok\u0105tnym, fasetowanym apatytem, pomi\u0119dzy z\u0142otymi hematytami, zawieszonymi na grubym k\u00f3\u0142ku.<\/p>\n","protected":false},"featured_media":4629,"comment_status":"open","ping_status":"closed","template":"","meta":{"advanced_seo_description":"","jetpack_seo_html_title":"","jetpack_seo_noindex":false},"product_brand":[],"product_cat":[229],"product_tag":[1701,866,1165,1702,31],"class_list":{"0":"post-4634","1":"product","2":"type-product","3":"status-publish","4":"has-post-thumbnail","6":"product_cat-sprzedane","7":"product_tag-dlugie-kolczyki-z-niebieskimi-kamieniami","8":"product_tag-dlugie-kolczyki-ze-stali-szlachetnej","9":"product_tag-kolczyki-z-apatytami","10":"product_tag-kolczyki-z-kamieniami-naturalnymiapatyt","11":"product_tag-zloty-hematyt","13":"first","14":"outofstock","15":"shipping-taxable","16":"purchasable","17":"product-type-simple"},"jetpack_sharing_enabled":true,"_links":{"self":[{"href":"https:\/\/koraledetale.pl\/index.php?rest_route=\/wp\/v2\/product\/4634","targetHints":{"allow":["GET"]}}],"collection":[{"href":"https:\/\/koraledetale.pl\/index.php?rest_route=\/wp\/v2\/product"}],"about":[{"href":"https:\/\/koraledetale.pl\/index.php?rest_route=\/wp\/v2\/types\/product"}],"replies":[{"embeddable":true,"href":"https:\/\/koraledetale.pl\/index.php?rest_route=%2Fwp%2Fv2%2Fcomments&post=4634"}],"wp:featuredmedia":[{"embeddable":true,"href":"https:\/\/koraledetale.pl\/index.php?rest_route=\/wp\/v2\/media\/4629"}],"wp:attachment":[{"href":"https:\/\/koraledetale.pl\/index.php?rest_route=%2Fwp%2Fv2%2Fmedia&parent=4634"}],"wp:term":[{"taxonomy":"product_brand","embeddable":true,"href":"https:\/\/koraledetale.pl\/index.php?rest_route=%2Fwp%2Fv2%2Fproduct_brand&post=4634"},{"taxonomy":"product_cat","embeddable":true,"href":"https:\/\/koraledetale.pl\/index.php?rest_route=%2Fwp%2Fv2%2Fproduct_cat&post=4634"},{"taxonomy":"product_tag","embeddable":true,"href":"https:\/\/koraledetale.pl\/index.php?rest_route=%2Fwp%2Fv2%2Fproduct_tag&post=4634"}],"curies":[{"name":"wp","href":"https:\/\/api.w.org\/{rel}","templated":true}]}}