{"id":4627,"date":"2023-10-02T09:17:28","date_gmt":"2023-10-02T09:17:28","guid":{"rendered":"https:\/\/koraledetale.pl\/?post_type=product&#038;p=4627"},"modified":"2023-10-18T11:32:24","modified_gmt":"2023-10-18T11:32:24","slug":"lancuszek-aurora-z-apatytem","status":"publish","type":"product","link":"https:\/\/koraledetale.pl\/?product=lancuszek-aurora-z-apatytem","title":{"rendered":"\u0141a\u0144cuszek AURORA z apatytem"},"content":{"rendered":"<p>Wielko\u015b\u0107 kamieni:<\/p>\n<ul>\n<li>apatyt &#8211; 12,5&#215;9,5&#215;6 mm,<\/li>\n<li>hematyt &#8211; 4&#215;1 mm.<\/li>\n<\/ul>\n<p>D\u0142ugo\u015b\u0107 \u0142a\u0144cuszka: 40 &#8211; 45,5 cm + zawieszka 4,5 cm.<\/p>\n<p>Wszystkie elementy metalowe wykonane s\u0105 z nieuczulaj\u0105cej stali szlachetnej.<\/p>\n","protected":false},"excerpt":{"rendered":"<p>\u0141a\u0144cuszek z prostok\u0105tnym, fasetowanym apatytem, pomi\u0119dzy z\u0142otymi hematytami, zawieszonymi na grubym k\u00f3\u0142ku.<\/p>\n","protected":false},"featured_media":4632,"comment_status":"open","ping_status":"closed","template":"","meta":{"advanced_seo_description":"","jetpack_seo_html_title":"","jetpack_seo_noindex":false},"product_brand":[],"product_cat":[229],"product_tag":[92,334,477,1700,31,1699],"class_list":{"0":"post-4627","1":"product","2":"type-product","3":"status-publish","4":"has-post-thumbnail","6":"product_cat-sprzedane","7":"product_tag-apatyt","8":"product_tag-naszyjnik-z-apatytem","9":"product_tag-naszyjnik-z-kamieniem-naturalnym","10":"product_tag-naszyjnik-z-niebieska-zawieszka","11":"product_tag-zloty-hematyt","12":"product_tag-lancuszek-z-apatytem","14":"first","15":"outofstock","16":"shipping-taxable","17":"purchasable","18":"product-type-simple"},"jetpack_sharing_enabled":true,"_links":{"self":[{"href":"https:\/\/koraledetale.pl\/index.php?rest_route=\/wp\/v2\/product\/4627","targetHints":{"allow":["GET"]}}],"collection":[{"href":"https:\/\/koraledetale.pl\/index.php?rest_route=\/wp\/v2\/product"}],"about":[{"href":"https:\/\/koraledetale.pl\/index.php?rest_route=\/wp\/v2\/types\/product"}],"replies":[{"embeddable":true,"href":"https:\/\/koraledetale.pl\/index.php?rest_route=%2Fwp%2Fv2%2Fcomments&post=4627"}],"wp:featuredmedia":[{"embeddable":true,"href":"https:\/\/koraledetale.pl\/index.php?rest_route=\/wp\/v2\/media\/4632"}],"wp:attachment":[{"href":"https:\/\/koraledetale.pl\/index.php?rest_route=%2Fwp%2Fv2%2Fmedia&parent=4627"}],"wp:term":[{"taxonomy":"product_brand","embeddable":true,"href":"https:\/\/koraledetale.pl\/index.php?rest_route=%2Fwp%2Fv2%2Fproduct_brand&post=4627"},{"taxonomy":"product_cat","embeddable":true,"href":"https:\/\/koraledetale.pl\/index.php?rest_route=%2Fwp%2Fv2%2Fproduct_cat&post=4627"},{"taxonomy":"product_tag","embeddable":true,"href":"https:\/\/koraledetale.pl\/index.php?rest_route=%2Fwp%2Fv2%2Fproduct_tag&post=4627"}],"curies":[{"name":"wp","href":"https:\/\/api.w.org\/{rel}","templated":true}]}}