{"id":4619,"date":"2023-09-27T14:03:25","date_gmt":"2023-09-27T14:03:25","guid":{"rendered":"https:\/\/koraledetale.pl\/?post_type=product&#038;p=4619"},"modified":"2024-03-17T16:17:59","modified_gmt":"2024-03-17T16:17:59","slug":"bransoletka-zielona-z-peridotami-i-blaszkami","status":"publish","type":"product","link":"https:\/\/koraledetale.pl\/?product=bransoletka-zielona-z-peridotami-i-blaszkami","title":{"rendered":"Bransoletka ZIELONA z peridotami i blaszkami"},"content":{"rendered":"<p>Wielko\u015b\u0107 peridotu: 6\u00d72 mm i 3 mm.<\/p>\n<p>\u015arednica blaszek: 8 mm.<\/p>\n<p>Bransoletk\u0119 mo\u017cesz zapi\u0105\u0107 na dowolnym oczku \u0142a\u0144cuszka, maksymalna d\u0142ugo\u015b\u0107 19,5 &#8211;\u00a0 cm.<\/p>\n<p>Wszystkie elementy metalowe wykonane s\u0105 z nieuczulaj\u0105cej stali szlachetnej.<\/p>\n","protected":false},"excerpt":{"rendered":"<p>Bransoletka z \u0142a\u0144cuszka o grubych oczkach z zawieszkami &#8211; peridotami i okr\u0105g\u0142ymi blaszkami.<\/p>\n","protected":false},"featured_media":4613,"comment_status":"open","ping_status":"closed","template":"","meta":{"advanced_seo_description":"","jetpack_seo_html_title":"","jetpack_seo_noindex":false},"product_brand":[],"product_cat":[229],"product_tag":[80,1694,503,742,1695,500],"class_list":{"0":"post-4619","1":"product","2":"type-product","3":"status-publish","4":"has-post-thumbnail","6":"product_cat-sprzedane","7":"product_tag-bransoletka-z-kamieniami-naturalnymi","8":"product_tag-bransoletka-z-peridotami","9":"product_tag-bransoletka-z-zawieszkami","10":"product_tag-bransoletka-z-zielonymi-kamieniami","11":"product_tag-bransoletka-ze-stali-szlachetnej","12":"product_tag-peridot","14":"first","15":"outofstock","16":"shipping-taxable","17":"purchasable","18":"product-type-simple"},"jetpack_sharing_enabled":true,"_links":{"self":[{"href":"https:\/\/koraledetale.pl\/index.php?rest_route=\/wp\/v2\/product\/4619","targetHints":{"allow":["GET"]}}],"collection":[{"href":"https:\/\/koraledetale.pl\/index.php?rest_route=\/wp\/v2\/product"}],"about":[{"href":"https:\/\/koraledetale.pl\/index.php?rest_route=\/wp\/v2\/types\/product"}],"replies":[{"embeddable":true,"href":"https:\/\/koraledetale.pl\/index.php?rest_route=%2Fwp%2Fv2%2Fcomments&post=4619"}],"wp:featuredmedia":[{"embeddable":true,"href":"https:\/\/koraledetale.pl\/index.php?rest_route=\/wp\/v2\/media\/4613"}],"wp:attachment":[{"href":"https:\/\/koraledetale.pl\/index.php?rest_route=%2Fwp%2Fv2%2Fmedia&parent=4619"}],"wp:term":[{"taxonomy":"product_brand","embeddable":true,"href":"https:\/\/koraledetale.pl\/index.php?rest_route=%2Fwp%2Fv2%2Fproduct_brand&post=4619"},{"taxonomy":"product_cat","embeddable":true,"href":"https:\/\/koraledetale.pl\/index.php?rest_route=%2Fwp%2Fv2%2Fproduct_cat&post=4619"},{"taxonomy":"product_tag","embeddable":true,"href":"https:\/\/koraledetale.pl\/index.php?rest_route=%2Fwp%2Fv2%2Fproduct_tag&post=4619"}],"curies":[{"name":"wp","href":"https:\/\/api.w.org\/{rel}","templated":true}]}}