{"id":4600,"date":"2023-09-26T08:49:39","date_gmt":"2023-09-26T08:49:39","guid":{"rendered":"https:\/\/koraledetale.pl\/?post_type=product&#038;p=4600"},"modified":"2023-10-30T10:41:46","modified_gmt":"2023-10-30T10:41:46","slug":"naszyjnik-cisza-z-howlitami-labradorytami-i-amazonitem","status":"publish","type":"product","link":"https:\/\/koraledetale.pl\/?product=naszyjnik-cisza-z-howlitami-labradorytami-i-amazonitem","title":{"rendered":"Naszyjnik CISZA z howlitami, labradorytami i amazonitem"},"content":{"rendered":"<p>Wielko\u015b\u0107 kamieni:<\/p>\n<ul>\n<li>howlit &#8211; 3 mm,<\/li>\n<li>labradoryt &#8211; 4 mm,<\/li>\n<li>hematyt &#8211; 2,5 mm, 3&#215;2 mm, 2&#215;1 mm,<\/li>\n<li>amazonit (w zawieszce) &#8211; 9,5 mm.<\/li>\n<\/ul>\n<p>D\u0142ugo\u015b\u0107 naszyjnika: 44 &#8211; 48,5 cm + zawieszka 2 cm.<\/p>\n<p>Wszystkie elementy metalowe wykonane s\u0105 z nieuczulaj\u0105cej stali szlachetnej.<\/p>\n","protected":false},"excerpt":{"rendered":"<p>Naszyjnik z howlit\u00f3w turkusowych, przeplatanych labradorytami i z\u0142otymi hematytami, zasupe\u0142kowanymi na turkusowej, mocnej nici jubilerskiej. Zwie\u0144czeniem naszyjnika jest zawieszka z amazonitem.<\/p>\n","protected":false},"featured_media":4604,"comment_status":"open","ping_status":"closed","template":"","meta":{"advanced_seo_description":"","jetpack_seo_html_title":"","jetpack_seo_noindex":false},"product_brand":[],"product_cat":[229],"product_tag":[53,463,56,594,1689,66,668,1448,31],"class_list":{"0":"post-4600","1":"product","2":"type-product","3":"status-publish","4":"has-post-thumbnail","6":"product_cat-sprzedane","7":"product_tag-amazonit","8":"product_tag-howlit-turkusowy","9":"product_tag-labradoryt","10":"product_tag-naszyjnik-z-amazonitem","11":"product_tag-naszyjnik-z-howlitami-turkusowymi-i-labradorytami","12":"product_tag-naszyjnik-z-kamieniami-naturalnymi","13":"product_tag-naszyjnik-z-turkusowymi-kamieniami","14":"product_tag-naszyjnik-z-zawieszka","15":"product_tag-zloty-hematyt","17":"first","18":"outofstock","19":"shipping-taxable","20":"purchasable","21":"product-type-simple"},"jetpack_sharing_enabled":true,"_links":{"self":[{"href":"https:\/\/koraledetale.pl\/index.php?rest_route=\/wp\/v2\/product\/4600","targetHints":{"allow":["GET"]}}],"collection":[{"href":"https:\/\/koraledetale.pl\/index.php?rest_route=\/wp\/v2\/product"}],"about":[{"href":"https:\/\/koraledetale.pl\/index.php?rest_route=\/wp\/v2\/types\/product"}],"replies":[{"embeddable":true,"href":"https:\/\/koraledetale.pl\/index.php?rest_route=%2Fwp%2Fv2%2Fcomments&post=4600"}],"wp:featuredmedia":[{"embeddable":true,"href":"https:\/\/koraledetale.pl\/index.php?rest_route=\/wp\/v2\/media\/4604"}],"wp:attachment":[{"href":"https:\/\/koraledetale.pl\/index.php?rest_route=%2Fwp%2Fv2%2Fmedia&parent=4600"}],"wp:term":[{"taxonomy":"product_brand","embeddable":true,"href":"https:\/\/koraledetale.pl\/index.php?rest_route=%2Fwp%2Fv2%2Fproduct_brand&post=4600"},{"taxonomy":"product_cat","embeddable":true,"href":"https:\/\/koraledetale.pl\/index.php?rest_route=%2Fwp%2Fv2%2Fproduct_cat&post=4600"},{"taxonomy":"product_tag","embeddable":true,"href":"https:\/\/koraledetale.pl\/index.php?rest_route=%2Fwp%2Fv2%2Fproduct_tag&post=4600"}],"curies":[{"name":"wp","href":"https:\/\/api.w.org\/{rel}","templated":true}]}}