{"id":4598,"date":"2023-09-24T09:34:57","date_gmt":"2023-09-24T09:34:57","guid":{"rendered":"https:\/\/koraledetale.pl\/?post_type=product&#038;p=4598"},"modified":"2023-11-27T10:16:23","modified_gmt":"2023-11-27T10:16:23","slug":"kolczyki-blue-z-perlami-kianitem-i-szafirem","status":"publish","type":"product","link":"https:\/\/koraledetale.pl\/?product=kolczyki-blue-z-perlami-kianitem-i-szafirem","title":{"rendered":"Kolczyki BLUE z per\u0142ami, kianitem i szafirem"},"content":{"rendered":"<p>Wielko\u015b\u0107 kamieni:<\/p>\n<ul>\n<li>per\u0142y \u2013 ok. 7\u00d75 mm i 15x9x6 mm,<\/li>\n<li>kianit \u2013 3,5 mm, 9\u00d76\u00d73 mm,<\/li>\n<li>szafir \u2013 3,5 mm,<\/li>\n<li>hematyt \u2013 2,5 mm, 3\u00d72 mm, 2\u00d71 mm.<\/li>\n<\/ul>\n<p>D\u0142ugo\u015b\u0107 kolczyk\u00f3w &#8211; 5,3 i 6,3 cm.<\/p>\n<p>Wszystkie elementy metalowe wykonane s\u0105 z nieuczulaj\u0105cej stali szlachetnej.<\/p>\n","protected":false},"excerpt":{"rendered":"<p>Asymetryczne kolczyki na sztyftach z per\u0142ami i niebieskimi kamieniami: g\u0142adkim, owalnym kianitem, fasetowanymi kulkami szafiru i kianitu oraz z\u0142otymi hematytami.<\/p>\n","protected":false},"featured_media":4596,"comment_status":"open","ping_status":"closed","template":"","meta":{"advanced_seo_description":"","jetpack_seo_html_title":"","jetpack_seo_noindex":false},"product_brand":[],"product_cat":[229],"product_tag":[],"class_list":{"0":"post-4598","1":"product","2":"type-product","3":"status-publish","4":"has-post-thumbnail","6":"product_cat-sprzedane","8":"first","9":"outofstock","10":"shipping-taxable","11":"purchasable","12":"product-type-simple"},"jetpack_sharing_enabled":true,"_links":{"self":[{"href":"https:\/\/koraledetale.pl\/index.php?rest_route=\/wp\/v2\/product\/4598","targetHints":{"allow":["GET"]}}],"collection":[{"href":"https:\/\/koraledetale.pl\/index.php?rest_route=\/wp\/v2\/product"}],"about":[{"href":"https:\/\/koraledetale.pl\/index.php?rest_route=\/wp\/v2\/types\/product"}],"replies":[{"embeddable":true,"href":"https:\/\/koraledetale.pl\/index.php?rest_route=%2Fwp%2Fv2%2Fcomments&post=4598"}],"wp:featuredmedia":[{"embeddable":true,"href":"https:\/\/koraledetale.pl\/index.php?rest_route=\/wp\/v2\/media\/4596"}],"wp:attachment":[{"href":"https:\/\/koraledetale.pl\/index.php?rest_route=%2Fwp%2Fv2%2Fmedia&parent=4598"}],"wp:term":[{"taxonomy":"product_brand","embeddable":true,"href":"https:\/\/koraledetale.pl\/index.php?rest_route=%2Fwp%2Fv2%2Fproduct_brand&post=4598"},{"taxonomy":"product_cat","embeddable":true,"href":"https:\/\/koraledetale.pl\/index.php?rest_route=%2Fwp%2Fv2%2Fproduct_cat&post=4598"},{"taxonomy":"product_tag","embeddable":true,"href":"https:\/\/koraledetale.pl\/index.php?rest_route=%2Fwp%2Fv2%2Fproduct_tag&post=4598"}],"curies":[{"name":"wp","href":"https:\/\/api.w.org\/{rel}","templated":true}]}}