{"id":4595,"date":"2023-09-24T09:24:25","date_gmt":"2023-09-24T09:24:25","guid":{"rendered":"https:\/\/koraledetale.pl\/?post_type=product&#038;p=4595"},"modified":"2023-11-27T10:16:27","modified_gmt":"2023-11-27T10:16:27","slug":"bransoletka-blue-z-perlami-kianitami-i-szafirami","status":"publish","type":"product","link":"https:\/\/koraledetale.pl\/?product=bransoletka-blue-z-perlami-kianitami-i-szafirami","title":{"rendered":"Bransoletka BLUE z per\u0142ami, kianitami i szafirami"},"content":{"rendered":"<p>Wielko\u015b\u0107 kamieni:<\/p>\n<ul>\n<li>per\u0142y bia\u0142e \u2013 ok. 7\u00d75 mm,<\/li>\n<li>per\u0142a czarna \u2013 5\u00d73,5 mm,<\/li>\n<li>kianit \u2013 3,5 mm, 9&#215;5,5&#215;3,5 mm,<\/li>\n<li>szafir \u2013 3,5 mm,<\/li>\n<li>hematyt \u2013 2,5 mm, 3\u00d72 mm, 2\u00d71 mm.<\/li>\n<\/ul>\n<p>D\u0142ugo\u015b\u0107 bransoletki\u2013 17,3 &#8211; 20 cm.<\/p>\n<p>Wszystkie elementy metalowe wykonane s\u0105 z nieuczulaj\u0105cej stali szlachetnej.<\/p>\n","protected":false},"excerpt":{"rendered":"<p>Bransoletka z per\u0142ami przeplatanymi niebieskimi kamieniami: g\u0142adkim, owalnym oraz fasetowanym okr\u0105g\u0142ym kianitem, szafirem i czarn\u0105 per\u0142\u0105 oraz z\u0142otymi hematytami w r\u00f3\u017cnych kszta\u0142tach.<\/p>\n","protected":false},"featured_media":4586,"comment_status":"open","ping_status":"closed","template":"","meta":{"advanced_seo_description":"","jetpack_seo_html_title":"","jetpack_seo_noindex":false},"product_brand":[],"product_cat":[229],"product_tag":[80,1688,323,57,25,31],"class_list":{"0":"post-4595","1":"product","2":"type-product","3":"status-publish","4":"has-post-thumbnail","6":"product_cat-sprzedane","7":"product_tag-bransoletka-z-kamieniami-naturalnymi","8":"product_tag-bransoletka-z-perlami-i-niebieskimi-kamieniami","9":"product_tag-kianit","10":"product_tag-perla","11":"product_tag-szafir","12":"product_tag-zloty-hematyt","14":"first","15":"outofstock","16":"shipping-taxable","17":"purchasable","18":"product-type-simple"},"jetpack_sharing_enabled":true,"_links":{"self":[{"href":"https:\/\/koraledetale.pl\/index.php?rest_route=\/wp\/v2\/product\/4595","targetHints":{"allow":["GET"]}}],"collection":[{"href":"https:\/\/koraledetale.pl\/index.php?rest_route=\/wp\/v2\/product"}],"about":[{"href":"https:\/\/koraledetale.pl\/index.php?rest_route=\/wp\/v2\/types\/product"}],"replies":[{"embeddable":true,"href":"https:\/\/koraledetale.pl\/index.php?rest_route=%2Fwp%2Fv2%2Fcomments&post=4595"}],"wp:featuredmedia":[{"embeddable":true,"href":"https:\/\/koraledetale.pl\/index.php?rest_route=\/wp\/v2\/media\/4586"}],"wp:attachment":[{"href":"https:\/\/koraledetale.pl\/index.php?rest_route=%2Fwp%2Fv2%2Fmedia&parent=4595"}],"wp:term":[{"taxonomy":"product_brand","embeddable":true,"href":"https:\/\/koraledetale.pl\/index.php?rest_route=%2Fwp%2Fv2%2Fproduct_brand&post=4595"},{"taxonomy":"product_cat","embeddable":true,"href":"https:\/\/koraledetale.pl\/index.php?rest_route=%2Fwp%2Fv2%2Fproduct_cat&post=4595"},{"taxonomy":"product_tag","embeddable":true,"href":"https:\/\/koraledetale.pl\/index.php?rest_route=%2Fwp%2Fv2%2Fproduct_tag&post=4595"}],"curies":[{"name":"wp","href":"https:\/\/api.w.org\/{rel}","templated":true}]}}