{"id":4573,"date":"2023-09-20T08:55:17","date_gmt":"2023-09-20T08:55:17","guid":{"rendered":"https:\/\/koraledetale.pl\/?post_type=product&#038;p=4573"},"modified":"2026-04-23T15:23:13","modified_gmt":"2026-04-23T15:23:13","slug":"naszyjnik-kalamarnica-ii-z-kianitem","status":"publish","type":"product","link":"https:\/\/koraledetale.pl\/?product=naszyjnik-kalamarnica-ii-z-kianitem","title":{"rendered":"Naszyjnik KA\u0141AMARNICA II z kianitem"},"content":{"rendered":"<p>Wielko\u015b\u0107 kianitu &#8211; 11x11x3,5 mm.<\/p>\n<p>D\u0142ugo\u015b\u0107 naszyjnika: 40 &#8211; 45,5 cm + zawieszka 3 cm. cm.<\/p>\n<p>Wszystkie elementy metalowe wykonane s\u0105 z nieuczulaj\u0105cej stali szlachetnej.<\/p>\n","protected":false},"excerpt":{"rendered":"<p>\u0141a\u0144cuszek o du\u017cych oczkach, z zawieszk\u0105 &#8211; \u0142ezk\u0105 kianitu, zawieszon\u0105 na grubym k\u00f3\u0142ku.<\/p>\n","protected":false},"featured_media":4578,"comment_status":"open","ping_status":"closed","template":"","meta":{"advanced_seo_description":"","jetpack_seo_html_title":"","jetpack_seo_noindex":false},"product_brand":[],"product_cat":[229],"product_tag":[323,1682,1684,1685,1683],"class_list":{"0":"post-4573","1":"product","2":"type-product","3":"status-publish","4":"has-post-thumbnail","6":"product_cat-sprzedane","7":"product_tag-kianit","8":"product_tag-naszyjnik-z-lezka-kianitu","9":"product_tag-lancuszek-z-kamieniam-naturalnym","10":"product_tag-lancuszek-z-niebieskim-kamieniem","11":"product_tag-lancuszek-z-lezka-kianitu","13":"first","14":"outofstock","15":"shipping-taxable","16":"purchasable","17":"product-type-simple"},"jetpack_sharing_enabled":true,"_links":{"self":[{"href":"https:\/\/koraledetale.pl\/index.php?rest_route=\/wp\/v2\/product\/4573","targetHints":{"allow":["GET"]}}],"collection":[{"href":"https:\/\/koraledetale.pl\/index.php?rest_route=\/wp\/v2\/product"}],"about":[{"href":"https:\/\/koraledetale.pl\/index.php?rest_route=\/wp\/v2\/types\/product"}],"replies":[{"embeddable":true,"href":"https:\/\/koraledetale.pl\/index.php?rest_route=%2Fwp%2Fv2%2Fcomments&post=4573"}],"wp:featuredmedia":[{"embeddable":true,"href":"https:\/\/koraledetale.pl\/index.php?rest_route=\/wp\/v2\/media\/4578"}],"wp:attachment":[{"href":"https:\/\/koraledetale.pl\/index.php?rest_route=%2Fwp%2Fv2%2Fmedia&parent=4573"}],"wp:term":[{"taxonomy":"product_brand","embeddable":true,"href":"https:\/\/koraledetale.pl\/index.php?rest_route=%2Fwp%2Fv2%2Fproduct_brand&post=4573"},{"taxonomy":"product_cat","embeddable":true,"href":"https:\/\/koraledetale.pl\/index.php?rest_route=%2Fwp%2Fv2%2Fproduct_cat&post=4573"},{"taxonomy":"product_tag","embeddable":true,"href":"https:\/\/koraledetale.pl\/index.php?rest_route=%2Fwp%2Fv2%2Fproduct_tag&post=4573"}],"curies":[{"name":"wp","href":"https:\/\/api.w.org\/{rel}","templated":true}]}}